{"id":6323,"date":"2021-06-16T22:21:39","date_gmt":"2021-06-16T22:21:39","guid":{"rendered":"https:\/\/antiqua.mx\/?post_type=product&#038;p=6323"},"modified":"2025-12-22T22:47:22","modified_gmt":"2025-12-22T22:47:22","slug":"lastra-de-suarez-yolanda-las-areas-dialectales-del-nahuatl-moderno","status":"publish","type":"product","link":"https:\/\/antiqua.mx\/en\/product\/lastra-de-suarez-yolanda-las-areas-dialectales-del-nahuatl-moderno\/","title":{"rendered":"LASTRA DE SU\u00c1REZ YOLANDA. LAS \u00c1REAS DIALECTALES DEL N\u00c1HUATL MODERNO"},"content":{"rendered":"<p><strong>Lastra de Su\u00e1rez Yolanda<\/strong><\/p>\n<p>Editorial: Universidad Nacional Aut\u00f3noma de M\u00e9xico<\/p>\n<p>Primera edici\u00f3n<\/p>\n<p>A\u00f1o 1986<\/p>\n<p>R\u00fastico, en buenas condiciones. El empastado est\u00e1 ligeramente maltratado.<\/p>\n<p><strong>Instituto de Investigaciones Antropol\u00f3gicas. Ling\u00fc\u00edstica. Serie Antropol\u00f3gica 62.<\/strong><\/p>\n<p>Tiraje de 2000 ejemplares.<\/p>\n<p>Impreso en M\u00e9xico.<\/p>\n<p>766 p\u00e1ginas<\/p>","protected":false},"excerpt":{"rendered":"<ul>\n<li>Editorial: Universidad Nacional Aut\u00f3noma de M\u00e9xico<\/li>\n<li>Primera edici\u00f3n<\/li>\n<li>A\u00f1o 1986<\/li>\n<li>R\u00fastico, en buenas condiciones. El empastado est\u00e1 ligeramente maltratado.<\/li>\n<li><strong>Instituto de Investigaciones Antropol\u00f3gicas. Ling\u00fc\u00edstica. Serie Antropol\u00f3gica 62.<\/strong><\/li>\n<li>Tiraje de 2000 ejemplares.<\/li>\n<li>Impreso en M\u00e9xico.<\/li>\n<li>766 p\u00e1ginas<\/li>\n<\/ul>","protected":false},"featured_media":6340,"comment_status":"open","ping_status":"closed","template":"","meta":{"_joinchat":[]},"product_brand":[],"product_cat":[569,454,397,375,451],"product_tag":[519,1755],"class_list":{"0":"post-6323","1":"product","2":"type-product","3":"status-publish","6":"product_cat-azt-may-nah-olm","7":"product_cat-diccionarios","8":"product_cat-lengindi","9":"product_cat-mex","10":"product_cat-otros","11":"product_tag-nahuatl","12":"product_tag-yolanda-lastra-de-suarez","14":"first","15":"instock","16":"featured","17":"sold-individually","18":"taxable","19":"shipping-taxable","20":"purchasable","21":"product-type-simple"},"yoast_head":"<!-- This site is optimized with the Yoast SEO plugin v26.1.1 - https:\/\/yoast.com\/wordpress\/plugins\/seo\/ -->\n<title>LASTRA DE SU\u00c1REZ YOLANDA. LAS \u00c1REAS DIALECTALES DEL N\u00c1HUATL MODERNO -<\/title>\n<meta name=\"robots\" content=\"index, follow, max-snippet:-1, max-image-preview:large, max-video-preview:-1\" \/>\n<link rel=\"canonical\" href=\"https:\/\/antiqua.mx\/en\/product\/lastra-de-suarez-yolanda-las-areas-dialectales-del-nahuatl-moderno\/\" \/>\n<meta property=\"og:locale\" content=\"en_US\" \/>\n<meta property=\"og:type\" content=\"article\" \/>\n<meta property=\"og:title\" content=\"LASTRA DE SU\u00c1REZ YOLANDA. LAS \u00c1REAS DIALECTALES DEL N\u00c1HUATL MODERNO -\" \/>\n<meta property=\"og:description\" content=\"Editorial: Universidad Nacional Aut\u00f3noma de M\u00e9xico  Primera edici\u00f3n  A\u00f1o 1986  R\u00fastico, en buenas condiciones. El empastado est\u00e1 ligeramente maltratado.  Instituto de Investigaciones Antropol\u00f3gicas. Ling\u00fc\u00edstica. Serie Antropol\u00f3gica 62.  Tiraje de 2000 ejemplares.  Impreso en M\u00e9xico.  766 p\u00e1ginas\" \/>\n<meta property=\"og:url\" content=\"https:\/\/antiqua.mx\/en\/product\/lastra-de-suarez-yolanda-las-areas-dialectales-del-nahuatl-moderno\/\" \/>\n<meta property=\"article:modified_time\" content=\"2025-12-22T22:47:22+00:00\" \/>\n<meta property=\"og:image\" content=\"https:\/\/antiqua.mx\/wp-content\/uploads\/2021\/06\/E3617F63-8478-47B4-BD1A-C3B05AD7D431-scaled.jpeg\" \/>\n\t<meta property=\"og:image:width\" content=\"1920\" \/>\n\t<meta property=\"og:image:height\" content=\"2560\" \/>\n\t<meta property=\"og:image:type\" content=\"image\/jpeg\" \/>\n<meta name=\"twitter:card\" content=\"summary_large_image\" \/>\n<meta name=\"twitter:label1\" content=\"Est. reading time\" \/>\n\t<meta name=\"twitter:data1\" content=\"1 minute\" \/>\n<script type=\"application\/ld+json\" class=\"yoast-schema-graph\">{\"@context\":\"https:\/\/schema.org\",\"@graph\":[{\"@type\":\"WebPage\",\"@id\":\"https:\/\/antiqua.mx\/producto\/lastra-de-suarez-yolanda-las-areas-dialectales-del-nahuatl-moderno\/\",\"url\":\"https:\/\/antiqua.mx\/producto\/lastra-de-suarez-yolanda-las-areas-dialectales-del-nahuatl-moderno\/\",\"name\":\"LASTRA DE SU\u00c1REZ YOLANDA. LAS \u00c1REAS DIALECTALES DEL N\u00c1HUATL MODERNO -\",\"isPartOf\":{\"@id\":\"https:\/\/antiqua.mx\/en\/#website\"},\"primaryImageOfPage\":{\"@id\":\"https:\/\/antiqua.mx\/producto\/lastra-de-suarez-yolanda-las-areas-dialectales-del-nahuatl-moderno\/#primaryimage\"},\"image\":{\"@id\":\"https:\/\/antiqua.mx\/producto\/lastra-de-suarez-yolanda-las-areas-dialectales-del-nahuatl-moderno\/#primaryimage\"},\"thumbnailUrl\":\"https:\/\/antiqua.mx\/wp-content\/uploads\/2021\/06\/E3617F63-8478-47B4-BD1A-C3B05AD7D431-scaled.jpeg\",\"datePublished\":\"2021-06-16T22:21:39+00:00\",\"dateModified\":\"2025-12-22T22:47:22+00:00\",\"breadcrumb\":{\"@id\":\"https:\/\/antiqua.mx\/producto\/lastra-de-suarez-yolanda-las-areas-dialectales-del-nahuatl-moderno\/#breadcrumb\"},\"inLanguage\":\"en-US\",\"potentialAction\":[{\"@type\":\"ReadAction\",\"target\":[\"https:\/\/antiqua.mx\/producto\/lastra-de-suarez-yolanda-las-areas-dialectales-del-nahuatl-moderno\/\"]}]},{\"@type\":\"ImageObject\",\"inLanguage\":\"en-US\",\"@id\":\"https:\/\/antiqua.mx\/producto\/lastra-de-suarez-yolanda-las-areas-dialectales-del-nahuatl-moderno\/#primaryimage\",\"url\":\"https:\/\/antiqua.mx\/wp-content\/uploads\/2021\/06\/E3617F63-8478-47B4-BD1A-C3B05AD7D431-scaled.jpeg\",\"contentUrl\":\"https:\/\/antiqua.mx\/wp-content\/uploads\/2021\/06\/E3617F63-8478-47B4-BD1A-C3B05AD7D431-scaled.jpeg\",\"width\":1920,\"height\":2560},{\"@type\":\"BreadcrumbList\",\"@id\":\"https:\/\/antiqua.mx\/producto\/lastra-de-suarez-yolanda-las-areas-dialectales-del-nahuatl-moderno\/#breadcrumb\",\"itemListElement\":[{\"@type\":\"ListItem\",\"position\":1,\"name\":\"Portada\",\"item\":\"https:\/\/antiqua.mx\/en\/\"},{\"@type\":\"ListItem\",\"position\":2,\"name\":\"Tienda\",\"item\":\"https:\/\/antiqua.mx\/tienda\/\"},{\"@type\":\"ListItem\",\"position\":3,\"name\":\"LASTRA DE SU\u00c1REZ YOLANDA. LAS \u00c1REAS DIALECTALES DEL N\u00c1HUATL MODERNO\"}]},{\"@type\":\"WebSite\",\"@id\":\"https:\/\/antiqua.mx\/en\/#website\",\"url\":\"https:\/\/antiqua.mx\/en\/\",\"name\":\"\",\"description\":\"\",\"potentialAction\":[{\"@type\":\"SearchAction\",\"target\":{\"@type\":\"EntryPoint\",\"urlTemplate\":\"https:\/\/antiqua.mx\/en\/?s={search_term_string}\"},\"query-input\":{\"@type\":\"PropertyValueSpecification\",\"valueRequired\":true,\"valueName\":\"search_term_string\"}}],\"inLanguage\":\"en-US\"}]}<\/script>\n<!-- \/ Yoast SEO plugin. -->","yoast_head_json":{"title":"LASTRA DE SU\u00c1REZ YOLANDA. LAS \u00c1REAS DIALECTALES DEL N\u00c1HUATL MODERNO -","robots":{"index":"index","follow":"follow","max-snippet":"max-snippet:-1","max-image-preview":"max-image-preview:large","max-video-preview":"max-video-preview:-1"},"canonical":"https:\/\/antiqua.mx\/en\/product\/lastra-de-suarez-yolanda-las-areas-dialectales-del-nahuatl-moderno\/","og_locale":"en_US","og_type":"article","og_title":"LASTRA DE SU\u00c1REZ YOLANDA. LAS \u00c1REAS DIALECTALES DEL N\u00c1HUATL MODERNO -","og_description":"Editorial: Universidad Nacional Aut\u00f3noma de M\u00e9xico  Primera edici\u00f3n  A\u00f1o 1986  R\u00fastico, en buenas condiciones. El empastado est\u00e1 ligeramente maltratado.  Instituto de Investigaciones Antropol\u00f3gicas. Ling\u00fc\u00edstica. Serie Antropol\u00f3gica 62.  Tiraje de 2000 ejemplares.  Impreso en M\u00e9xico.  766 p\u00e1ginas","og_url":"https:\/\/antiqua.mx\/en\/product\/lastra-de-suarez-yolanda-las-areas-dialectales-del-nahuatl-moderno\/","article_modified_time":"2025-12-22T22:47:22+00:00","og_image":[{"width":1920,"height":2560,"url":"https:\/\/antiqua.mx\/wp-content\/uploads\/2021\/06\/E3617F63-8478-47B4-BD1A-C3B05AD7D431-scaled.jpeg","type":"image\/jpeg"}],"twitter_card":"summary_large_image","twitter_misc":{"Est. reading time":"1 minute"},"schema":{"@context":"https:\/\/schema.org","@graph":[{"@type":"WebPage","@id":"https:\/\/antiqua.mx\/producto\/lastra-de-suarez-yolanda-las-areas-dialectales-del-nahuatl-moderno\/","url":"https:\/\/antiqua.mx\/producto\/lastra-de-suarez-yolanda-las-areas-dialectales-del-nahuatl-moderno\/","name":"LASTRA DE SU\u00c1REZ YOLANDA. LAS \u00c1REAS DIALECTALES DEL N\u00c1HUATL MODERNO -","isPartOf":{"@id":"https:\/\/antiqua.mx\/en\/#website"},"primaryImageOfPage":{"@id":"https:\/\/antiqua.mx\/producto\/lastra-de-suarez-yolanda-las-areas-dialectales-del-nahuatl-moderno\/#primaryimage"},"image":{"@id":"https:\/\/antiqua.mx\/producto\/lastra-de-suarez-yolanda-las-areas-dialectales-del-nahuatl-moderno\/#primaryimage"},"thumbnailUrl":"https:\/\/antiqua.mx\/wp-content\/uploads\/2021\/06\/E3617F63-8478-47B4-BD1A-C3B05AD7D431-scaled.jpeg","datePublished":"2021-06-16T22:21:39+00:00","dateModified":"2025-12-22T22:47:22+00:00","breadcrumb":{"@id":"https:\/\/antiqua.mx\/producto\/lastra-de-suarez-yolanda-las-areas-dialectales-del-nahuatl-moderno\/#breadcrumb"},"inLanguage":"en-US","potentialAction":[{"@type":"ReadAction","target":["https:\/\/antiqua.mx\/producto\/lastra-de-suarez-yolanda-las-areas-dialectales-del-nahuatl-moderno\/"]}]},{"@type":"ImageObject","inLanguage":"en-US","@id":"https:\/\/antiqua.mx\/producto\/lastra-de-suarez-yolanda-las-areas-dialectales-del-nahuatl-moderno\/#primaryimage","url":"https:\/\/antiqua.mx\/wp-content\/uploads\/2021\/06\/E3617F63-8478-47B4-BD1A-C3B05AD7D431-scaled.jpeg","contentUrl":"https:\/\/antiqua.mx\/wp-content\/uploads\/2021\/06\/E3617F63-8478-47B4-BD1A-C3B05AD7D431-scaled.jpeg","width":1920,"height":2560},{"@type":"BreadcrumbList","@id":"https:\/\/antiqua.mx\/producto\/lastra-de-suarez-yolanda-las-areas-dialectales-del-nahuatl-moderno\/#breadcrumb","itemListElement":[{"@type":"ListItem","position":1,"name":"Portada","item":"https:\/\/antiqua.mx\/en\/"},{"@type":"ListItem","position":2,"name":"Tienda","item":"https:\/\/antiqua.mx\/tienda\/"},{"@type":"ListItem","position":3,"name":"LASTRA DE SU\u00c1REZ YOLANDA. LAS \u00c1REAS DIALECTALES DEL N\u00c1HUATL MODERNO"}]},{"@type":"WebSite","@id":"https:\/\/antiqua.mx\/en\/#website","url":"https:\/\/antiqua.mx\/en\/","name":"","description":"","potentialAction":[{"@type":"SearchAction","target":{"@type":"EntryPoint","urlTemplate":"https:\/\/antiqua.mx\/en\/?s={search_term_string}"},"query-input":{"@type":"PropertyValueSpecification","valueRequired":true,"valueName":"search_term_string"}}],"inLanguage":"en-US"}]}},"jetpack_sharing_enabled":true,"_links":{"self":[{"href":"https:\/\/antiqua.mx\/en\/wp-json\/wp\/v2\/product\/6323","targetHints":{"allow":["GET"]}}],"collection":[{"href":"https:\/\/antiqua.mx\/en\/wp-json\/wp\/v2\/product"}],"about":[{"href":"https:\/\/antiqua.mx\/en\/wp-json\/wp\/v2\/types\/product"}],"replies":[{"embeddable":true,"href":"https:\/\/antiqua.mx\/en\/wp-json\/wp\/v2\/comments?post=6323"}],"wp:featuredmedia":[{"embeddable":true,"href":"https:\/\/antiqua.mx\/en\/wp-json\/wp\/v2\/media\/6340"}],"wp:attachment":[{"href":"https:\/\/antiqua.mx\/en\/wp-json\/wp\/v2\/media?parent=6323"}],"wp:term":[{"taxonomy":"product_brand","embeddable":true,"href":"https:\/\/antiqua.mx\/en\/wp-json\/wp\/v2\/product_brand?post=6323"},{"taxonomy":"product_cat","embeddable":true,"href":"https:\/\/antiqua.mx\/en\/wp-json\/wp\/v2\/product_cat?post=6323"},{"taxonomy":"product_tag","embeddable":true,"href":"https:\/\/antiqua.mx\/en\/wp-json\/wp\/v2\/product_tag?post=6323"}],"curies":[{"name":"wp","href":"https:\/\/api.w.org\/{rel}","templated":true}]}}