{"id":6432,"date":"2021-07-01T20:43:24","date_gmt":"2021-07-01T20:43:24","guid":{"rendered":"https:\/\/antiqua.mx\/?post_type=product&#038;p=6432"},"modified":"2026-03-11T00:29:51","modified_gmt":"2026-03-11T00:29:51","slug":"robelo-cecilio-diccionario-de-mitologia-nahuatl-con-190-figuras-geroglificas-de-codices","status":"publish","type":"product","link":"https:\/\/antiqua.mx\/en\/product\/robelo-cecilio-diccionario-de-mitologia-nahuatl-con-190-figuras-geroglificas-de-codices","title":{"rendered":"ROBELO CECILIO. DICCIONARIO DE MITOLOG\u00cdA N\u00c1HUATL CON 190 FIGURAS GEROGL\u00cdFICAS DE C\u00d3DICES"},"content":{"rendered":"<p><strong>Robelo Cecilio<\/strong><\/p>\n<p>Editorial: Ediciones Fuente Cultural<\/p>\n<p>Segunda edici\u00f3n<\/p>\n<p>A\u00f1o 1951<\/p>\n<p>Fotocopias engargoladas. En muy buenas condiciones y bien impresas.<\/p>\n<p>Es una edici\u00f3n aumentada en ilustraciones.<\/p>\n<p>487 p\u00e1ginas<\/p>","protected":false},"excerpt":{"rendered":"<ul>\n<li>Editorial: Ediciones Fuente Cultural<\/li>\n<li>Segunda edici\u00f3n<\/li>\n<li>A\u00f1o 1951<\/li>\n<li>Fotocopias engargoladas. En muy buenas condiciones y bien impresas.<\/li>\n<li>Es una edici\u00f3n aumentada en ilustraciones.<\/li>\n<li>487 p\u00e1ginas<\/li>\n<\/ul>","protected":false},"featured_media":25570,"comment_status":"open","ping_status":"closed","template":"","meta":{"_joinchat":[]},"product_brand":[],"product_cat":[569,454,397,375,451],"product_tag":[1773,519],"class_list":{"0":"post-6432","1":"product","2":"type-product","3":"status-publish","6":"product_cat-azt-may-nah-olm","7":"product_cat-diccionarios","8":"product_cat-lengindi","9":"product_cat-mex","10":"product_cat-otros","11":"product_tag-cecilio-robelo","12":"product_tag-nahuatl","14":"first","15":"instock","16":"featured","17":"taxable","18":"shipping-taxable","19":"purchasable","20":"product-type-simple"},"yoast_head":"<!-- This site is optimized with the Yoast SEO plugin v26.1.1 - https:\/\/yoast.com\/wordpress\/plugins\/seo\/ -->\n<title>ROBELO CECILIO. DICCIONARIO DE MITOLOG\u00cdA N\u00c1HUATL CON 190 FIGURAS GEROGL\u00cdFICAS DE C\u00d3DICES -<\/title>\n<meta name=\"robots\" content=\"index, follow, max-snippet:-1, max-image-preview:large, max-video-preview:-1\" \/>\n<link rel=\"canonical\" href=\"https:\/\/antiqua.mx\/en\/product\/robelo-cecilio-diccionario-de-mitologia-nahuatl-con-190-figuras-geroglificas-de-codices\/\" \/>\n<meta property=\"og:locale\" content=\"en_US\" \/>\n<meta property=\"og:type\" content=\"article\" \/>\n<meta property=\"og:title\" content=\"ROBELO CECILIO. DICCIONARIO DE MITOLOG\u00cdA N\u00c1HUATL CON 190 FIGURAS GEROGL\u00cdFICAS DE C\u00d3DICES -\" \/>\n<meta property=\"og:description\" content=\"Editorial: Ediciones Fuente Cultural  Segunda edici\u00f3n  A\u00f1o 1951  Fotocopias engargoladas. En muy buenas condiciones y bien impresas.  Es una edici\u00f3n aumentada en ilustraciones.  487 p\u00e1ginas\" \/>\n<meta property=\"og:url\" content=\"https:\/\/antiqua.mx\/en\/product\/robelo-cecilio-diccionario-de-mitologia-nahuatl-con-190-figuras-geroglificas-de-codices\/\" \/>\n<meta property=\"article:modified_time\" content=\"2026-03-11T00:29:51+00:00\" \/>\n<meta property=\"og:image\" content=\"https:\/\/antiqua.mx\/wp-content\/uploads\/2021\/07\/ROBELO-CECILIO.-DICCIONARIO-DE-MITOLOGIA-NAHUATL-CON-190-FIGURAS-GEROGLIFICAS-DE-CODICES.jpeg\" \/>\n\t<meta property=\"og:image:width\" content=\"1920\" \/>\n\t<meta property=\"og:image:height\" content=\"2560\" \/>\n\t<meta property=\"og:image:type\" content=\"image\/jpeg\" \/>\n<meta name=\"twitter:card\" content=\"summary_large_image\" \/>\n<meta name=\"twitter:label1\" content=\"Est. reading time\" \/>\n\t<meta name=\"twitter:data1\" content=\"1 minute\" \/>\n<script type=\"application\/ld+json\" class=\"yoast-schema-graph\">{\"@context\":\"https:\/\/schema.org\",\"@graph\":[{\"@type\":\"WebPage\",\"@id\":\"https:\/\/antiqua.mx\/producto\/robelo-cecilio-diccionario-de-mitologia-nahuatl-con-190-figuras-geroglificas-de-codices\",\"url\":\"https:\/\/antiqua.mx\/producto\/robelo-cecilio-diccionario-de-mitologia-nahuatl-con-190-figuras-geroglificas-de-codices\",\"name\":\"ROBELO CECILIO. DICCIONARIO DE MITOLOG\u00cdA N\u00c1HUATL CON 190 FIGURAS GEROGL\u00cdFICAS DE C\u00d3DICES -\",\"isPartOf\":{\"@id\":\"https:\/\/antiqua.mx\/en\/#website\"},\"primaryImageOfPage\":{\"@id\":\"https:\/\/antiqua.mx\/producto\/robelo-cecilio-diccionario-de-mitologia-nahuatl-con-190-figuras-geroglificas-de-codices#primaryimage\"},\"image\":{\"@id\":\"https:\/\/antiqua.mx\/producto\/robelo-cecilio-diccionario-de-mitologia-nahuatl-con-190-figuras-geroglificas-de-codices#primaryimage\"},\"thumbnailUrl\":\"https:\/\/antiqua.mx\/wp-content\/uploads\/2021\/07\/ROBELO-CECILIO.-DICCIONARIO-DE-MITOLOGIA-NAHUATL-CON-190-FIGURAS-GEROGLIFICAS-DE-CODICES.jpeg\",\"datePublished\":\"2021-07-01T20:43:24+00:00\",\"dateModified\":\"2026-03-11T00:29:51+00:00\",\"breadcrumb\":{\"@id\":\"https:\/\/antiqua.mx\/producto\/robelo-cecilio-diccionario-de-mitologia-nahuatl-con-190-figuras-geroglificas-de-codices#breadcrumb\"},\"inLanguage\":\"en-US\",\"potentialAction\":[{\"@type\":\"ReadAction\",\"target\":[\"https:\/\/antiqua.mx\/producto\/robelo-cecilio-diccionario-de-mitologia-nahuatl-con-190-figuras-geroglificas-de-codices\"]}]},{\"@type\":\"ImageObject\",\"inLanguage\":\"en-US\",\"@id\":\"https:\/\/antiqua.mx\/producto\/robelo-cecilio-diccionario-de-mitologia-nahuatl-con-190-figuras-geroglificas-de-codices#primaryimage\",\"url\":\"https:\/\/antiqua.mx\/wp-content\/uploads\/2021\/07\/ROBELO-CECILIO.-DICCIONARIO-DE-MITOLOGIA-NAHUATL-CON-190-FIGURAS-GEROGLIFICAS-DE-CODICES.jpeg\",\"contentUrl\":\"https:\/\/antiqua.mx\/wp-content\/uploads\/2021\/07\/ROBELO-CECILIO.-DICCIONARIO-DE-MITOLOGIA-NAHUATL-CON-190-FIGURAS-GEROGLIFICAS-DE-CODICES.jpeg\",\"width\":1920,\"height\":2560},{\"@type\":\"BreadcrumbList\",\"@id\":\"https:\/\/antiqua.mx\/producto\/robelo-cecilio-diccionario-de-mitologia-nahuatl-con-190-figuras-geroglificas-de-codices#breadcrumb\",\"itemListElement\":[{\"@type\":\"ListItem\",\"position\":1,\"name\":\"Portada\",\"item\":\"https:\/\/antiqua.mx\/en\/\"},{\"@type\":\"ListItem\",\"position\":2,\"name\":\"Tienda\",\"item\":\"https:\/\/antiqua.mx\/en\/tienda\"},{\"@type\":\"ListItem\",\"position\":3,\"name\":\"ROBELO CECILIO. DICCIONARIO DE MITOLOG\u00cdA N\u00c1HUATL CON 190 FIGURAS GEROGL\u00cdFICAS DE C\u00d3DICES\"}]},{\"@type\":\"WebSite\",\"@id\":\"https:\/\/antiqua.mx\/en\/#website\",\"url\":\"https:\/\/antiqua.mx\/en\/\",\"name\":\"\",\"description\":\"\",\"potentialAction\":[{\"@type\":\"SearchAction\",\"target\":{\"@type\":\"EntryPoint\",\"urlTemplate\":\"https:\/\/antiqua.mx\/en\/?s={search_term_string}\"},\"query-input\":{\"@type\":\"PropertyValueSpecification\",\"valueRequired\":true,\"valueName\":\"search_term_string\"}}],\"inLanguage\":\"en-US\"}]}<\/script>\n<!-- \/ Yoast SEO plugin. -->","yoast_head_json":{"title":"ROBELO CECILIO. DICCIONARIO DE MITOLOG\u00cdA N\u00c1HUATL CON 190 FIGURAS GEROGL\u00cdFICAS DE C\u00d3DICES -","robots":{"index":"index","follow":"follow","max-snippet":"max-snippet:-1","max-image-preview":"max-image-preview:large","max-video-preview":"max-video-preview:-1"},"canonical":"https:\/\/antiqua.mx\/en\/product\/robelo-cecilio-diccionario-de-mitologia-nahuatl-con-190-figuras-geroglificas-de-codices\/","og_locale":"en_US","og_type":"article","og_title":"ROBELO CECILIO. DICCIONARIO DE MITOLOG\u00cdA N\u00c1HUATL CON 190 FIGURAS GEROGL\u00cdFICAS DE C\u00d3DICES -","og_description":"Editorial: Ediciones Fuente Cultural  Segunda edici\u00f3n  A\u00f1o 1951  Fotocopias engargoladas. En muy buenas condiciones y bien impresas.  Es una edici\u00f3n aumentada en ilustraciones.  487 p\u00e1ginas","og_url":"https:\/\/antiqua.mx\/en\/product\/robelo-cecilio-diccionario-de-mitologia-nahuatl-con-190-figuras-geroglificas-de-codices\/","article_modified_time":"2026-03-11T00:29:51+00:00","og_image":[{"width":1920,"height":2560,"url":"https:\/\/antiqua.mx\/wp-content\/uploads\/2021\/07\/ROBELO-CECILIO.-DICCIONARIO-DE-MITOLOGIA-NAHUATL-CON-190-FIGURAS-GEROGLIFICAS-DE-CODICES.jpeg","type":"image\/jpeg"}],"twitter_card":"summary_large_image","twitter_misc":{"Est. reading time":"1 minute"},"schema":{"@context":"https:\/\/schema.org","@graph":[{"@type":"WebPage","@id":"https:\/\/antiqua.mx\/producto\/robelo-cecilio-diccionario-de-mitologia-nahuatl-con-190-figuras-geroglificas-de-codices","url":"https:\/\/antiqua.mx\/producto\/robelo-cecilio-diccionario-de-mitologia-nahuatl-con-190-figuras-geroglificas-de-codices","name":"ROBELO CECILIO. DICCIONARIO DE MITOLOG\u00cdA N\u00c1HUATL CON 190 FIGURAS GEROGL\u00cdFICAS DE C\u00d3DICES -","isPartOf":{"@id":"https:\/\/antiqua.mx\/en\/#website"},"primaryImageOfPage":{"@id":"https:\/\/antiqua.mx\/producto\/robelo-cecilio-diccionario-de-mitologia-nahuatl-con-190-figuras-geroglificas-de-codices#primaryimage"},"image":{"@id":"https:\/\/antiqua.mx\/producto\/robelo-cecilio-diccionario-de-mitologia-nahuatl-con-190-figuras-geroglificas-de-codices#primaryimage"},"thumbnailUrl":"https:\/\/antiqua.mx\/wp-content\/uploads\/2021\/07\/ROBELO-CECILIO.-DICCIONARIO-DE-MITOLOGIA-NAHUATL-CON-190-FIGURAS-GEROGLIFICAS-DE-CODICES.jpeg","datePublished":"2021-07-01T20:43:24+00:00","dateModified":"2026-03-11T00:29:51+00:00","breadcrumb":{"@id":"https:\/\/antiqua.mx\/producto\/robelo-cecilio-diccionario-de-mitologia-nahuatl-con-190-figuras-geroglificas-de-codices#breadcrumb"},"inLanguage":"en-US","potentialAction":[{"@type":"ReadAction","target":["https:\/\/antiqua.mx\/producto\/robelo-cecilio-diccionario-de-mitologia-nahuatl-con-190-figuras-geroglificas-de-codices"]}]},{"@type":"ImageObject","inLanguage":"en-US","@id":"https:\/\/antiqua.mx\/producto\/robelo-cecilio-diccionario-de-mitologia-nahuatl-con-190-figuras-geroglificas-de-codices#primaryimage","url":"https:\/\/antiqua.mx\/wp-content\/uploads\/2021\/07\/ROBELO-CECILIO.-DICCIONARIO-DE-MITOLOGIA-NAHUATL-CON-190-FIGURAS-GEROGLIFICAS-DE-CODICES.jpeg","contentUrl":"https:\/\/antiqua.mx\/wp-content\/uploads\/2021\/07\/ROBELO-CECILIO.-DICCIONARIO-DE-MITOLOGIA-NAHUATL-CON-190-FIGURAS-GEROGLIFICAS-DE-CODICES.jpeg","width":1920,"height":2560},{"@type":"BreadcrumbList","@id":"https:\/\/antiqua.mx\/producto\/robelo-cecilio-diccionario-de-mitologia-nahuatl-con-190-figuras-geroglificas-de-codices#breadcrumb","itemListElement":[{"@type":"ListItem","position":1,"name":"Portada","item":"https:\/\/antiqua.mx\/en\/"},{"@type":"ListItem","position":2,"name":"Tienda","item":"https:\/\/antiqua.mx\/en\/tienda"},{"@type":"ListItem","position":3,"name":"ROBELO CECILIO. DICCIONARIO DE MITOLOG\u00cdA N\u00c1HUATL CON 190 FIGURAS GEROGL\u00cdFICAS DE C\u00d3DICES"}]},{"@type":"WebSite","@id":"https:\/\/antiqua.mx\/en\/#website","url":"https:\/\/antiqua.mx\/en\/","name":"","description":"","potentialAction":[{"@type":"SearchAction","target":{"@type":"EntryPoint","urlTemplate":"https:\/\/antiqua.mx\/en\/?s={search_term_string}"},"query-input":{"@type":"PropertyValueSpecification","valueRequired":true,"valueName":"search_term_string"}}],"inLanguage":"en-US"}]}},"jetpack_sharing_enabled":true,"_links":{"self":[{"href":"https:\/\/antiqua.mx\/en\/wp-json\/wp\/v2\/product\/6432","targetHints":{"allow":["GET"]}}],"collection":[{"href":"https:\/\/antiqua.mx\/en\/wp-json\/wp\/v2\/product"}],"about":[{"href":"https:\/\/antiqua.mx\/en\/wp-json\/wp\/v2\/types\/product"}],"replies":[{"embeddable":true,"href":"https:\/\/antiqua.mx\/en\/wp-json\/wp\/v2\/comments?post=6432"}],"wp:featuredmedia":[{"embeddable":true,"href":"https:\/\/antiqua.mx\/en\/wp-json\/wp\/v2\/media\/25570"}],"wp:attachment":[{"href":"https:\/\/antiqua.mx\/en\/wp-json\/wp\/v2\/media?parent=6432"}],"wp:term":[{"taxonomy":"product_brand","embeddable":true,"href":"https:\/\/antiqua.mx\/en\/wp-json\/wp\/v2\/product_brand?post=6432"},{"taxonomy":"product_cat","embeddable":true,"href":"https:\/\/antiqua.mx\/en\/wp-json\/wp\/v2\/product_cat?post=6432"},{"taxonomy":"product_tag","embeddable":true,"href":"https:\/\/antiqua.mx\/en\/wp-json\/wp\/v2\/product_tag?post=6432"}],"curies":[{"name":"wp","href":"https:\/\/api.w.org\/{rel}","templated":true}]}}