{"id":6465,"date":"2021-07-08T20:20:42","date_gmt":"2021-07-08T20:20:42","guid":{"rendered":"https:\/\/antiqua.mx\/?post_type=product&#038;p=6465"},"modified":"2024-08-22T21:19:04","modified_gmt":"2024-08-22T21:19:04","slug":"lovecraft-h-p-el-color-que-cayo-del-cielo","status":"publish","type":"product","link":"https:\/\/antiqua.mx\/en\/product\/lovecraft-h-p-el-color-que-cayo-del-cielo\/","title":{"rendered":"LOVECRAFT H. P. EL COLOR QUE CAY\u00d3 DEL CIELO"},"content":{"rendered":"<p><strong>Lovecraft H. P.<\/strong><\/p>\n<p>Editorial: EDHASA<\/p>\n<p>Primera edici\u00f3n<\/p>\n<p>A\u00f1o 1988<\/p>\n<p>Empastado con camisa, en muy buenas condiciones. La camisa est\u00e1 un poquito maltratada de las orillas superiores.<\/p>\n<p>Traducci\u00f3n y pr\u00f3logo de Ricardo Gosseyn.<\/p>\n<p>Impreso en Espa\u00f1a.<\/p>\n<p>297 p\u00e1ginas<\/p>","protected":false},"excerpt":{"rendered":"<ul>\n<li>Editorial: EDHASA<\/li>\n<li>Primera edici\u00f3n<\/li>\n<li>A\u00f1o 1988<\/li>\n<li>Empastado con camisa, en muy buenas condiciones. La camisa est\u00e1 un poquito maltratada de las orillas superiores.<\/li>\n<li>Traducci\u00f3n y pr\u00f3logo de Ricardo Gosseyn.<\/li>\n<li>Impreso en Espa\u00f1a.<\/li>\n<li>297 p\u00e1ginas<\/li>\n<\/ul>","protected":false},"featured_media":6751,"comment_status":"open","ping_status":"closed","template":"","meta":{"_joinchat":[]},"product_brand":[],"product_cat":[338,335],"product_tag":[1794],"class_list":{"0":"post-6465","1":"product","2":"type-product","3":"status-publish","6":"product_cat-ciencia-ficcion","7":"product_cat-literatura","8":"product_tag-h-p-lovecraft","10":"first","11":"instock","12":"featured","13":"taxable","14":"shipping-taxable","15":"purchasable","16":"product-type-simple"},"yoast_head":"<!-- This site is optimized with the Yoast SEO plugin v26.1.1 - https:\/\/yoast.com\/wordpress\/plugins\/seo\/ -->\n<title>LOVECRAFT H. P. EL COLOR QUE CAY\u00d3 DEL CIELO -<\/title>\n<meta name=\"robots\" content=\"index, follow, max-snippet:-1, max-image-preview:large, max-video-preview:-1\" \/>\n<link rel=\"canonical\" href=\"https:\/\/antiqua.mx\/en\/product\/lovecraft-h-p-el-color-que-cayo-del-cielo\/\" \/>\n<meta property=\"og:locale\" content=\"en_US\" \/>\n<meta property=\"og:type\" content=\"article\" \/>\n<meta property=\"og:title\" content=\"LOVECRAFT H. P. EL COLOR QUE CAY\u00d3 DEL CIELO -\" \/>\n<meta property=\"og:description\" content=\"Editorial: EDHASA  Primera edici\u00f3n  A\u00f1o 1988  Empastado con camisa, en muy buenas condiciones. La camisa est\u00e1 un poquito maltratada de las orillas superiores.  Traducci\u00f3n y pr\u00f3logo de Ricardo Gosseyn.  Impreso en Espa\u00f1a.  297 p\u00e1ginas\" \/>\n<meta property=\"og:url\" content=\"https:\/\/antiqua.mx\/en\/product\/lovecraft-h-p-el-color-que-cayo-del-cielo\/\" \/>\n<meta property=\"article:modified_time\" content=\"2024-08-22T21:19:04+00:00\" \/>\n<meta property=\"og:image\" content=\"https:\/\/antiqua.mx\/wp-content\/uploads\/2021\/07\/579373C2-BA49-4D4E-A625-654EE4436FA1-scaled.jpeg\" \/>\n\t<meta property=\"og:image:width\" content=\"1974\" \/>\n\t<meta property=\"og:image:height\" content=\"2560\" \/>\n\t<meta property=\"og:image:type\" content=\"image\/jpeg\" \/>\n<meta name=\"twitter:card\" content=\"summary_large_image\" \/>\n<script type=\"application\/ld+json\" class=\"yoast-schema-graph\">{\"@context\":\"https:\/\/schema.org\",\"@graph\":[{\"@type\":\"WebPage\",\"@id\":\"https:\/\/antiqua.mx\/producto\/lovecraft-h-p-el-color-que-cayo-del-cielo\/\",\"url\":\"https:\/\/antiqua.mx\/producto\/lovecraft-h-p-el-color-que-cayo-del-cielo\/\",\"name\":\"LOVECRAFT H. P. EL COLOR QUE CAY\u00d3 DEL CIELO -\",\"isPartOf\":{\"@id\":\"https:\/\/antiqua.mx\/en\/#website\"},\"primaryImageOfPage\":{\"@id\":\"https:\/\/antiqua.mx\/producto\/lovecraft-h-p-el-color-que-cayo-del-cielo\/#primaryimage\"},\"image\":{\"@id\":\"https:\/\/antiqua.mx\/producto\/lovecraft-h-p-el-color-que-cayo-del-cielo\/#primaryimage\"},\"thumbnailUrl\":\"https:\/\/antiqua.mx\/wp-content\/uploads\/2021\/07\/579373C2-BA49-4D4E-A625-654EE4436FA1-scaled.jpeg\",\"datePublished\":\"2021-07-08T20:20:42+00:00\",\"dateModified\":\"2024-08-22T21:19:04+00:00\",\"breadcrumb\":{\"@id\":\"https:\/\/antiqua.mx\/producto\/lovecraft-h-p-el-color-que-cayo-del-cielo\/#breadcrumb\"},\"inLanguage\":\"en-US\",\"potentialAction\":[{\"@type\":\"ReadAction\",\"target\":[\"https:\/\/antiqua.mx\/producto\/lovecraft-h-p-el-color-que-cayo-del-cielo\/\"]}]},{\"@type\":\"ImageObject\",\"inLanguage\":\"en-US\",\"@id\":\"https:\/\/antiqua.mx\/producto\/lovecraft-h-p-el-color-que-cayo-del-cielo\/#primaryimage\",\"url\":\"https:\/\/antiqua.mx\/wp-content\/uploads\/2021\/07\/579373C2-BA49-4D4E-A625-654EE4436FA1-scaled.jpeg\",\"contentUrl\":\"https:\/\/antiqua.mx\/wp-content\/uploads\/2021\/07\/579373C2-BA49-4D4E-A625-654EE4436FA1-scaled.jpeg\",\"width\":1974,\"height\":2560},{\"@type\":\"BreadcrumbList\",\"@id\":\"https:\/\/antiqua.mx\/producto\/lovecraft-h-p-el-color-que-cayo-del-cielo\/#breadcrumb\",\"itemListElement\":[{\"@type\":\"ListItem\",\"position\":1,\"name\":\"Portada\",\"item\":\"https:\/\/antiqua.mx\/en\/\"},{\"@type\":\"ListItem\",\"position\":2,\"name\":\"Tienda\",\"item\":\"https:\/\/antiqua.mx\/tienda\/\"},{\"@type\":\"ListItem\",\"position\":3,\"name\":\"LOVECRAFT H. P. EL COLOR QUE CAY\u00d3 DEL CIELO\"}]},{\"@type\":\"WebSite\",\"@id\":\"https:\/\/antiqua.mx\/en\/#website\",\"url\":\"https:\/\/antiqua.mx\/en\/\",\"name\":\"\",\"description\":\"\",\"potentialAction\":[{\"@type\":\"SearchAction\",\"target\":{\"@type\":\"EntryPoint\",\"urlTemplate\":\"https:\/\/antiqua.mx\/en\/?s={search_term_string}\"},\"query-input\":{\"@type\":\"PropertyValueSpecification\",\"valueRequired\":true,\"valueName\":\"search_term_string\"}}],\"inLanguage\":\"en-US\"}]}<\/script>\n<!-- \/ Yoast SEO plugin. -->","yoast_head_json":{"title":"LOVECRAFT H. P. EL COLOR QUE CAY\u00d3 DEL CIELO -","robots":{"index":"index","follow":"follow","max-snippet":"max-snippet:-1","max-image-preview":"max-image-preview:large","max-video-preview":"max-video-preview:-1"},"canonical":"https:\/\/antiqua.mx\/en\/product\/lovecraft-h-p-el-color-que-cayo-del-cielo\/","og_locale":"en_US","og_type":"article","og_title":"LOVECRAFT H. P. EL COLOR QUE CAY\u00d3 DEL CIELO -","og_description":"Editorial: EDHASA  Primera edici\u00f3n  A\u00f1o 1988  Empastado con camisa, en muy buenas condiciones. La camisa est\u00e1 un poquito maltratada de las orillas superiores.  Traducci\u00f3n y pr\u00f3logo de Ricardo Gosseyn.  Impreso en Espa\u00f1a.  297 p\u00e1ginas","og_url":"https:\/\/antiqua.mx\/en\/product\/lovecraft-h-p-el-color-que-cayo-del-cielo\/","article_modified_time":"2024-08-22T21:19:04+00:00","og_image":[{"width":1974,"height":2560,"url":"https:\/\/antiqua.mx\/wp-content\/uploads\/2021\/07\/579373C2-BA49-4D4E-A625-654EE4436FA1-scaled.jpeg","type":"image\/jpeg"}],"twitter_card":"summary_large_image","schema":{"@context":"https:\/\/schema.org","@graph":[{"@type":"WebPage","@id":"https:\/\/antiqua.mx\/producto\/lovecraft-h-p-el-color-que-cayo-del-cielo\/","url":"https:\/\/antiqua.mx\/producto\/lovecraft-h-p-el-color-que-cayo-del-cielo\/","name":"LOVECRAFT H. P. EL COLOR QUE CAY\u00d3 DEL CIELO -","isPartOf":{"@id":"https:\/\/antiqua.mx\/en\/#website"},"primaryImageOfPage":{"@id":"https:\/\/antiqua.mx\/producto\/lovecraft-h-p-el-color-que-cayo-del-cielo\/#primaryimage"},"image":{"@id":"https:\/\/antiqua.mx\/producto\/lovecraft-h-p-el-color-que-cayo-del-cielo\/#primaryimage"},"thumbnailUrl":"https:\/\/antiqua.mx\/wp-content\/uploads\/2021\/07\/579373C2-BA49-4D4E-A625-654EE4436FA1-scaled.jpeg","datePublished":"2021-07-08T20:20:42+00:00","dateModified":"2024-08-22T21:19:04+00:00","breadcrumb":{"@id":"https:\/\/antiqua.mx\/producto\/lovecraft-h-p-el-color-que-cayo-del-cielo\/#breadcrumb"},"inLanguage":"en-US","potentialAction":[{"@type":"ReadAction","target":["https:\/\/antiqua.mx\/producto\/lovecraft-h-p-el-color-que-cayo-del-cielo\/"]}]},{"@type":"ImageObject","inLanguage":"en-US","@id":"https:\/\/antiqua.mx\/producto\/lovecraft-h-p-el-color-que-cayo-del-cielo\/#primaryimage","url":"https:\/\/antiqua.mx\/wp-content\/uploads\/2021\/07\/579373C2-BA49-4D4E-A625-654EE4436FA1-scaled.jpeg","contentUrl":"https:\/\/antiqua.mx\/wp-content\/uploads\/2021\/07\/579373C2-BA49-4D4E-A625-654EE4436FA1-scaled.jpeg","width":1974,"height":2560},{"@type":"BreadcrumbList","@id":"https:\/\/antiqua.mx\/producto\/lovecraft-h-p-el-color-que-cayo-del-cielo\/#breadcrumb","itemListElement":[{"@type":"ListItem","position":1,"name":"Portada","item":"https:\/\/antiqua.mx\/en\/"},{"@type":"ListItem","position":2,"name":"Tienda","item":"https:\/\/antiqua.mx\/tienda\/"},{"@type":"ListItem","position":3,"name":"LOVECRAFT H. P. EL COLOR QUE CAY\u00d3 DEL CIELO"}]},{"@type":"WebSite","@id":"https:\/\/antiqua.mx\/en\/#website","url":"https:\/\/antiqua.mx\/en\/","name":"","description":"","potentialAction":[{"@type":"SearchAction","target":{"@type":"EntryPoint","urlTemplate":"https:\/\/antiqua.mx\/en\/?s={search_term_string}"},"query-input":{"@type":"PropertyValueSpecification","valueRequired":true,"valueName":"search_term_string"}}],"inLanguage":"en-US"}]}},"jetpack_sharing_enabled":true,"_links":{"self":[{"href":"https:\/\/antiqua.mx\/en\/wp-json\/wp\/v2\/product\/6465","targetHints":{"allow":["GET"]}}],"collection":[{"href":"https:\/\/antiqua.mx\/en\/wp-json\/wp\/v2\/product"}],"about":[{"href":"https:\/\/antiqua.mx\/en\/wp-json\/wp\/v2\/types\/product"}],"replies":[{"embeddable":true,"href":"https:\/\/antiqua.mx\/en\/wp-json\/wp\/v2\/comments?post=6465"}],"wp:featuredmedia":[{"embeddable":true,"href":"https:\/\/antiqua.mx\/en\/wp-json\/wp\/v2\/media\/6751"}],"wp:attachment":[{"href":"https:\/\/antiqua.mx\/en\/wp-json\/wp\/v2\/media?parent=6465"}],"wp:term":[{"taxonomy":"product_brand","embeddable":true,"href":"https:\/\/antiqua.mx\/en\/wp-json\/wp\/v2\/product_brand?post=6465"},{"taxonomy":"product_cat","embeddable":true,"href":"https:\/\/antiqua.mx\/en\/wp-json\/wp\/v2\/product_cat?post=6465"},{"taxonomy":"product_tag","embeddable":true,"href":"https:\/\/antiqua.mx\/en\/wp-json\/wp\/v2\/product_tag?post=6465"}],"curies":[{"name":"wp","href":"https:\/\/api.w.org\/{rel}","templated":true}]}}