{"id":6466,"date":"2021-07-08T20:52:53","date_gmt":"2021-07-08T20:52:53","guid":{"rendered":"https:\/\/antiqua.mx\/?post_type=product&#038;p=6466"},"modified":"2026-03-28T23:48:20","modified_gmt":"2026-03-28T23:48:20","slug":"von-waberer-ogorman-alejandro-y-de-la-mora-de-von-waberer-mela-el-arte-en-la-cocina-mexicana","status":"publish","type":"product","link":"https:\/\/antiqua.mx\/en\/product\/von-waberer-ogorman-alejandro-y-de-la-mora-de-von-waberer-mela-el-arte-en-la-cocina-mexicana\/","title":{"rendered":"VON WABERER O\u00b4GORMAN ALEJANDRO Y DE LA MORA DE VON WABERER MELA. EL ARTE EN LA COCINA MEXICANA"},"content":{"rendered":"<p>A\u00f1o 1981<\/p>\n<p>R\u00fastico, en buenas condiciones.<\/p>\n<p>Pr\u00f3logo de Juan O&#8217;Gorman.<\/p>\n<p id=\"book-author\">Ilustraciones de\u00a0 Alejandro von Waberer O&#8217;Gorman.<\/p>\n<p>Impreso en M\u00e9xico.<\/p>\n<p>199 p\u00e1ginas<\/p>","protected":false},"excerpt":{"rendered":"<ul>\n<li>A\u00f1o 1981<\/li>\n<li>R\u00fastico, en buenas condiciones.<\/li>\n<li>Pr\u00f3logo de Juan O&#8217;Gorman.<\/li>\n<li id=\"book-author\">Ilustraciones de\u00a0 Alejandro von Waberer O&#8217;Gorman<\/li>\n<li>Impreso en M\u00e9xico.<\/li>\n<li>199 p\u00e1ginas<\/li>\n<\/ul>","protected":false},"featured_media":26590,"comment_status":"open","ping_status":"closed","template":"","meta":{"_joinchat":[]},"product_brand":[],"product_cat":[349,350,415,416,387,375,943,418],"product_tag":[6253,1795,6252],"class_list":{"0":"post-6466","1":"product","2":"type-product","3":"status-publish","6":"product_cat-arte","7":"product_cat-arte-mexicano","8":"product_cat-cocina","9":"product_cat-cocinamex","10":"product_cat-cultmex","11":"product_cat-mex","12":"product_cat-obra-plastica-mex","13":"product_cat-recetarios","14":"product_tag-alejandro-von-waberer-ogorman","15":"product_tag-juan-ogorman","16":"product_tag-mela-de-la-mora-de-von-waberer","18":"first","19":"instock","20":"featured","21":"taxable","22":"shipping-taxable","23":"purchasable","24":"product-type-simple"},"yoast_head":"<!-- This site is optimized with the Yoast SEO plugin v26.1.1 - https:\/\/yoast.com\/wordpress\/plugins\/seo\/ -->\n<title>VON WABERER O\u00b4GORMAN ALEJANDRO Y DE LA MORA DE VON WABERER MELA. EL ARTE EN LA COCINA MEXICANA -<\/title>\n<meta name=\"robots\" content=\"index, follow, max-snippet:-1, max-image-preview:large, max-video-preview:-1\" \/>\n<link rel=\"canonical\" href=\"https:\/\/antiqua.mx\/en\/product\/von-waberer-ogorman-alejandro-y-de-la-mora-de-von-waberer-mela-el-arte-en-la-cocina-mexicana\/\" \/>\n<meta property=\"og:locale\" content=\"en_US\" \/>\n<meta property=\"og:type\" content=\"article\" \/>\n<meta property=\"og:title\" content=\"VON WABERER O\u00b4GORMAN ALEJANDRO Y DE LA MORA DE VON WABERER MELA. EL ARTE EN LA COCINA MEXICANA -\" \/>\n<meta property=\"og:description\" content=\"A\u00f1o 1981  R\u00fastico, en buenas condiciones.  Pr\u00f3logo de Juan O&#039;Gorman.  Ilustraciones de\u00a0 Alejandro von Waberer O&#039;Gorman  Impreso en M\u00e9xico.  199 p\u00e1ginas\" \/>\n<meta property=\"og:url\" content=\"https:\/\/antiqua.mx\/en\/product\/von-waberer-ogorman-alejandro-y-de-la-mora-de-von-waberer-mela-el-arte-en-la-cocina-mexicana\/\" \/>\n<meta property=\"article:modified_time\" content=\"2026-03-28T23:48:20+00:00\" \/>\n<meta property=\"og:image\" content=\"https:\/\/antiqua.mx\/wp-content\/uploads\/2021\/07\/VON-WABERER-O\u00b4GORMAN-ALEJANDRO-Y-DE-LA-MORA-DE-VON-WABERER-MELA.-EL-ARTE-EN-LA-COCINA-MEXICANA.jpeg\" \/>\n\t<meta property=\"og:image:width\" content=\"2560\" \/>\n\t<meta property=\"og:image:height\" content=\"2064\" \/>\n\t<meta property=\"og:image:type\" content=\"image\/jpeg\" \/>\n<meta name=\"twitter:card\" content=\"summary_large_image\" \/>\n<meta name=\"twitter:label1\" content=\"Est. reading time\" \/>\n\t<meta name=\"twitter:data1\" content=\"1 minute\" \/>\n<script type=\"application\/ld+json\" class=\"yoast-schema-graph\">{\"@context\":\"https:\/\/schema.org\",\"@graph\":[{\"@type\":\"WebPage\",\"@id\":\"https:\/\/antiqua.mx\/producto\/von-waberer-ogorman-alejandro-y-de-la-mora-de-von-waberer-mela-el-arte-en-la-cocina-mexicana\/\",\"url\":\"https:\/\/antiqua.mx\/producto\/von-waberer-ogorman-alejandro-y-de-la-mora-de-von-waberer-mela-el-arte-en-la-cocina-mexicana\/\",\"name\":\"VON WABERER O\u00b4GORMAN ALEJANDRO Y DE LA MORA DE VON WABERER MELA. EL ARTE EN LA COCINA MEXICANA -\",\"isPartOf\":{\"@id\":\"https:\/\/antiqua.mx\/en\/#website\"},\"primaryImageOfPage\":{\"@id\":\"https:\/\/antiqua.mx\/producto\/von-waberer-ogorman-alejandro-y-de-la-mora-de-von-waberer-mela-el-arte-en-la-cocina-mexicana\/#primaryimage\"},\"image\":{\"@id\":\"https:\/\/antiqua.mx\/producto\/von-waberer-ogorman-alejandro-y-de-la-mora-de-von-waberer-mela-el-arte-en-la-cocina-mexicana\/#primaryimage\"},\"thumbnailUrl\":\"https:\/\/antiqua.mx\/wp-content\/uploads\/2021\/07\/VON-WABERER-O\u00b4GORMAN-ALEJANDRO-Y-DE-LA-MORA-DE-VON-WABERER-MELA.-EL-ARTE-EN-LA-COCINA-MEXICANA.jpeg\",\"datePublished\":\"2021-07-08T20:52:53+00:00\",\"dateModified\":\"2026-03-28T23:48:20+00:00\",\"breadcrumb\":{\"@id\":\"https:\/\/antiqua.mx\/producto\/von-waberer-ogorman-alejandro-y-de-la-mora-de-von-waberer-mela-el-arte-en-la-cocina-mexicana\/#breadcrumb\"},\"inLanguage\":\"en-US\",\"potentialAction\":[{\"@type\":\"ReadAction\",\"target\":[\"https:\/\/antiqua.mx\/producto\/von-waberer-ogorman-alejandro-y-de-la-mora-de-von-waberer-mela-el-arte-en-la-cocina-mexicana\/\"]}]},{\"@type\":\"ImageObject\",\"inLanguage\":\"en-US\",\"@id\":\"https:\/\/antiqua.mx\/producto\/von-waberer-ogorman-alejandro-y-de-la-mora-de-von-waberer-mela-el-arte-en-la-cocina-mexicana\/#primaryimage\",\"url\":\"https:\/\/antiqua.mx\/wp-content\/uploads\/2021\/07\/VON-WABERER-O\u00b4GORMAN-ALEJANDRO-Y-DE-LA-MORA-DE-VON-WABERER-MELA.-EL-ARTE-EN-LA-COCINA-MEXICANA.jpeg\",\"contentUrl\":\"https:\/\/antiqua.mx\/wp-content\/uploads\/2021\/07\/VON-WABERER-O\u00b4GORMAN-ALEJANDRO-Y-DE-LA-MORA-DE-VON-WABERER-MELA.-EL-ARTE-EN-LA-COCINA-MEXICANA.jpeg\",\"width\":2560,\"height\":2064},{\"@type\":\"BreadcrumbList\",\"@id\":\"https:\/\/antiqua.mx\/producto\/von-waberer-ogorman-alejandro-y-de-la-mora-de-von-waberer-mela-el-arte-en-la-cocina-mexicana\/#breadcrumb\",\"itemListElement\":[{\"@type\":\"ListItem\",\"position\":1,\"name\":\"Portada\",\"item\":\"https:\/\/antiqua.mx\/en\/\"},{\"@type\":\"ListItem\",\"position\":2,\"name\":\"Tienda\",\"item\":\"https:\/\/antiqua.mx\/tienda\/\"},{\"@type\":\"ListItem\",\"position\":3,\"name\":\"VON WABERER O\u00b4GORMAN ALEJANDRO Y DE LA MORA DE VON WABERER MELA. EL ARTE EN LA COCINA MEXICANA\"}]},{\"@type\":\"WebSite\",\"@id\":\"https:\/\/antiqua.mx\/en\/#website\",\"url\":\"https:\/\/antiqua.mx\/en\/\",\"name\":\"\",\"description\":\"\",\"potentialAction\":[{\"@type\":\"SearchAction\",\"target\":{\"@type\":\"EntryPoint\",\"urlTemplate\":\"https:\/\/antiqua.mx\/en\/?s={search_term_string}\"},\"query-input\":{\"@type\":\"PropertyValueSpecification\",\"valueRequired\":true,\"valueName\":\"search_term_string\"}}],\"inLanguage\":\"en-US\"}]}<\/script>\n<!-- \/ Yoast SEO plugin. -->","yoast_head_json":{"title":"VON WABERER O\u00b4GORMAN ALEJANDRO Y DE LA MORA DE VON WABERER MELA. EL ARTE EN LA COCINA MEXICANA -","robots":{"index":"index","follow":"follow","max-snippet":"max-snippet:-1","max-image-preview":"max-image-preview:large","max-video-preview":"max-video-preview:-1"},"canonical":"https:\/\/antiqua.mx\/en\/product\/von-waberer-ogorman-alejandro-y-de-la-mora-de-von-waberer-mela-el-arte-en-la-cocina-mexicana\/","og_locale":"en_US","og_type":"article","og_title":"VON WABERER O\u00b4GORMAN ALEJANDRO Y DE LA MORA DE VON WABERER MELA. EL ARTE EN LA COCINA MEXICANA -","og_description":"A\u00f1o 1981  R\u00fastico, en buenas condiciones.  Pr\u00f3logo de Juan O'Gorman.  Ilustraciones de\u00a0 Alejandro von Waberer O'Gorman  Impreso en M\u00e9xico.  199 p\u00e1ginas","og_url":"https:\/\/antiqua.mx\/en\/product\/von-waberer-ogorman-alejandro-y-de-la-mora-de-von-waberer-mela-el-arte-en-la-cocina-mexicana\/","article_modified_time":"2026-03-28T23:48:20+00:00","og_image":[{"width":2560,"height":2064,"url":"https:\/\/antiqua.mx\/wp-content\/uploads\/2021\/07\/VON-WABERER-O\u00b4GORMAN-ALEJANDRO-Y-DE-LA-MORA-DE-VON-WABERER-MELA.-EL-ARTE-EN-LA-COCINA-MEXICANA.jpeg","type":"image\/jpeg"}],"twitter_card":"summary_large_image","twitter_misc":{"Est. reading time":"1 minute"},"schema":{"@context":"https:\/\/schema.org","@graph":[{"@type":"WebPage","@id":"https:\/\/antiqua.mx\/producto\/von-waberer-ogorman-alejandro-y-de-la-mora-de-von-waberer-mela-el-arte-en-la-cocina-mexicana\/","url":"https:\/\/antiqua.mx\/producto\/von-waberer-ogorman-alejandro-y-de-la-mora-de-von-waberer-mela-el-arte-en-la-cocina-mexicana\/","name":"VON WABERER O\u00b4GORMAN ALEJANDRO Y DE LA MORA DE VON WABERER MELA. EL ARTE EN LA COCINA MEXICANA -","isPartOf":{"@id":"https:\/\/antiqua.mx\/en\/#website"},"primaryImageOfPage":{"@id":"https:\/\/antiqua.mx\/producto\/von-waberer-ogorman-alejandro-y-de-la-mora-de-von-waberer-mela-el-arte-en-la-cocina-mexicana\/#primaryimage"},"image":{"@id":"https:\/\/antiqua.mx\/producto\/von-waberer-ogorman-alejandro-y-de-la-mora-de-von-waberer-mela-el-arte-en-la-cocina-mexicana\/#primaryimage"},"thumbnailUrl":"https:\/\/antiqua.mx\/wp-content\/uploads\/2021\/07\/VON-WABERER-O\u00b4GORMAN-ALEJANDRO-Y-DE-LA-MORA-DE-VON-WABERER-MELA.-EL-ARTE-EN-LA-COCINA-MEXICANA.jpeg","datePublished":"2021-07-08T20:52:53+00:00","dateModified":"2026-03-28T23:48:20+00:00","breadcrumb":{"@id":"https:\/\/antiqua.mx\/producto\/von-waberer-ogorman-alejandro-y-de-la-mora-de-von-waberer-mela-el-arte-en-la-cocina-mexicana\/#breadcrumb"},"inLanguage":"en-US","potentialAction":[{"@type":"ReadAction","target":["https:\/\/antiqua.mx\/producto\/von-waberer-ogorman-alejandro-y-de-la-mora-de-von-waberer-mela-el-arte-en-la-cocina-mexicana\/"]}]},{"@type":"ImageObject","inLanguage":"en-US","@id":"https:\/\/antiqua.mx\/producto\/von-waberer-ogorman-alejandro-y-de-la-mora-de-von-waberer-mela-el-arte-en-la-cocina-mexicana\/#primaryimage","url":"https:\/\/antiqua.mx\/wp-content\/uploads\/2021\/07\/VON-WABERER-O\u00b4GORMAN-ALEJANDRO-Y-DE-LA-MORA-DE-VON-WABERER-MELA.-EL-ARTE-EN-LA-COCINA-MEXICANA.jpeg","contentUrl":"https:\/\/antiqua.mx\/wp-content\/uploads\/2021\/07\/VON-WABERER-O\u00b4GORMAN-ALEJANDRO-Y-DE-LA-MORA-DE-VON-WABERER-MELA.-EL-ARTE-EN-LA-COCINA-MEXICANA.jpeg","width":2560,"height":2064},{"@type":"BreadcrumbList","@id":"https:\/\/antiqua.mx\/producto\/von-waberer-ogorman-alejandro-y-de-la-mora-de-von-waberer-mela-el-arte-en-la-cocina-mexicana\/#breadcrumb","itemListElement":[{"@type":"ListItem","position":1,"name":"Portada","item":"https:\/\/antiqua.mx\/en\/"},{"@type":"ListItem","position":2,"name":"Tienda","item":"https:\/\/antiqua.mx\/tienda\/"},{"@type":"ListItem","position":3,"name":"VON WABERER O\u00b4GORMAN ALEJANDRO Y DE LA MORA DE VON WABERER MELA. EL ARTE EN LA COCINA MEXICANA"}]},{"@type":"WebSite","@id":"https:\/\/antiqua.mx\/en\/#website","url":"https:\/\/antiqua.mx\/en\/","name":"","description":"","potentialAction":[{"@type":"SearchAction","target":{"@type":"EntryPoint","urlTemplate":"https:\/\/antiqua.mx\/en\/?s={search_term_string}"},"query-input":{"@type":"PropertyValueSpecification","valueRequired":true,"valueName":"search_term_string"}}],"inLanguage":"en-US"}]}},"jetpack_sharing_enabled":true,"_links":{"self":[{"href":"https:\/\/antiqua.mx\/en\/wp-json\/wp\/v2\/product\/6466","targetHints":{"allow":["GET"]}}],"collection":[{"href":"https:\/\/antiqua.mx\/en\/wp-json\/wp\/v2\/product"}],"about":[{"href":"https:\/\/antiqua.mx\/en\/wp-json\/wp\/v2\/types\/product"}],"replies":[{"embeddable":true,"href":"https:\/\/antiqua.mx\/en\/wp-json\/wp\/v2\/comments?post=6466"}],"wp:featuredmedia":[{"embeddable":true,"href":"https:\/\/antiqua.mx\/en\/wp-json\/wp\/v2\/media\/26590"}],"wp:attachment":[{"href":"https:\/\/antiqua.mx\/en\/wp-json\/wp\/v2\/media?parent=6466"}],"wp:term":[{"taxonomy":"product_brand","embeddable":true,"href":"https:\/\/antiqua.mx\/en\/wp-json\/wp\/v2\/product_brand?post=6466"},{"taxonomy":"product_cat","embeddable":true,"href":"https:\/\/antiqua.mx\/en\/wp-json\/wp\/v2\/product_cat?post=6466"},{"taxonomy":"product_tag","embeddable":true,"href":"https:\/\/antiqua.mx\/en\/wp-json\/wp\/v2\/product_tag?post=6466"}],"curies":[{"name":"wp","href":"https:\/\/api.w.org\/{rel}","templated":true}]}}