{"id":6469,"date":"2021-07-08T22:09:43","date_gmt":"2021-07-08T22:09:43","guid":{"rendered":"https:\/\/antiqua.mx\/?post_type=product&#038;p=6469"},"modified":"2026-03-26T20:48:35","modified_gmt":"2026-03-26T20:48:35","slug":"peralta-chepina-chepina-en-tu-cocina","status":"publish","type":"product","link":"https:\/\/antiqua.mx\/en\/product\/peralta-chepina-chepina-en-tu-cocina\/","title":{"rendered":"PERALTA CHEPINA. CHEPINA EN TU COCINA"},"content":{"rendered":"<p><strong>Peralta Chepina<\/strong><\/p>\n<p>Editorial: LIMUSA<\/p>\n<p>Cuarta edici\u00f3n<\/p>\n<p>A\u00f1o 1994<\/p>\n<p>R\u00fastico, en buenas condiciones. El empastado est\u00e1 un poco maltratado.<\/p>\n<p>Las \u00faltimas 40 hojas presentan arrugas y manchas por causa de agua.<\/p>\n<p>305 p\u00e1ginas<\/p>","protected":false},"excerpt":{"rendered":"<ul>\n<li>Editorial: LIMUSA<\/li>\n<li>Cuarta edici\u00f3n<\/li>\n<li>A\u00f1o 1994<\/li>\n<li>R\u00fastico, en buenas condiciones. El empastado est\u00e1 un poco maltratado.<\/li>\n<li>Las \u00faltimas 40 hojas presentan arrugas y manchas por causa de agua.<\/li>\n<li>305 p\u00e1ginas<\/li>\n<\/ul>","protected":false},"featured_media":26388,"comment_status":"open","ping_status":"closed","template":"","meta":{"_joinchat":[]},"product_brand":[],"product_cat":[415,418],"product_tag":[1511,1086,1801,1510,1515,1090,1013,1089,1802],"class_list":{"0":"post-6469","1":"product","2":"type-product","3":"status-publish","6":"product_cat-cocina","7":"product_cat-recetarios","8":"product_tag-aves","9":"product_tag-carnes","10":"product_tag-chepina-peralta","11":"product_tag-ensaladas","12":"product_tag-pastas","13":"product_tag-pasteles","14":"product_tag-pescados-y-mariscos","15":"product_tag-sopas","16":"product_tag-verduras-y-legumbres","18":"first","19":"instock","20":"featured","21":"taxable","22":"shipping-taxable","23":"purchasable","24":"product-type-simple"},"yoast_head":"<!-- This site is optimized with the Yoast SEO plugin v26.1.1 - https:\/\/yoast.com\/wordpress\/plugins\/seo\/ -->\n<title>PERALTA CHEPINA. CHEPINA EN TU COCINA -<\/title>\n<meta name=\"robots\" content=\"index, follow, max-snippet:-1, max-image-preview:large, max-video-preview:-1\" \/>\n<link rel=\"canonical\" href=\"https:\/\/antiqua.mx\/en\/product\/peralta-chepina-chepina-en-tu-cocina\/\" \/>\n<meta property=\"og:locale\" content=\"en_US\" \/>\n<meta property=\"og:type\" content=\"article\" \/>\n<meta property=\"og:title\" content=\"PERALTA CHEPINA. CHEPINA EN TU COCINA -\" \/>\n<meta property=\"og:description\" content=\"Editorial: LIMUSA  Cuarta edici\u00f3n  A\u00f1o 1994  R\u00fastico, en buenas condiciones. El empastado est\u00e1 un poco maltratado.  Las \u00faltimas 40 hojas presentan arrugas y manchas por causa de agua.  305 p\u00e1ginas\" \/>\n<meta property=\"og:url\" content=\"https:\/\/antiqua.mx\/en\/product\/peralta-chepina-chepina-en-tu-cocina\/\" \/>\n<meta property=\"article:modified_time\" content=\"2026-03-26T20:48:35+00:00\" \/>\n<meta property=\"og:image\" content=\"https:\/\/antiqua.mx\/wp-content\/uploads\/2021\/07\/PERALTA-CHEPINA.-CHEPINA-EN-TU-COCINA.jpeg\" \/>\n\t<meta property=\"og:image:width\" content=\"1920\" \/>\n\t<meta property=\"og:image:height\" content=\"2560\" \/>\n\t<meta property=\"og:image:type\" content=\"image\/jpeg\" \/>\n<meta name=\"twitter:card\" content=\"summary_large_image\" \/>\n<meta name=\"twitter:label1\" content=\"Est. reading time\" \/>\n\t<meta name=\"twitter:data1\" content=\"1 minute\" \/>\n<script type=\"application\/ld+json\" class=\"yoast-schema-graph\">{\"@context\":\"https:\/\/schema.org\",\"@graph\":[{\"@type\":\"WebPage\",\"@id\":\"https:\/\/antiqua.mx\/producto\/peralta-chepina-chepina-en-tu-cocina\/\",\"url\":\"https:\/\/antiqua.mx\/producto\/peralta-chepina-chepina-en-tu-cocina\/\",\"name\":\"PERALTA CHEPINA. CHEPINA EN TU COCINA -\",\"isPartOf\":{\"@id\":\"https:\/\/antiqua.mx\/en\/#website\"},\"primaryImageOfPage\":{\"@id\":\"https:\/\/antiqua.mx\/producto\/peralta-chepina-chepina-en-tu-cocina\/#primaryimage\"},\"image\":{\"@id\":\"https:\/\/antiqua.mx\/producto\/peralta-chepina-chepina-en-tu-cocina\/#primaryimage\"},\"thumbnailUrl\":\"https:\/\/antiqua.mx\/wp-content\/uploads\/2021\/07\/PERALTA-CHEPINA.-CHEPINA-EN-TU-COCINA.jpeg\",\"datePublished\":\"2021-07-08T22:09:43+00:00\",\"dateModified\":\"2026-03-26T20:48:35+00:00\",\"breadcrumb\":{\"@id\":\"https:\/\/antiqua.mx\/producto\/peralta-chepina-chepina-en-tu-cocina\/#breadcrumb\"},\"inLanguage\":\"en-US\",\"potentialAction\":[{\"@type\":\"ReadAction\",\"target\":[\"https:\/\/antiqua.mx\/producto\/peralta-chepina-chepina-en-tu-cocina\/\"]}]},{\"@type\":\"ImageObject\",\"inLanguage\":\"en-US\",\"@id\":\"https:\/\/antiqua.mx\/producto\/peralta-chepina-chepina-en-tu-cocina\/#primaryimage\",\"url\":\"https:\/\/antiqua.mx\/wp-content\/uploads\/2021\/07\/PERALTA-CHEPINA.-CHEPINA-EN-TU-COCINA.jpeg\",\"contentUrl\":\"https:\/\/antiqua.mx\/wp-content\/uploads\/2021\/07\/PERALTA-CHEPINA.-CHEPINA-EN-TU-COCINA.jpeg\",\"width\":1920,\"height\":2560},{\"@type\":\"BreadcrumbList\",\"@id\":\"https:\/\/antiqua.mx\/producto\/peralta-chepina-chepina-en-tu-cocina\/#breadcrumb\",\"itemListElement\":[{\"@type\":\"ListItem\",\"position\":1,\"name\":\"Portada\",\"item\":\"https:\/\/antiqua.mx\/en\/\"},{\"@type\":\"ListItem\",\"position\":2,\"name\":\"Tienda\",\"item\":\"https:\/\/antiqua.mx\/tienda\/\"},{\"@type\":\"ListItem\",\"position\":3,\"name\":\"PERALTA CHEPINA. CHEPINA EN TU COCINA\"}]},{\"@type\":\"WebSite\",\"@id\":\"https:\/\/antiqua.mx\/en\/#website\",\"url\":\"https:\/\/antiqua.mx\/en\/\",\"name\":\"\",\"description\":\"\",\"potentialAction\":[{\"@type\":\"SearchAction\",\"target\":{\"@type\":\"EntryPoint\",\"urlTemplate\":\"https:\/\/antiqua.mx\/en\/?s={search_term_string}\"},\"query-input\":{\"@type\":\"PropertyValueSpecification\",\"valueRequired\":true,\"valueName\":\"search_term_string\"}}],\"inLanguage\":\"en-US\"}]}<\/script>\n<!-- \/ Yoast SEO plugin. -->","yoast_head_json":{"title":"PERALTA CHEPINA. CHEPINA EN TU COCINA -","robots":{"index":"index","follow":"follow","max-snippet":"max-snippet:-1","max-image-preview":"max-image-preview:large","max-video-preview":"max-video-preview:-1"},"canonical":"https:\/\/antiqua.mx\/en\/product\/peralta-chepina-chepina-en-tu-cocina\/","og_locale":"en_US","og_type":"article","og_title":"PERALTA CHEPINA. CHEPINA EN TU COCINA -","og_description":"Editorial: LIMUSA  Cuarta edici\u00f3n  A\u00f1o 1994  R\u00fastico, en buenas condiciones. El empastado est\u00e1 un poco maltratado.  Las \u00faltimas 40 hojas presentan arrugas y manchas por causa de agua.  305 p\u00e1ginas","og_url":"https:\/\/antiqua.mx\/en\/product\/peralta-chepina-chepina-en-tu-cocina\/","article_modified_time":"2026-03-26T20:48:35+00:00","og_image":[{"width":1920,"height":2560,"url":"https:\/\/antiqua.mx\/wp-content\/uploads\/2021\/07\/PERALTA-CHEPINA.-CHEPINA-EN-TU-COCINA.jpeg","type":"image\/jpeg"}],"twitter_card":"summary_large_image","twitter_misc":{"Est. reading time":"1 minute"},"schema":{"@context":"https:\/\/schema.org","@graph":[{"@type":"WebPage","@id":"https:\/\/antiqua.mx\/producto\/peralta-chepina-chepina-en-tu-cocina\/","url":"https:\/\/antiqua.mx\/producto\/peralta-chepina-chepina-en-tu-cocina\/","name":"PERALTA CHEPINA. CHEPINA EN TU COCINA -","isPartOf":{"@id":"https:\/\/antiqua.mx\/en\/#website"},"primaryImageOfPage":{"@id":"https:\/\/antiqua.mx\/producto\/peralta-chepina-chepina-en-tu-cocina\/#primaryimage"},"image":{"@id":"https:\/\/antiqua.mx\/producto\/peralta-chepina-chepina-en-tu-cocina\/#primaryimage"},"thumbnailUrl":"https:\/\/antiqua.mx\/wp-content\/uploads\/2021\/07\/PERALTA-CHEPINA.-CHEPINA-EN-TU-COCINA.jpeg","datePublished":"2021-07-08T22:09:43+00:00","dateModified":"2026-03-26T20:48:35+00:00","breadcrumb":{"@id":"https:\/\/antiqua.mx\/producto\/peralta-chepina-chepina-en-tu-cocina\/#breadcrumb"},"inLanguage":"en-US","potentialAction":[{"@type":"ReadAction","target":["https:\/\/antiqua.mx\/producto\/peralta-chepina-chepina-en-tu-cocina\/"]}]},{"@type":"ImageObject","inLanguage":"en-US","@id":"https:\/\/antiqua.mx\/producto\/peralta-chepina-chepina-en-tu-cocina\/#primaryimage","url":"https:\/\/antiqua.mx\/wp-content\/uploads\/2021\/07\/PERALTA-CHEPINA.-CHEPINA-EN-TU-COCINA.jpeg","contentUrl":"https:\/\/antiqua.mx\/wp-content\/uploads\/2021\/07\/PERALTA-CHEPINA.-CHEPINA-EN-TU-COCINA.jpeg","width":1920,"height":2560},{"@type":"BreadcrumbList","@id":"https:\/\/antiqua.mx\/producto\/peralta-chepina-chepina-en-tu-cocina\/#breadcrumb","itemListElement":[{"@type":"ListItem","position":1,"name":"Portada","item":"https:\/\/antiqua.mx\/en\/"},{"@type":"ListItem","position":2,"name":"Tienda","item":"https:\/\/antiqua.mx\/tienda\/"},{"@type":"ListItem","position":3,"name":"PERALTA CHEPINA. CHEPINA EN TU COCINA"}]},{"@type":"WebSite","@id":"https:\/\/antiqua.mx\/en\/#website","url":"https:\/\/antiqua.mx\/en\/","name":"","description":"","potentialAction":[{"@type":"SearchAction","target":{"@type":"EntryPoint","urlTemplate":"https:\/\/antiqua.mx\/en\/?s={search_term_string}"},"query-input":{"@type":"PropertyValueSpecification","valueRequired":true,"valueName":"search_term_string"}}],"inLanguage":"en-US"}]}},"jetpack_sharing_enabled":true,"_links":{"self":[{"href":"https:\/\/antiqua.mx\/en\/wp-json\/wp\/v2\/product\/6469","targetHints":{"allow":["GET"]}}],"collection":[{"href":"https:\/\/antiqua.mx\/en\/wp-json\/wp\/v2\/product"}],"about":[{"href":"https:\/\/antiqua.mx\/en\/wp-json\/wp\/v2\/types\/product"}],"replies":[{"embeddable":true,"href":"https:\/\/antiqua.mx\/en\/wp-json\/wp\/v2\/comments?post=6469"}],"wp:featuredmedia":[{"embeddable":true,"href":"https:\/\/antiqua.mx\/en\/wp-json\/wp\/v2\/media\/26388"}],"wp:attachment":[{"href":"https:\/\/antiqua.mx\/en\/wp-json\/wp\/v2\/media?parent=6469"}],"wp:term":[{"taxonomy":"product_brand","embeddable":true,"href":"https:\/\/antiqua.mx\/en\/wp-json\/wp\/v2\/product_brand?post=6469"},{"taxonomy":"product_cat","embeddable":true,"href":"https:\/\/antiqua.mx\/en\/wp-json\/wp\/v2\/product_cat?post=6469"},{"taxonomy":"product_tag","embeddable":true,"href":"https:\/\/antiqua.mx\/en\/wp-json\/wp\/v2\/product_tag?post=6469"}],"curies":[{"name":"wp","href":"https:\/\/api.w.org\/{rel}","templated":true}]}}