{"id":6852,"date":"2021-07-22T21:06:19","date_gmt":"2021-07-22T21:06:19","guid":{"rendered":"https:\/\/antiqua.mx\/?post_type=product&#038;p=6852"},"modified":"2026-03-26T23:50:35","modified_gmt":"2026-03-26T23:50:35","slug":"recetario-guanajuatense-del-xoconostle","status":"publish","type":"product","link":"https:\/\/antiqua.mx\/en\/product\/recetario-guanajuatense-del-xoconostle\/","title":{"rendered":"RECETARIO GUANAJUATENSE DEL XOCONOSTLE"},"content":{"rendered":"<p><strong>Angelina Almanza Rodr\u00edguez\u00a0<\/strong><\/p>\n<p>Editorial: CONACULTA<\/p>\n<p>Primera edici\u00f3n en Cocina Ind\u00edgena y Popular<\/p>\n<p>A\u00f1o 1999<\/p>\n<p>R\u00fastico, en muy buenas condiciones.<\/p>\n<p>Impreso en M\u00e9xico.<\/p>\n<p>87 p\u00e1ginas<\/p>","protected":false},"excerpt":{"rendered":"<p>&nbsp;<\/p>\n<ul>\n<li>Editorial: CONACULTA<\/li>\n<li>Primera edici\u00f3n en Cocina Ind\u00edgena y Popular<\/li>\n<li>A\u00f1o 1999<\/li>\n<li>R\u00fastico, en muy buenas condiciones.<\/li>\n<li>Impreso en M\u00e9xico.<\/li>\n<li>87 p\u00e1ginas<\/li>\n<\/ul>","protected":false},"featured_media":26450,"comment_status":"open","ping_status":"closed","template":"","meta":{"_joinchat":[]},"product_brand":[],"product_cat":[415,416,388,375,418],"product_tag":[1898,1457,1897],"class_list":{"0":"post-6852","1":"product","2":"type-product","3":"status-publish","6":"product_cat-cocina","7":"product_cat-cocinamex","8":"product_cat-geomex","9":"product_cat-mex","10":"product_cat-recetarios","11":"product_tag-angelina-almanza-rodriguez","12":"product_tag-guanajuato","13":"product_tag-xoconostle","15":"first","16":"outofstock","17":"featured","18":"taxable","19":"shipping-taxable","20":"purchasable","21":"product-type-simple"},"yoast_head":"<!-- This site is optimized with the Yoast SEO plugin v26.1.1 - https:\/\/yoast.com\/wordpress\/plugins\/seo\/ -->\n<title>RECETARIO GUANAJUATENSE DEL XOCONOSTLE -<\/title>\n<meta name=\"robots\" content=\"index, follow, max-snippet:-1, max-image-preview:large, max-video-preview:-1\" \/>\n<link rel=\"canonical\" href=\"https:\/\/antiqua.mx\/en\/product\/recetario-guanajuatense-del-xoconostle\/\" \/>\n<meta property=\"og:locale\" content=\"en_US\" \/>\n<meta property=\"og:type\" content=\"article\" \/>\n<meta property=\"og:title\" content=\"RECETARIO GUANAJUATENSE DEL XOCONOSTLE -\" \/>\n<meta property=\"og:description\" content=\"&nbsp;   Editorial: CONACULTA  Primera edici\u00f3n en Cocina Ind\u00edgena y Popular  A\u00f1o 1999  R\u00fastico, en muy buenas condiciones.  Impreso en M\u00e9xico.  87 p\u00e1ginas\" \/>\n<meta property=\"og:url\" content=\"https:\/\/antiqua.mx\/en\/product\/recetario-guanajuatense-del-xoconostle\/\" \/>\n<meta property=\"article:modified_time\" content=\"2026-03-26T23:50:35+00:00\" \/>\n<meta property=\"og:image\" content=\"https:\/\/antiqua.mx\/wp-content\/uploads\/2021\/07\/RECETARIO-GUANAJUATENSE-DEL-XOCONOSTLE.jpeg\" \/>\n\t<meta property=\"og:image:width\" content=\"1920\" \/>\n\t<meta property=\"og:image:height\" content=\"2560\" \/>\n\t<meta property=\"og:image:type\" content=\"image\/jpeg\" \/>\n<meta name=\"twitter:card\" content=\"summary_large_image\" \/>\n<meta name=\"twitter:label1\" content=\"Est. reading time\" \/>\n\t<meta name=\"twitter:data1\" content=\"1 minute\" \/>\n<script type=\"application\/ld+json\" class=\"yoast-schema-graph\">{\"@context\":\"https:\/\/schema.org\",\"@graph\":[{\"@type\":\"WebPage\",\"@id\":\"https:\/\/antiqua.mx\/en\/product\/recetario-guanajuatense-del-xoconostle\/\",\"url\":\"https:\/\/antiqua.mx\/en\/product\/recetario-guanajuatense-del-xoconostle\/\",\"name\":\"RECETARIO GUANAJUATENSE DEL XOCONOSTLE -\",\"isPartOf\":{\"@id\":\"https:\/\/antiqua.mx\/en\/#website\"},\"primaryImageOfPage\":{\"@id\":\"https:\/\/antiqua.mx\/en\/product\/recetario-guanajuatense-del-xoconostle\/#primaryimage\"},\"image\":{\"@id\":\"https:\/\/antiqua.mx\/en\/product\/recetario-guanajuatense-del-xoconostle\/#primaryimage\"},\"thumbnailUrl\":\"https:\/\/antiqua.mx\/wp-content\/uploads\/2021\/07\/RECETARIO-GUANAJUATENSE-DEL-XOCONOSTLE.jpeg\",\"datePublished\":\"2021-07-22T21:06:19+00:00\",\"dateModified\":\"2026-03-26T23:50:35+00:00\",\"breadcrumb\":{\"@id\":\"https:\/\/antiqua.mx\/en\/product\/recetario-guanajuatense-del-xoconostle\/#breadcrumb\"},\"inLanguage\":\"en-US\",\"potentialAction\":[{\"@type\":\"ReadAction\",\"target\":[\"https:\/\/antiqua.mx\/en\/product\/recetario-guanajuatense-del-xoconostle\/\"]}]},{\"@type\":\"ImageObject\",\"inLanguage\":\"en-US\",\"@id\":\"https:\/\/antiqua.mx\/en\/product\/recetario-guanajuatense-del-xoconostle\/#primaryimage\",\"url\":\"https:\/\/antiqua.mx\/wp-content\/uploads\/2021\/07\/RECETARIO-GUANAJUATENSE-DEL-XOCONOSTLE.jpeg\",\"contentUrl\":\"https:\/\/antiqua.mx\/wp-content\/uploads\/2021\/07\/RECETARIO-GUANAJUATENSE-DEL-XOCONOSTLE.jpeg\",\"width\":1920,\"height\":2560},{\"@type\":\"BreadcrumbList\",\"@id\":\"https:\/\/antiqua.mx\/en\/product\/recetario-guanajuatense-del-xoconostle\/#breadcrumb\",\"itemListElement\":[{\"@type\":\"ListItem\",\"position\":1,\"name\":\"Portada\",\"item\":\"https:\/\/antiqua.mx\/en\/\"},{\"@type\":\"ListItem\",\"position\":2,\"name\":\"Tienda\",\"item\":\"https:\/\/antiqua.mx\/tienda\/\"},{\"@type\":\"ListItem\",\"position\":3,\"name\":\"RECETARIO GUANAJUATENSE DEL XOCONOSTLE\"}]},{\"@type\":\"WebSite\",\"@id\":\"https:\/\/antiqua.mx\/en\/#website\",\"url\":\"https:\/\/antiqua.mx\/en\/\",\"name\":\"\",\"description\":\"\",\"potentialAction\":[{\"@type\":\"SearchAction\",\"target\":{\"@type\":\"EntryPoint\",\"urlTemplate\":\"https:\/\/antiqua.mx\/en\/?s={search_term_string}\"},\"query-input\":{\"@type\":\"PropertyValueSpecification\",\"valueRequired\":true,\"valueName\":\"search_term_string\"}}],\"inLanguage\":\"en-US\"}]}<\/script>\n<!-- \/ Yoast SEO plugin. -->","yoast_head_json":{"title":"RECETARIO GUANAJUATENSE DEL XOCONOSTLE -","robots":{"index":"index","follow":"follow","max-snippet":"max-snippet:-1","max-image-preview":"max-image-preview:large","max-video-preview":"max-video-preview:-1"},"canonical":"https:\/\/antiqua.mx\/en\/product\/recetario-guanajuatense-del-xoconostle\/","og_locale":"en_US","og_type":"article","og_title":"RECETARIO GUANAJUATENSE DEL XOCONOSTLE -","og_description":"&nbsp;   Editorial: CONACULTA  Primera edici\u00f3n en Cocina Ind\u00edgena y Popular  A\u00f1o 1999  R\u00fastico, en muy buenas condiciones.  Impreso en M\u00e9xico.  87 p\u00e1ginas","og_url":"https:\/\/antiqua.mx\/en\/product\/recetario-guanajuatense-del-xoconostle\/","article_modified_time":"2026-03-26T23:50:35+00:00","og_image":[{"width":1920,"height":2560,"url":"https:\/\/antiqua.mx\/wp-content\/uploads\/2021\/07\/RECETARIO-GUANAJUATENSE-DEL-XOCONOSTLE.jpeg","type":"image\/jpeg"}],"twitter_card":"summary_large_image","twitter_misc":{"Est. reading time":"1 minute"},"schema":{"@context":"https:\/\/schema.org","@graph":[{"@type":"WebPage","@id":"https:\/\/antiqua.mx\/en\/product\/recetario-guanajuatense-del-xoconostle\/","url":"https:\/\/antiqua.mx\/en\/product\/recetario-guanajuatense-del-xoconostle\/","name":"RECETARIO GUANAJUATENSE DEL XOCONOSTLE -","isPartOf":{"@id":"https:\/\/antiqua.mx\/en\/#website"},"primaryImageOfPage":{"@id":"https:\/\/antiqua.mx\/en\/product\/recetario-guanajuatense-del-xoconostle\/#primaryimage"},"image":{"@id":"https:\/\/antiqua.mx\/en\/product\/recetario-guanajuatense-del-xoconostle\/#primaryimage"},"thumbnailUrl":"https:\/\/antiqua.mx\/wp-content\/uploads\/2021\/07\/RECETARIO-GUANAJUATENSE-DEL-XOCONOSTLE.jpeg","datePublished":"2021-07-22T21:06:19+00:00","dateModified":"2026-03-26T23:50:35+00:00","breadcrumb":{"@id":"https:\/\/antiqua.mx\/en\/product\/recetario-guanajuatense-del-xoconostle\/#breadcrumb"},"inLanguage":"en-US","potentialAction":[{"@type":"ReadAction","target":["https:\/\/antiqua.mx\/en\/product\/recetario-guanajuatense-del-xoconostle\/"]}]},{"@type":"ImageObject","inLanguage":"en-US","@id":"https:\/\/antiqua.mx\/en\/product\/recetario-guanajuatense-del-xoconostle\/#primaryimage","url":"https:\/\/antiqua.mx\/wp-content\/uploads\/2021\/07\/RECETARIO-GUANAJUATENSE-DEL-XOCONOSTLE.jpeg","contentUrl":"https:\/\/antiqua.mx\/wp-content\/uploads\/2021\/07\/RECETARIO-GUANAJUATENSE-DEL-XOCONOSTLE.jpeg","width":1920,"height":2560},{"@type":"BreadcrumbList","@id":"https:\/\/antiqua.mx\/en\/product\/recetario-guanajuatense-del-xoconostle\/#breadcrumb","itemListElement":[{"@type":"ListItem","position":1,"name":"Portada","item":"https:\/\/antiqua.mx\/en\/"},{"@type":"ListItem","position":2,"name":"Tienda","item":"https:\/\/antiqua.mx\/tienda\/"},{"@type":"ListItem","position":3,"name":"RECETARIO GUANAJUATENSE DEL XOCONOSTLE"}]},{"@type":"WebSite","@id":"https:\/\/antiqua.mx\/en\/#website","url":"https:\/\/antiqua.mx\/en\/","name":"","description":"","potentialAction":[{"@type":"SearchAction","target":{"@type":"EntryPoint","urlTemplate":"https:\/\/antiqua.mx\/en\/?s={search_term_string}"},"query-input":{"@type":"PropertyValueSpecification","valueRequired":true,"valueName":"search_term_string"}}],"inLanguage":"en-US"}]}},"jetpack_sharing_enabled":true,"_links":{"self":[{"href":"https:\/\/antiqua.mx\/en\/wp-json\/wp\/v2\/product\/6852","targetHints":{"allow":["GET"]}}],"collection":[{"href":"https:\/\/antiqua.mx\/en\/wp-json\/wp\/v2\/product"}],"about":[{"href":"https:\/\/antiqua.mx\/en\/wp-json\/wp\/v2\/types\/product"}],"replies":[{"embeddable":true,"href":"https:\/\/antiqua.mx\/en\/wp-json\/wp\/v2\/comments?post=6852"}],"wp:featuredmedia":[{"embeddable":true,"href":"https:\/\/antiqua.mx\/en\/wp-json\/wp\/v2\/media\/26450"}],"wp:attachment":[{"href":"https:\/\/antiqua.mx\/en\/wp-json\/wp\/v2\/media?parent=6852"}],"wp:term":[{"taxonomy":"product_brand","embeddable":true,"href":"https:\/\/antiqua.mx\/en\/wp-json\/wp\/v2\/product_brand?post=6852"},{"taxonomy":"product_cat","embeddable":true,"href":"https:\/\/antiqua.mx\/en\/wp-json\/wp\/v2\/product_cat?post=6852"},{"taxonomy":"product_tag","embeddable":true,"href":"https:\/\/antiqua.mx\/en\/wp-json\/wp\/v2\/product_tag?post=6852"}],"curies":[{"name":"wp","href":"https:\/\/api.w.org\/{rel}","templated":true}]}}