{"id":6856,"date":"2021-07-22T22:44:31","date_gmt":"2021-07-22T22:44:31","guid":{"rendered":"https:\/\/antiqua.mx\/?post_type=product&#038;p=6856"},"modified":"2025-08-16T22:25:34","modified_gmt":"2025-08-16T22:25:34","slug":"siqueiros-david-alfaro-como-se-pinta-un-mural","status":"publish","type":"product","link":"https:\/\/antiqua.mx\/en\/product\/siqueiros-david-alfaro-como-se-pinta-un-mural\/","title":{"rendered":"SIQUEIROS DAVID ALFARO. COMO SE PINTA UN MURAL"},"content":{"rendered":"<p><strong>Siqueiros David Alfaro<\/strong><\/p>\n<p>Editorial: Ediciones Taller Siqueiros<\/p>\n<p>Tercera edici\u00f3n<\/p>\n<p>A\u00f1o 1979<\/p>\n<p>R\u00fastico, en buenas condiciones. El empastado est\u00e1 ligeramente maltratado.<\/p>\n<p>El ejemplar est\u00e1 ilustrado.<\/p>\n<p>Tiraje de 5000 ejemplares.<\/p>\n<p>Impreso en Cuernavaca, Morelos.<\/p>\n<p>148 p\u00e1ginas<\/p>","protected":false},"excerpt":{"rendered":"<ul>\n<li>Editorial: Ediciones Taller Siqueiros<\/li>\n<li>Tercera edici\u00f3n<\/li>\n<li>A\u00f1o 1979<\/li>\n<li>R\u00fastico, en buenas condiciones. El empastado est\u00e1 ligeramente maltratado.<\/li>\n<li>El ejemplar est\u00e1 ilustrado.<\/li>\n<li>Tiraje de 5000 ejemplares.<\/li>\n<li>Impreso en Cuernavaca, Morelos.<\/li>\n<li>148 p\u00e1ginas<\/li>\n<\/ul>","protected":false},"featured_media":6942,"comment_status":"open","ping_status":"closed","template":"","meta":{"_joinchat":[]},"product_brand":[],"product_cat":[349,350,943],"product_tag":[952,908],"class_list":{"0":"post-6856","1":"product","2":"type-product","3":"status-publish","6":"product_cat-arte","7":"product_cat-arte-mexicano","8":"product_cat-obra-plastica-mex","9":"product_tag-david-alfaro-siqueiros","10":"product_tag-muralismo-mexicano","12":"first","13":"instock","14":"featured","15":"taxable","16":"shipping-taxable","17":"purchasable","18":"product-type-simple"},"yoast_head":"<!-- This site is optimized with the Yoast SEO plugin v26.1.1 - https:\/\/yoast.com\/wordpress\/plugins\/seo\/ -->\n<title>SIQUEIROS DAVID ALFARO. COMO SE PINTA UN MURAL -<\/title>\n<meta name=\"robots\" content=\"index, follow, max-snippet:-1, max-image-preview:large, max-video-preview:-1\" \/>\n<link rel=\"canonical\" href=\"https:\/\/antiqua.mx\/en\/product\/siqueiros-david-alfaro-como-se-pinta-un-mural\/\" \/>\n<meta property=\"og:locale\" content=\"en_US\" \/>\n<meta property=\"og:type\" content=\"article\" \/>\n<meta property=\"og:title\" content=\"SIQUEIROS DAVID ALFARO. COMO SE PINTA UN MURAL -\" \/>\n<meta property=\"og:description\" content=\"Editorial: Ediciones Taller Siqueiros  Tercera edici\u00f3n  A\u00f1o 1979  R\u00fastico, en buenas condiciones. El empastado est\u00e1 ligeramente maltratado.  El ejemplar est\u00e1 ilustrado.  Tiraje de 5000 ejemplares.  Impreso en Cuernavaca, Morelos.  148 p\u00e1ginas\" \/>\n<meta property=\"og:url\" content=\"https:\/\/antiqua.mx\/en\/product\/siqueiros-david-alfaro-como-se-pinta-un-mural\/\" \/>\n<meta property=\"article:modified_time\" content=\"2025-08-16T22:25:34+00:00\" \/>\n<meta property=\"og:image\" content=\"https:\/\/antiqua.mx\/wp-content\/uploads\/2021\/07\/7CEEB586-BBB2-4CBB-B457-50A59592DE94-scaled.jpeg\" \/>\n\t<meta property=\"og:image:width\" content=\"1920\" \/>\n\t<meta property=\"og:image:height\" content=\"2560\" \/>\n\t<meta property=\"og:image:type\" content=\"image\/jpeg\" \/>\n<meta name=\"twitter:card\" content=\"summary_large_image\" \/>\n<script type=\"application\/ld+json\" class=\"yoast-schema-graph\">{\"@context\":\"https:\/\/schema.org\",\"@graph\":[{\"@type\":\"WebPage\",\"@id\":\"https:\/\/antiqua.mx\/producto\/siqueiros-david-alfaro-como-se-pinta-un-mural\/\",\"url\":\"https:\/\/antiqua.mx\/producto\/siqueiros-david-alfaro-como-se-pinta-un-mural\/\",\"name\":\"SIQUEIROS DAVID ALFARO. COMO SE PINTA UN MURAL -\",\"isPartOf\":{\"@id\":\"https:\/\/antiqua.mx\/en\/#website\"},\"primaryImageOfPage\":{\"@id\":\"https:\/\/antiqua.mx\/producto\/siqueiros-david-alfaro-como-se-pinta-un-mural\/#primaryimage\"},\"image\":{\"@id\":\"https:\/\/antiqua.mx\/producto\/siqueiros-david-alfaro-como-se-pinta-un-mural\/#primaryimage\"},\"thumbnailUrl\":\"https:\/\/antiqua.mx\/wp-content\/uploads\/2021\/07\/7CEEB586-BBB2-4CBB-B457-50A59592DE94-scaled.jpeg\",\"datePublished\":\"2021-07-22T22:44:31+00:00\",\"dateModified\":\"2025-08-16T22:25:34+00:00\",\"breadcrumb\":{\"@id\":\"https:\/\/antiqua.mx\/producto\/siqueiros-david-alfaro-como-se-pinta-un-mural\/#breadcrumb\"},\"inLanguage\":\"en-US\",\"potentialAction\":[{\"@type\":\"ReadAction\",\"target\":[\"https:\/\/antiqua.mx\/producto\/siqueiros-david-alfaro-como-se-pinta-un-mural\/\"]}]},{\"@type\":\"ImageObject\",\"inLanguage\":\"en-US\",\"@id\":\"https:\/\/antiqua.mx\/producto\/siqueiros-david-alfaro-como-se-pinta-un-mural\/#primaryimage\",\"url\":\"https:\/\/antiqua.mx\/wp-content\/uploads\/2021\/07\/7CEEB586-BBB2-4CBB-B457-50A59592DE94-scaled.jpeg\",\"contentUrl\":\"https:\/\/antiqua.mx\/wp-content\/uploads\/2021\/07\/7CEEB586-BBB2-4CBB-B457-50A59592DE94-scaled.jpeg\",\"width\":1920,\"height\":2560},{\"@type\":\"BreadcrumbList\",\"@id\":\"https:\/\/antiqua.mx\/producto\/siqueiros-david-alfaro-como-se-pinta-un-mural\/#breadcrumb\",\"itemListElement\":[{\"@type\":\"ListItem\",\"position\":1,\"name\":\"Portada\",\"item\":\"https:\/\/antiqua.mx\/en\/\"},{\"@type\":\"ListItem\",\"position\":2,\"name\":\"Tienda\",\"item\":\"https:\/\/antiqua.mx\/tienda\/\"},{\"@type\":\"ListItem\",\"position\":3,\"name\":\"SIQUEIROS DAVID ALFARO. COMO SE PINTA UN MURAL\"}]},{\"@type\":\"WebSite\",\"@id\":\"https:\/\/antiqua.mx\/en\/#website\",\"url\":\"https:\/\/antiqua.mx\/en\/\",\"name\":\"\",\"description\":\"\",\"potentialAction\":[{\"@type\":\"SearchAction\",\"target\":{\"@type\":\"EntryPoint\",\"urlTemplate\":\"https:\/\/antiqua.mx\/en\/?s={search_term_string}\"},\"query-input\":{\"@type\":\"PropertyValueSpecification\",\"valueRequired\":true,\"valueName\":\"search_term_string\"}}],\"inLanguage\":\"en-US\"}]}<\/script>\n<!-- \/ Yoast SEO plugin. -->","yoast_head_json":{"title":"SIQUEIROS DAVID ALFARO. COMO SE PINTA UN MURAL -","robots":{"index":"index","follow":"follow","max-snippet":"max-snippet:-1","max-image-preview":"max-image-preview:large","max-video-preview":"max-video-preview:-1"},"canonical":"https:\/\/antiqua.mx\/en\/product\/siqueiros-david-alfaro-como-se-pinta-un-mural\/","og_locale":"en_US","og_type":"article","og_title":"SIQUEIROS DAVID ALFARO. COMO SE PINTA UN MURAL -","og_description":"Editorial: Ediciones Taller Siqueiros  Tercera edici\u00f3n  A\u00f1o 1979  R\u00fastico, en buenas condiciones. El empastado est\u00e1 ligeramente maltratado.  El ejemplar est\u00e1 ilustrado.  Tiraje de 5000 ejemplares.  Impreso en Cuernavaca, Morelos.  148 p\u00e1ginas","og_url":"https:\/\/antiqua.mx\/en\/product\/siqueiros-david-alfaro-como-se-pinta-un-mural\/","article_modified_time":"2025-08-16T22:25:34+00:00","og_image":[{"width":1920,"height":2560,"url":"https:\/\/antiqua.mx\/wp-content\/uploads\/2021\/07\/7CEEB586-BBB2-4CBB-B457-50A59592DE94-scaled.jpeg","type":"image\/jpeg"}],"twitter_card":"summary_large_image","schema":{"@context":"https:\/\/schema.org","@graph":[{"@type":"WebPage","@id":"https:\/\/antiqua.mx\/producto\/siqueiros-david-alfaro-como-se-pinta-un-mural\/","url":"https:\/\/antiqua.mx\/producto\/siqueiros-david-alfaro-como-se-pinta-un-mural\/","name":"SIQUEIROS DAVID ALFARO. COMO SE PINTA UN MURAL -","isPartOf":{"@id":"https:\/\/antiqua.mx\/en\/#website"},"primaryImageOfPage":{"@id":"https:\/\/antiqua.mx\/producto\/siqueiros-david-alfaro-como-se-pinta-un-mural\/#primaryimage"},"image":{"@id":"https:\/\/antiqua.mx\/producto\/siqueiros-david-alfaro-como-se-pinta-un-mural\/#primaryimage"},"thumbnailUrl":"https:\/\/antiqua.mx\/wp-content\/uploads\/2021\/07\/7CEEB586-BBB2-4CBB-B457-50A59592DE94-scaled.jpeg","datePublished":"2021-07-22T22:44:31+00:00","dateModified":"2025-08-16T22:25:34+00:00","breadcrumb":{"@id":"https:\/\/antiqua.mx\/producto\/siqueiros-david-alfaro-como-se-pinta-un-mural\/#breadcrumb"},"inLanguage":"en-US","potentialAction":[{"@type":"ReadAction","target":["https:\/\/antiqua.mx\/producto\/siqueiros-david-alfaro-como-se-pinta-un-mural\/"]}]},{"@type":"ImageObject","inLanguage":"en-US","@id":"https:\/\/antiqua.mx\/producto\/siqueiros-david-alfaro-como-se-pinta-un-mural\/#primaryimage","url":"https:\/\/antiqua.mx\/wp-content\/uploads\/2021\/07\/7CEEB586-BBB2-4CBB-B457-50A59592DE94-scaled.jpeg","contentUrl":"https:\/\/antiqua.mx\/wp-content\/uploads\/2021\/07\/7CEEB586-BBB2-4CBB-B457-50A59592DE94-scaled.jpeg","width":1920,"height":2560},{"@type":"BreadcrumbList","@id":"https:\/\/antiqua.mx\/producto\/siqueiros-david-alfaro-como-se-pinta-un-mural\/#breadcrumb","itemListElement":[{"@type":"ListItem","position":1,"name":"Portada","item":"https:\/\/antiqua.mx\/en\/"},{"@type":"ListItem","position":2,"name":"Tienda","item":"https:\/\/antiqua.mx\/tienda\/"},{"@type":"ListItem","position":3,"name":"SIQUEIROS DAVID ALFARO. COMO SE PINTA UN MURAL"}]},{"@type":"WebSite","@id":"https:\/\/antiqua.mx\/en\/#website","url":"https:\/\/antiqua.mx\/en\/","name":"","description":"","potentialAction":[{"@type":"SearchAction","target":{"@type":"EntryPoint","urlTemplate":"https:\/\/antiqua.mx\/en\/?s={search_term_string}"},"query-input":{"@type":"PropertyValueSpecification","valueRequired":true,"valueName":"search_term_string"}}],"inLanguage":"en-US"}]}},"jetpack_sharing_enabled":true,"_links":{"self":[{"href":"https:\/\/antiqua.mx\/en\/wp-json\/wp\/v2\/product\/6856","targetHints":{"allow":["GET"]}}],"collection":[{"href":"https:\/\/antiqua.mx\/en\/wp-json\/wp\/v2\/product"}],"about":[{"href":"https:\/\/antiqua.mx\/en\/wp-json\/wp\/v2\/types\/product"}],"replies":[{"embeddable":true,"href":"https:\/\/antiqua.mx\/en\/wp-json\/wp\/v2\/comments?post=6856"}],"wp:featuredmedia":[{"embeddable":true,"href":"https:\/\/antiqua.mx\/en\/wp-json\/wp\/v2\/media\/6942"}],"wp:attachment":[{"href":"https:\/\/antiqua.mx\/en\/wp-json\/wp\/v2\/media?parent=6856"}],"wp:term":[{"taxonomy":"product_brand","embeddable":true,"href":"https:\/\/antiqua.mx\/en\/wp-json\/wp\/v2\/product_brand?post=6856"},{"taxonomy":"product_cat","embeddable":true,"href":"https:\/\/antiqua.mx\/en\/wp-json\/wp\/v2\/product_cat?post=6856"},{"taxonomy":"product_tag","embeddable":true,"href":"https:\/\/antiqua.mx\/en\/wp-json\/wp\/v2\/product_tag?post=6856"}],"curies":[{"name":"wp","href":"https:\/\/api.w.org\/{rel}","templated":true}]}}