{"id":7227,"date":"2021-08-04T22:20:42","date_gmt":"2021-08-04T22:20:42","guid":{"rendered":"https:\/\/antiqua.mx\/?post_type=product&#038;p=7227"},"modified":"2023-01-17T21:13:33","modified_gmt":"2023-01-17T21:13:33","slug":"jimenez-armando-sitios-de-rompe-y-rasga-en-la-ciudad-de-mexico","status":"publish","type":"product","link":"https:\/\/antiqua.mx\/en\/product\/jimenez-armando-sitios-de-rompe-y-rasga-en-la-ciudad-de-mexico\/","title":{"rendered":"JIM\u00c9NEZ ARMANDO. SITIOS DE ROMPE Y RASGA EN LA CIUDAD DE M\u00c9XICO"},"content":{"rendered":"<p><strong>Jim\u00e9nez Armando\u00a0<\/strong><\/p>\n<p>Editorial: OC\u00c9ANO<\/p>\n<p>Primera reimpresi\u00f3n<\/p>\n<p>A\u00f1o 1998<\/p>\n<p>R\u00fastico, en buenas condiciones. La esquina superior derecha est\u00e1 maltratada.<\/p>\n<p>La edici\u00f3n est\u00e1 ilustrada con m\u00faltiples fotograf\u00edas a blanco y negro.<\/p>\n<p>280 p\u00e1ginas<\/p>","protected":false},"excerpt":{"rendered":"<ul>\n<li>Editorial: OC\u00c9ANO<\/li>\n<li>Primera reimpresi\u00f3n<\/li>\n<li>A\u00f1o 1998<\/li>\n<li>R\u00fastico, en buenas condiciones. La esquina superior derecha est\u00e1 maltratada.<\/li>\n<li>La edici\u00f3n est\u00e1 ilustrada con m\u00faltiples fotograf\u00edas a blanco y negro.<\/li>\n<li>280 p\u00e1ginas<\/li>\n<\/ul>","protected":false},"featured_media":7678,"comment_status":"open","ping_status":"closed","template":"","meta":{"_joinchat":[]},"product_brand":[],"product_cat":[387,388,344,375,386],"product_tag":[1976,1979,1978,1014,1977,1654],"class_list":{"0":"post-7227","1":"product","2":"type-product","3":"status-publish","6":"product_cat-cultmex","7":"product_cat-geomex","8":"product_cat-humorismo","9":"product_cat-mex","10":"product_cat-socmex","11":"product_tag-armando-jimenez","12":"product_tag-billares","13":"product_tag-cabarets","14":"product_tag-ciudad-de-mexico","15":"product_tag-salones-de-baile","16":"product_tag-teatros","18":"first","19":"outofstock","20":"featured","21":"taxable","22":"shipping-taxable","23":"purchasable","24":"product-type-simple"},"yoast_head":"<!-- This site is optimized with the Yoast SEO plugin v26.1.1 - https:\/\/yoast.com\/wordpress\/plugins\/seo\/ -->\n<title>JIM\u00c9NEZ ARMANDO. SITIOS DE ROMPE Y RASGA EN LA CIUDAD DE M\u00c9XICO -<\/title>\n<meta name=\"robots\" content=\"index, follow, max-snippet:-1, max-image-preview:large, max-video-preview:-1\" \/>\n<link rel=\"canonical\" href=\"https:\/\/antiqua.mx\/en\/product\/jimenez-armando-sitios-de-rompe-y-rasga-en-la-ciudad-de-mexico\/\" \/>\n<meta property=\"og:locale\" content=\"en_US\" \/>\n<meta property=\"og:type\" content=\"article\" \/>\n<meta property=\"og:title\" content=\"JIM\u00c9NEZ ARMANDO. SITIOS DE ROMPE Y RASGA EN LA CIUDAD DE M\u00c9XICO -\" \/>\n<meta property=\"og:description\" content=\"Editorial: OC\u00c9ANO  Primera reimpresi\u00f3n  A\u00f1o 1998  R\u00fastico, en buenas condiciones. La esquina superior derecha est\u00e1 maltratada.  La edici\u00f3n est\u00e1 ilustrada con m\u00faltiples fotograf\u00edas a blanco y negro.  280 p\u00e1ginas\" \/>\n<meta property=\"og:url\" content=\"https:\/\/antiqua.mx\/en\/product\/jimenez-armando-sitios-de-rompe-y-rasga-en-la-ciudad-de-mexico\/\" \/>\n<meta property=\"article:modified_time\" content=\"2023-01-17T21:13:33+00:00\" \/>\n<meta property=\"og:image\" content=\"https:\/\/antiqua.mx\/wp-content\/uploads\/2021\/08\/0D85CDA4-8634-4A6C-A1A4-DBDE6EF70958-scaled.jpeg\" \/>\n\t<meta property=\"og:image:width\" content=\"1920\" \/>\n\t<meta property=\"og:image:height\" content=\"2560\" \/>\n\t<meta property=\"og:image:type\" content=\"image\/jpeg\" \/>\n<meta name=\"twitter:card\" content=\"summary_large_image\" \/>\n<script type=\"application\/ld+json\" class=\"yoast-schema-graph\">{\"@context\":\"https:\/\/schema.org\",\"@graph\":[{\"@type\":\"WebPage\",\"@id\":\"https:\/\/antiqua.mx\/producto\/jimenez-armando-sitios-de-rompe-y-rasga-en-la-ciudad-de-mexico\/\",\"url\":\"https:\/\/antiqua.mx\/producto\/jimenez-armando-sitios-de-rompe-y-rasga-en-la-ciudad-de-mexico\/\",\"name\":\"JIM\u00c9NEZ ARMANDO. SITIOS DE ROMPE Y RASGA EN LA CIUDAD DE M\u00c9XICO -\",\"isPartOf\":{\"@id\":\"https:\/\/antiqua.mx\/en\/#website\"},\"primaryImageOfPage\":{\"@id\":\"https:\/\/antiqua.mx\/producto\/jimenez-armando-sitios-de-rompe-y-rasga-en-la-ciudad-de-mexico\/#primaryimage\"},\"image\":{\"@id\":\"https:\/\/antiqua.mx\/producto\/jimenez-armando-sitios-de-rompe-y-rasga-en-la-ciudad-de-mexico\/#primaryimage\"},\"thumbnailUrl\":\"https:\/\/antiqua.mx\/wp-content\/uploads\/2021\/08\/0D85CDA4-8634-4A6C-A1A4-DBDE6EF70958-scaled.jpeg\",\"datePublished\":\"2021-08-04T22:20:42+00:00\",\"dateModified\":\"2023-01-17T21:13:33+00:00\",\"breadcrumb\":{\"@id\":\"https:\/\/antiqua.mx\/producto\/jimenez-armando-sitios-de-rompe-y-rasga-en-la-ciudad-de-mexico\/#breadcrumb\"},\"inLanguage\":\"en-US\",\"potentialAction\":[{\"@type\":\"ReadAction\",\"target\":[\"https:\/\/antiqua.mx\/producto\/jimenez-armando-sitios-de-rompe-y-rasga-en-la-ciudad-de-mexico\/\"]}]},{\"@type\":\"ImageObject\",\"inLanguage\":\"en-US\",\"@id\":\"https:\/\/antiqua.mx\/producto\/jimenez-armando-sitios-de-rompe-y-rasga-en-la-ciudad-de-mexico\/#primaryimage\",\"url\":\"https:\/\/antiqua.mx\/wp-content\/uploads\/2021\/08\/0D85CDA4-8634-4A6C-A1A4-DBDE6EF70958-scaled.jpeg\",\"contentUrl\":\"https:\/\/antiqua.mx\/wp-content\/uploads\/2021\/08\/0D85CDA4-8634-4A6C-A1A4-DBDE6EF70958-scaled.jpeg\",\"width\":1920,\"height\":2560},{\"@type\":\"BreadcrumbList\",\"@id\":\"https:\/\/antiqua.mx\/producto\/jimenez-armando-sitios-de-rompe-y-rasga-en-la-ciudad-de-mexico\/#breadcrumb\",\"itemListElement\":[{\"@type\":\"ListItem\",\"position\":1,\"name\":\"Portada\",\"item\":\"https:\/\/antiqua.mx\/en\/\"},{\"@type\":\"ListItem\",\"position\":2,\"name\":\"Tienda\",\"item\":\"https:\/\/antiqua.mx\/tienda\/\"},{\"@type\":\"ListItem\",\"position\":3,\"name\":\"JIM\u00c9NEZ ARMANDO. SITIOS DE ROMPE Y RASGA EN LA CIUDAD DE M\u00c9XICO\"}]},{\"@type\":\"WebSite\",\"@id\":\"https:\/\/antiqua.mx\/en\/#website\",\"url\":\"https:\/\/antiqua.mx\/en\/\",\"name\":\"\",\"description\":\"\",\"potentialAction\":[{\"@type\":\"SearchAction\",\"target\":{\"@type\":\"EntryPoint\",\"urlTemplate\":\"https:\/\/antiqua.mx\/en\/?s={search_term_string}\"},\"query-input\":{\"@type\":\"PropertyValueSpecification\",\"valueRequired\":true,\"valueName\":\"search_term_string\"}}],\"inLanguage\":\"en-US\"}]}<\/script>\n<!-- \/ Yoast SEO plugin. -->","yoast_head_json":{"title":"JIM\u00c9NEZ ARMANDO. SITIOS DE ROMPE Y RASGA EN LA CIUDAD DE M\u00c9XICO -","robots":{"index":"index","follow":"follow","max-snippet":"max-snippet:-1","max-image-preview":"max-image-preview:large","max-video-preview":"max-video-preview:-1"},"canonical":"https:\/\/antiqua.mx\/en\/product\/jimenez-armando-sitios-de-rompe-y-rasga-en-la-ciudad-de-mexico\/","og_locale":"en_US","og_type":"article","og_title":"JIM\u00c9NEZ ARMANDO. SITIOS DE ROMPE Y RASGA EN LA CIUDAD DE M\u00c9XICO -","og_description":"Editorial: OC\u00c9ANO  Primera reimpresi\u00f3n  A\u00f1o 1998  R\u00fastico, en buenas condiciones. La esquina superior derecha est\u00e1 maltratada.  La edici\u00f3n est\u00e1 ilustrada con m\u00faltiples fotograf\u00edas a blanco y negro.  280 p\u00e1ginas","og_url":"https:\/\/antiqua.mx\/en\/product\/jimenez-armando-sitios-de-rompe-y-rasga-en-la-ciudad-de-mexico\/","article_modified_time":"2023-01-17T21:13:33+00:00","og_image":[{"width":1920,"height":2560,"url":"https:\/\/antiqua.mx\/wp-content\/uploads\/2021\/08\/0D85CDA4-8634-4A6C-A1A4-DBDE6EF70958-scaled.jpeg","type":"image\/jpeg"}],"twitter_card":"summary_large_image","schema":{"@context":"https:\/\/schema.org","@graph":[{"@type":"WebPage","@id":"https:\/\/antiqua.mx\/producto\/jimenez-armando-sitios-de-rompe-y-rasga-en-la-ciudad-de-mexico\/","url":"https:\/\/antiqua.mx\/producto\/jimenez-armando-sitios-de-rompe-y-rasga-en-la-ciudad-de-mexico\/","name":"JIM\u00c9NEZ ARMANDO. SITIOS DE ROMPE Y RASGA EN LA CIUDAD DE M\u00c9XICO -","isPartOf":{"@id":"https:\/\/antiqua.mx\/en\/#website"},"primaryImageOfPage":{"@id":"https:\/\/antiqua.mx\/producto\/jimenez-armando-sitios-de-rompe-y-rasga-en-la-ciudad-de-mexico\/#primaryimage"},"image":{"@id":"https:\/\/antiqua.mx\/producto\/jimenez-armando-sitios-de-rompe-y-rasga-en-la-ciudad-de-mexico\/#primaryimage"},"thumbnailUrl":"https:\/\/antiqua.mx\/wp-content\/uploads\/2021\/08\/0D85CDA4-8634-4A6C-A1A4-DBDE6EF70958-scaled.jpeg","datePublished":"2021-08-04T22:20:42+00:00","dateModified":"2023-01-17T21:13:33+00:00","breadcrumb":{"@id":"https:\/\/antiqua.mx\/producto\/jimenez-armando-sitios-de-rompe-y-rasga-en-la-ciudad-de-mexico\/#breadcrumb"},"inLanguage":"en-US","potentialAction":[{"@type":"ReadAction","target":["https:\/\/antiqua.mx\/producto\/jimenez-armando-sitios-de-rompe-y-rasga-en-la-ciudad-de-mexico\/"]}]},{"@type":"ImageObject","inLanguage":"en-US","@id":"https:\/\/antiqua.mx\/producto\/jimenez-armando-sitios-de-rompe-y-rasga-en-la-ciudad-de-mexico\/#primaryimage","url":"https:\/\/antiqua.mx\/wp-content\/uploads\/2021\/08\/0D85CDA4-8634-4A6C-A1A4-DBDE6EF70958-scaled.jpeg","contentUrl":"https:\/\/antiqua.mx\/wp-content\/uploads\/2021\/08\/0D85CDA4-8634-4A6C-A1A4-DBDE6EF70958-scaled.jpeg","width":1920,"height":2560},{"@type":"BreadcrumbList","@id":"https:\/\/antiqua.mx\/producto\/jimenez-armando-sitios-de-rompe-y-rasga-en-la-ciudad-de-mexico\/#breadcrumb","itemListElement":[{"@type":"ListItem","position":1,"name":"Portada","item":"https:\/\/antiqua.mx\/en\/"},{"@type":"ListItem","position":2,"name":"Tienda","item":"https:\/\/antiqua.mx\/tienda\/"},{"@type":"ListItem","position":3,"name":"JIM\u00c9NEZ ARMANDO. SITIOS DE ROMPE Y RASGA EN LA CIUDAD DE M\u00c9XICO"}]},{"@type":"WebSite","@id":"https:\/\/antiqua.mx\/en\/#website","url":"https:\/\/antiqua.mx\/en\/","name":"","description":"","potentialAction":[{"@type":"SearchAction","target":{"@type":"EntryPoint","urlTemplate":"https:\/\/antiqua.mx\/en\/?s={search_term_string}"},"query-input":{"@type":"PropertyValueSpecification","valueRequired":true,"valueName":"search_term_string"}}],"inLanguage":"en-US"}]}},"jetpack_sharing_enabled":true,"_links":{"self":[{"href":"https:\/\/antiqua.mx\/en\/wp-json\/wp\/v2\/product\/7227","targetHints":{"allow":["GET"]}}],"collection":[{"href":"https:\/\/antiqua.mx\/en\/wp-json\/wp\/v2\/product"}],"about":[{"href":"https:\/\/antiqua.mx\/en\/wp-json\/wp\/v2\/types\/product"}],"replies":[{"embeddable":true,"href":"https:\/\/antiqua.mx\/en\/wp-json\/wp\/v2\/comments?post=7227"}],"wp:featuredmedia":[{"embeddable":true,"href":"https:\/\/antiqua.mx\/en\/wp-json\/wp\/v2\/media\/7678"}],"wp:attachment":[{"href":"https:\/\/antiqua.mx\/en\/wp-json\/wp\/v2\/media?parent=7227"}],"wp:term":[{"taxonomy":"product_brand","embeddable":true,"href":"https:\/\/antiqua.mx\/en\/wp-json\/wp\/v2\/product_brand?post=7227"},{"taxonomy":"product_cat","embeddable":true,"href":"https:\/\/antiqua.mx\/en\/wp-json\/wp\/v2\/product_cat?post=7227"},{"taxonomy":"product_tag","embeddable":true,"href":"https:\/\/antiqua.mx\/en\/wp-json\/wp\/v2\/product_tag?post=7227"}],"curies":[{"name":"wp","href":"https:\/\/api.w.org\/{rel}","templated":true}]}}