{"id":7246,"date":"2021-08-05T21:07:55","date_gmt":"2021-08-05T21:07:55","guid":{"rendered":"https:\/\/antiqua.mx\/?post_type=product&#038;p=7246"},"modified":"2024-09-14T23:29:16","modified_gmt":"2024-09-14T23:29:16","slug":"lang-serge-calculus-of-several-variables","status":"publish","type":"product","link":"https:\/\/antiqua.mx\/en\/product\/lang-serge-calculus-of-several-variables","title":{"rendered":"LANG SERGE. CALCULUS OF SEVERAL VARIABLES"},"content":{"rendered":"<p><strong>Lang Serge<\/strong><\/p>\n<p>Editorial: ADDISON-WESLEY PUBLISHING COMPANY<\/p>\n<p>Tercera edici\u00f3n<\/p>\n<p>A\u00f1o 1974<\/p>\n<p>Empastado, en buenas condiciones. El empastado est\u00e1 un poco maltratado.<\/p>\n<p>El ejemplar tiene sellos \u201cOCTAVIO COLMENARES G.\u201d<\/p>\n<p>Impreso en Estados Unidos de Am\u00e9rica.<\/p>\n<p>376 p\u00e1ginas<\/p>","protected":false},"excerpt":{"rendered":"<ul>\n<li>Editorial: ADDISON-WESLEY PUBLISHING COMPANY<\/li>\n<li>Tercera edici\u00f3n<\/li>\n<li>A\u00f1o 1974<\/li>\n<li>Empastado, en buenas condiciones. El empastado est\u00e1 un poco maltratado.<\/li>\n<li>El ejemplar tiene sellos \u201cOCTAVIO COLMENARES G.\u201d<\/li>\n<li>Impreso en Estados Unidos de Am\u00e9rica.<\/li>\n<li>376 p\u00e1ginas<\/li>\n<\/ul>","protected":false},"featured_media":7752,"comment_status":"open","ping_status":"closed","template":"","meta":{"_joinchat":[]},"product_brand":[],"product_cat":[408,413],"product_tag":[1927,1994,1993],"class_list":{"0":"post-7246","1":"product","2":"type-product","3":"status-publish","6":"product_cat-ciencia","7":"product_cat-mate","8":"product_tag-calculo","9":"product_tag-serge-lang","10":"product_tag-variables","12":"first","13":"outofstock","14":"featured","15":"taxable","16":"shipping-taxable","17":"purchasable","18":"product-type-simple"},"yoast_head":"<!-- This site is optimized with the Yoast SEO plugin v26.1.1 - https:\/\/yoast.com\/wordpress\/plugins\/seo\/ -->\n<title>LANG SERGE. CALCULUS OF SEVERAL VARIABLES -<\/title>\n<meta name=\"robots\" content=\"index, follow, max-snippet:-1, max-image-preview:large, max-video-preview:-1\" \/>\n<link rel=\"canonical\" href=\"https:\/\/antiqua.mx\/en\/product\/lang-serge-calculus-of-several-variables\" \/>\n<meta property=\"og:locale\" content=\"en_US\" \/>\n<meta property=\"og:type\" content=\"article\" \/>\n<meta property=\"og:title\" content=\"LANG SERGE. CALCULUS OF SEVERAL VARIABLES -\" \/>\n<meta property=\"og:description\" content=\"Editorial: ADDISON-WESLEY PUBLISHING COMPANY  Tercera edici\u00f3n  A\u00f1o 1974  Empastado, en buenas condiciones. El empastado est\u00e1 un poco maltratado.  El ejemplar tiene sellos \u201cOCTAVIO COLMENARES G.\u201d  Impreso en Estados Unidos de Am\u00e9rica.  376 p\u00e1ginas\" \/>\n<meta property=\"og:url\" content=\"https:\/\/antiqua.mx\/en\/product\/lang-serge-calculus-of-several-variables\" \/>\n<meta property=\"article:modified_time\" content=\"2024-09-14T23:29:16+00:00\" \/>\n<meta property=\"og:image\" content=\"https:\/\/antiqua.mx\/wp-content\/uploads\/2021\/08\/BE4C4D27-978A-4391-9D83-9054F4C23605-scaled.jpeg\" \/>\n\t<meta property=\"og:image:width\" content=\"1920\" \/>\n\t<meta property=\"og:image:height\" content=\"2560\" \/>\n\t<meta property=\"og:image:type\" content=\"image\/jpeg\" \/>\n<meta name=\"twitter:card\" content=\"summary_large_image\" \/>\n<script type=\"application\/ld+json\" class=\"yoast-schema-graph\">{\"@context\":\"https:\/\/schema.org\",\"@graph\":[{\"@type\":\"WebPage\",\"@id\":\"https:\/\/antiqua.mx\/en\/product\/lang-serge-calculus-of-several-variables\",\"url\":\"https:\/\/antiqua.mx\/en\/product\/lang-serge-calculus-of-several-variables\",\"name\":\"LANG SERGE. CALCULUS OF SEVERAL VARIABLES -\",\"isPartOf\":{\"@id\":\"https:\/\/antiqua.mx\/en\/#website\"},\"primaryImageOfPage\":{\"@id\":\"https:\/\/antiqua.mx\/en\/product\/lang-serge-calculus-of-several-variables#primaryimage\"},\"image\":{\"@id\":\"https:\/\/antiqua.mx\/en\/product\/lang-serge-calculus-of-several-variables#primaryimage\"},\"thumbnailUrl\":\"https:\/\/antiqua.mx\/wp-content\/uploads\/2021\/08\/BE4C4D27-978A-4391-9D83-9054F4C23605-scaled.jpeg\",\"datePublished\":\"2021-08-05T21:07:55+00:00\",\"dateModified\":\"2024-09-14T23:29:16+00:00\",\"breadcrumb\":{\"@id\":\"https:\/\/antiqua.mx\/en\/product\/lang-serge-calculus-of-several-variables#breadcrumb\"},\"inLanguage\":\"en-US\",\"potentialAction\":[{\"@type\":\"ReadAction\",\"target\":[\"https:\/\/antiqua.mx\/en\/product\/lang-serge-calculus-of-several-variables\"]}]},{\"@type\":\"ImageObject\",\"inLanguage\":\"en-US\",\"@id\":\"https:\/\/antiqua.mx\/en\/product\/lang-serge-calculus-of-several-variables#primaryimage\",\"url\":\"https:\/\/antiqua.mx\/wp-content\/uploads\/2021\/08\/BE4C4D27-978A-4391-9D83-9054F4C23605-scaled.jpeg\",\"contentUrl\":\"https:\/\/antiqua.mx\/wp-content\/uploads\/2021\/08\/BE4C4D27-978A-4391-9D83-9054F4C23605-scaled.jpeg\",\"width\":1920,\"height\":2560},{\"@type\":\"BreadcrumbList\",\"@id\":\"https:\/\/antiqua.mx\/en\/product\/lang-serge-calculus-of-several-variables#breadcrumb\",\"itemListElement\":[{\"@type\":\"ListItem\",\"position\":1,\"name\":\"Portada\",\"item\":\"https:\/\/antiqua.mx\/en\/\"},{\"@type\":\"ListItem\",\"position\":2,\"name\":\"Tienda\",\"item\":\"https:\/\/antiqua.mx\/en\/tienda\"},{\"@type\":\"ListItem\",\"position\":3,\"name\":\"LANG SERGE. CALCULUS OF SEVERAL VARIABLES\"}]},{\"@type\":\"WebSite\",\"@id\":\"https:\/\/antiqua.mx\/en\/#website\",\"url\":\"https:\/\/antiqua.mx\/en\/\",\"name\":\"\",\"description\":\"\",\"potentialAction\":[{\"@type\":\"SearchAction\",\"target\":{\"@type\":\"EntryPoint\",\"urlTemplate\":\"https:\/\/antiqua.mx\/en\/?s={search_term_string}\"},\"query-input\":{\"@type\":\"PropertyValueSpecification\",\"valueRequired\":true,\"valueName\":\"search_term_string\"}}],\"inLanguage\":\"en-US\"}]}<\/script>\n<!-- \/ Yoast SEO plugin. -->","yoast_head_json":{"title":"LANG SERGE. CALCULUS OF SEVERAL VARIABLES -","robots":{"index":"index","follow":"follow","max-snippet":"max-snippet:-1","max-image-preview":"max-image-preview:large","max-video-preview":"max-video-preview:-1"},"canonical":"https:\/\/antiqua.mx\/en\/product\/lang-serge-calculus-of-several-variables","og_locale":"en_US","og_type":"article","og_title":"LANG SERGE. CALCULUS OF SEVERAL VARIABLES -","og_description":"Editorial: ADDISON-WESLEY PUBLISHING COMPANY  Tercera edici\u00f3n  A\u00f1o 1974  Empastado, en buenas condiciones. El empastado est\u00e1 un poco maltratado.  El ejemplar tiene sellos \u201cOCTAVIO COLMENARES G.\u201d  Impreso en Estados Unidos de Am\u00e9rica.  376 p\u00e1ginas","og_url":"https:\/\/antiqua.mx\/en\/product\/lang-serge-calculus-of-several-variables","article_modified_time":"2024-09-14T23:29:16+00:00","og_image":[{"width":1920,"height":2560,"url":"https:\/\/antiqua.mx\/wp-content\/uploads\/2021\/08\/BE4C4D27-978A-4391-9D83-9054F4C23605-scaled.jpeg","type":"image\/jpeg"}],"twitter_card":"summary_large_image","schema":{"@context":"https:\/\/schema.org","@graph":[{"@type":"WebPage","@id":"https:\/\/antiqua.mx\/en\/product\/lang-serge-calculus-of-several-variables","url":"https:\/\/antiqua.mx\/en\/product\/lang-serge-calculus-of-several-variables","name":"LANG SERGE. CALCULUS OF SEVERAL VARIABLES -","isPartOf":{"@id":"https:\/\/antiqua.mx\/en\/#website"},"primaryImageOfPage":{"@id":"https:\/\/antiqua.mx\/en\/product\/lang-serge-calculus-of-several-variables#primaryimage"},"image":{"@id":"https:\/\/antiqua.mx\/en\/product\/lang-serge-calculus-of-several-variables#primaryimage"},"thumbnailUrl":"https:\/\/antiqua.mx\/wp-content\/uploads\/2021\/08\/BE4C4D27-978A-4391-9D83-9054F4C23605-scaled.jpeg","datePublished":"2021-08-05T21:07:55+00:00","dateModified":"2024-09-14T23:29:16+00:00","breadcrumb":{"@id":"https:\/\/antiqua.mx\/en\/product\/lang-serge-calculus-of-several-variables#breadcrumb"},"inLanguage":"en-US","potentialAction":[{"@type":"ReadAction","target":["https:\/\/antiqua.mx\/en\/product\/lang-serge-calculus-of-several-variables"]}]},{"@type":"ImageObject","inLanguage":"en-US","@id":"https:\/\/antiqua.mx\/en\/product\/lang-serge-calculus-of-several-variables#primaryimage","url":"https:\/\/antiqua.mx\/wp-content\/uploads\/2021\/08\/BE4C4D27-978A-4391-9D83-9054F4C23605-scaled.jpeg","contentUrl":"https:\/\/antiqua.mx\/wp-content\/uploads\/2021\/08\/BE4C4D27-978A-4391-9D83-9054F4C23605-scaled.jpeg","width":1920,"height":2560},{"@type":"BreadcrumbList","@id":"https:\/\/antiqua.mx\/en\/product\/lang-serge-calculus-of-several-variables#breadcrumb","itemListElement":[{"@type":"ListItem","position":1,"name":"Portada","item":"https:\/\/antiqua.mx\/en\/"},{"@type":"ListItem","position":2,"name":"Tienda","item":"https:\/\/antiqua.mx\/en\/tienda"},{"@type":"ListItem","position":3,"name":"LANG SERGE. CALCULUS OF SEVERAL VARIABLES"}]},{"@type":"WebSite","@id":"https:\/\/antiqua.mx\/en\/#website","url":"https:\/\/antiqua.mx\/en\/","name":"","description":"","potentialAction":[{"@type":"SearchAction","target":{"@type":"EntryPoint","urlTemplate":"https:\/\/antiqua.mx\/en\/?s={search_term_string}"},"query-input":{"@type":"PropertyValueSpecification","valueRequired":true,"valueName":"search_term_string"}}],"inLanguage":"en-US"}]}},"jetpack_sharing_enabled":true,"_links":{"self":[{"href":"https:\/\/antiqua.mx\/en\/wp-json\/wp\/v2\/product\/7246","targetHints":{"allow":["GET"]}}],"collection":[{"href":"https:\/\/antiqua.mx\/en\/wp-json\/wp\/v2\/product"}],"about":[{"href":"https:\/\/antiqua.mx\/en\/wp-json\/wp\/v2\/types\/product"}],"replies":[{"embeddable":true,"href":"https:\/\/antiqua.mx\/en\/wp-json\/wp\/v2\/comments?post=7246"}],"wp:featuredmedia":[{"embeddable":true,"href":"https:\/\/antiqua.mx\/en\/wp-json\/wp\/v2\/media\/7752"}],"wp:attachment":[{"href":"https:\/\/antiqua.mx\/en\/wp-json\/wp\/v2\/media?parent=7246"}],"wp:term":[{"taxonomy":"product_brand","embeddable":true,"href":"https:\/\/antiqua.mx\/en\/wp-json\/wp\/v2\/product_brand?post=7246"},{"taxonomy":"product_cat","embeddable":true,"href":"https:\/\/antiqua.mx\/en\/wp-json\/wp\/v2\/product_cat?post=7246"},{"taxonomy":"product_tag","embeddable":true,"href":"https:\/\/antiqua.mx\/en\/wp-json\/wp\/v2\/product_tag?post=7246"}],"curies":[{"name":"wp","href":"https:\/\/api.w.org\/{rel}","templated":true}]}}