{"id":7260,"date":"2021-08-06T00:09:20","date_gmt":"2021-08-06T00:09:20","guid":{"rendered":"https:\/\/antiqua.mx\/?post_type=product&#038;p=7260"},"modified":"2026-03-27T00:27:30","modified_gmt":"2026-03-27T00:27:30","slug":"segundo-recetario-de-cocina","status":"publish","type":"product","link":"https:\/\/antiqua.mx\/en\/product\/segundo-recetario-de-cocina\/","title":{"rendered":"SEGUNDO RECETARIO DE COCINA"},"content":{"rendered":"<p>Editorial: EXCELSIOR<\/p>\n<p>A\u00f1o 1944<\/p>\n<p>R\u00fastico, en buenas condiciones. El ejemplar est\u00e1 un poquito lastimado de la esquina superior izquierdo.<\/p>\n<p>Impreso en M\u00e9xico.<\/p>\n<p>126 p\u00e1ginas<\/p>","protected":false},"excerpt":{"rendered":"<ul>\n<li>Editorial: EXCELSIOR<\/li>\n<li>A\u00f1o 1944<\/li>\n<li>R\u00fastico, en buenas condiciones. El ejemplar est\u00e1 un poquito lastimado de la esquina superior izquierdo.<\/li>\n<li>Impreso en M\u00e9xico.<\/li>\n<li>126 p\u00e1ginas<\/li>\n<\/ul>","protected":false},"featured_media":26469,"comment_status":"open","ping_status":"closed","template":"","meta":{"_joinchat":[]},"product_brand":[],"product_cat":[415,418],"product_tag":[2010],"class_list":{"0":"post-7260","1":"product","2":"type-product","3":"status-publish","6":"product_cat-cocina","7":"product_cat-recetarios","8":"product_tag-excelsior","10":"first","11":"outofstock","12":"featured","13":"taxable","14":"shipping-taxable","15":"purchasable","16":"product-type-simple"},"yoast_head":"<!-- This site is optimized with the Yoast SEO plugin v26.1.1 - https:\/\/yoast.com\/wordpress\/plugins\/seo\/ -->\n<title>SEGUNDO RECETARIO DE COCINA -<\/title>\n<meta name=\"robots\" content=\"index, follow, max-snippet:-1, max-image-preview:large, max-video-preview:-1\" \/>\n<link rel=\"canonical\" href=\"https:\/\/antiqua.mx\/en\/product\/segundo-recetario-de-cocina\/\" \/>\n<meta property=\"og:locale\" content=\"en_US\" \/>\n<meta property=\"og:type\" content=\"article\" \/>\n<meta property=\"og:title\" content=\"SEGUNDO RECETARIO DE COCINA -\" \/>\n<meta property=\"og:description\" content=\"Editorial: EXCELSIOR  A\u00f1o 1944  R\u00fastico, en buenas condiciones. El ejemplar est\u00e1 un poquito lastimado de la esquina superior izquierdo.  Impreso en M\u00e9xico.  126 p\u00e1ginas\" \/>\n<meta property=\"og:url\" content=\"https:\/\/antiqua.mx\/en\/product\/segundo-recetario-de-cocina\/\" \/>\n<meta property=\"article:modified_time\" content=\"2026-03-27T00:27:30+00:00\" \/>\n<meta property=\"og:image\" content=\"https:\/\/antiqua.mx\/wp-content\/uploads\/2021\/08\/SEGUNDO-RECETARIO-DE-COCINA.jpeg\" \/>\n\t<meta property=\"og:image:width\" content=\"1920\" \/>\n\t<meta property=\"og:image:height\" content=\"2560\" \/>\n\t<meta property=\"og:image:type\" content=\"image\/jpeg\" \/>\n<meta name=\"twitter:card\" content=\"summary_large_image\" \/>\n<meta name=\"twitter:label1\" content=\"Est. reading time\" \/>\n\t<meta name=\"twitter:data1\" content=\"1 minute\" \/>\n<script type=\"application\/ld+json\" class=\"yoast-schema-graph\">{\"@context\":\"https:\/\/schema.org\",\"@graph\":[{\"@type\":\"WebPage\",\"@id\":\"https:\/\/antiqua.mx\/producto\/segundo-recetario-de-cocina\/\",\"url\":\"https:\/\/antiqua.mx\/producto\/segundo-recetario-de-cocina\/\",\"name\":\"SEGUNDO RECETARIO DE COCINA -\",\"isPartOf\":{\"@id\":\"https:\/\/antiqua.mx\/en\/#website\"},\"primaryImageOfPage\":{\"@id\":\"https:\/\/antiqua.mx\/producto\/segundo-recetario-de-cocina\/#primaryimage\"},\"image\":{\"@id\":\"https:\/\/antiqua.mx\/producto\/segundo-recetario-de-cocina\/#primaryimage\"},\"thumbnailUrl\":\"https:\/\/antiqua.mx\/wp-content\/uploads\/2021\/08\/SEGUNDO-RECETARIO-DE-COCINA.jpeg\",\"datePublished\":\"2021-08-06T00:09:20+00:00\",\"dateModified\":\"2026-03-27T00:27:30+00:00\",\"breadcrumb\":{\"@id\":\"https:\/\/antiqua.mx\/producto\/segundo-recetario-de-cocina\/#breadcrumb\"},\"inLanguage\":\"en-US\",\"potentialAction\":[{\"@type\":\"ReadAction\",\"target\":[\"https:\/\/antiqua.mx\/producto\/segundo-recetario-de-cocina\/\"]}]},{\"@type\":\"ImageObject\",\"inLanguage\":\"en-US\",\"@id\":\"https:\/\/antiqua.mx\/producto\/segundo-recetario-de-cocina\/#primaryimage\",\"url\":\"https:\/\/antiqua.mx\/wp-content\/uploads\/2021\/08\/SEGUNDO-RECETARIO-DE-COCINA.jpeg\",\"contentUrl\":\"https:\/\/antiqua.mx\/wp-content\/uploads\/2021\/08\/SEGUNDO-RECETARIO-DE-COCINA.jpeg\",\"width\":1920,\"height\":2560},{\"@type\":\"BreadcrumbList\",\"@id\":\"https:\/\/antiqua.mx\/producto\/segundo-recetario-de-cocina\/#breadcrumb\",\"itemListElement\":[{\"@type\":\"ListItem\",\"position\":1,\"name\":\"Portada\",\"item\":\"https:\/\/antiqua.mx\/en\/\"},{\"@type\":\"ListItem\",\"position\":2,\"name\":\"Tienda\",\"item\":\"https:\/\/antiqua.mx\/tienda\/\"},{\"@type\":\"ListItem\",\"position\":3,\"name\":\"SEGUNDO RECETARIO DE COCINA\"}]},{\"@type\":\"WebSite\",\"@id\":\"https:\/\/antiqua.mx\/en\/#website\",\"url\":\"https:\/\/antiqua.mx\/en\/\",\"name\":\"\",\"description\":\"\",\"potentialAction\":[{\"@type\":\"SearchAction\",\"target\":{\"@type\":\"EntryPoint\",\"urlTemplate\":\"https:\/\/antiqua.mx\/en\/?s={search_term_string}\"},\"query-input\":{\"@type\":\"PropertyValueSpecification\",\"valueRequired\":true,\"valueName\":\"search_term_string\"}}],\"inLanguage\":\"en-US\"}]}<\/script>\n<!-- \/ Yoast SEO plugin. -->","yoast_head_json":{"title":"SEGUNDO RECETARIO DE COCINA -","robots":{"index":"index","follow":"follow","max-snippet":"max-snippet:-1","max-image-preview":"max-image-preview:large","max-video-preview":"max-video-preview:-1"},"canonical":"https:\/\/antiqua.mx\/en\/product\/segundo-recetario-de-cocina\/","og_locale":"en_US","og_type":"article","og_title":"SEGUNDO RECETARIO DE COCINA -","og_description":"Editorial: EXCELSIOR  A\u00f1o 1944  R\u00fastico, en buenas condiciones. El ejemplar est\u00e1 un poquito lastimado de la esquina superior izquierdo.  Impreso en M\u00e9xico.  126 p\u00e1ginas","og_url":"https:\/\/antiqua.mx\/en\/product\/segundo-recetario-de-cocina\/","article_modified_time":"2026-03-27T00:27:30+00:00","og_image":[{"width":1920,"height":2560,"url":"https:\/\/antiqua.mx\/wp-content\/uploads\/2021\/08\/SEGUNDO-RECETARIO-DE-COCINA.jpeg","type":"image\/jpeg"}],"twitter_card":"summary_large_image","twitter_misc":{"Est. reading time":"1 minute"},"schema":{"@context":"https:\/\/schema.org","@graph":[{"@type":"WebPage","@id":"https:\/\/antiqua.mx\/producto\/segundo-recetario-de-cocina\/","url":"https:\/\/antiqua.mx\/producto\/segundo-recetario-de-cocina\/","name":"SEGUNDO RECETARIO DE COCINA -","isPartOf":{"@id":"https:\/\/antiqua.mx\/en\/#website"},"primaryImageOfPage":{"@id":"https:\/\/antiqua.mx\/producto\/segundo-recetario-de-cocina\/#primaryimage"},"image":{"@id":"https:\/\/antiqua.mx\/producto\/segundo-recetario-de-cocina\/#primaryimage"},"thumbnailUrl":"https:\/\/antiqua.mx\/wp-content\/uploads\/2021\/08\/SEGUNDO-RECETARIO-DE-COCINA.jpeg","datePublished":"2021-08-06T00:09:20+00:00","dateModified":"2026-03-27T00:27:30+00:00","breadcrumb":{"@id":"https:\/\/antiqua.mx\/producto\/segundo-recetario-de-cocina\/#breadcrumb"},"inLanguage":"en-US","potentialAction":[{"@type":"ReadAction","target":["https:\/\/antiqua.mx\/producto\/segundo-recetario-de-cocina\/"]}]},{"@type":"ImageObject","inLanguage":"en-US","@id":"https:\/\/antiqua.mx\/producto\/segundo-recetario-de-cocina\/#primaryimage","url":"https:\/\/antiqua.mx\/wp-content\/uploads\/2021\/08\/SEGUNDO-RECETARIO-DE-COCINA.jpeg","contentUrl":"https:\/\/antiqua.mx\/wp-content\/uploads\/2021\/08\/SEGUNDO-RECETARIO-DE-COCINA.jpeg","width":1920,"height":2560},{"@type":"BreadcrumbList","@id":"https:\/\/antiqua.mx\/producto\/segundo-recetario-de-cocina\/#breadcrumb","itemListElement":[{"@type":"ListItem","position":1,"name":"Portada","item":"https:\/\/antiqua.mx\/en\/"},{"@type":"ListItem","position":2,"name":"Tienda","item":"https:\/\/antiqua.mx\/tienda\/"},{"@type":"ListItem","position":3,"name":"SEGUNDO RECETARIO DE COCINA"}]},{"@type":"WebSite","@id":"https:\/\/antiqua.mx\/en\/#website","url":"https:\/\/antiqua.mx\/en\/","name":"","description":"","potentialAction":[{"@type":"SearchAction","target":{"@type":"EntryPoint","urlTemplate":"https:\/\/antiqua.mx\/en\/?s={search_term_string}"},"query-input":{"@type":"PropertyValueSpecification","valueRequired":true,"valueName":"search_term_string"}}],"inLanguage":"en-US"}]}},"jetpack_sharing_enabled":true,"_links":{"self":[{"href":"https:\/\/antiqua.mx\/en\/wp-json\/wp\/v2\/product\/7260","targetHints":{"allow":["GET"]}}],"collection":[{"href":"https:\/\/antiqua.mx\/en\/wp-json\/wp\/v2\/product"}],"about":[{"href":"https:\/\/antiqua.mx\/en\/wp-json\/wp\/v2\/types\/product"}],"replies":[{"embeddable":true,"href":"https:\/\/antiqua.mx\/en\/wp-json\/wp\/v2\/comments?post=7260"}],"wp:featuredmedia":[{"embeddable":true,"href":"https:\/\/antiqua.mx\/en\/wp-json\/wp\/v2\/media\/26469"}],"wp:attachment":[{"href":"https:\/\/antiqua.mx\/en\/wp-json\/wp\/v2\/media?parent=7260"}],"wp:term":[{"taxonomy":"product_brand","embeddable":true,"href":"https:\/\/antiqua.mx\/en\/wp-json\/wp\/v2\/product_brand?post=7260"},{"taxonomy":"product_cat","embeddable":true,"href":"https:\/\/antiqua.mx\/en\/wp-json\/wp\/v2\/product_cat?post=7260"},{"taxonomy":"product_tag","embeddable":true,"href":"https:\/\/antiqua.mx\/en\/wp-json\/wp\/v2\/product_tag?post=7260"}],"curies":[{"name":"wp","href":"https:\/\/api.w.org\/{rel}","templated":true}]}}