{"id":7898,"date":"2021-08-18T20:05:30","date_gmt":"2021-08-18T20:05:30","guid":{"rendered":"https:\/\/antiqua.mx\/?post_type=product&#038;p=7898"},"modified":"2025-03-24T21:54:41","modified_gmt":"2025-03-24T21:54:41","slug":"mena-brito-bernardino-bolshevismo-y-democracia-en-mexico","status":"publish","type":"product","link":"https:\/\/antiqua.mx\/en\/product\/mena-brito-bernardino-bolshevismo-y-democracia-en-mexico","title":{"rendered":"MENA BRITO BERNARDINO. BOLSHEVISMO Y DEMOCRACIA EN M\u00c9XICO"},"content":{"rendered":"<p><strong>Mena Brito Bernardino<\/strong><\/p>\n<p>Editorial: CVLTVRA<\/p>\n<p>Segunda edici\u00f3n<\/p>\n<p>A\u00f1o 1933<\/p>\n<p>R\u00fastico, en buenas condiciones. El empastado est\u00e1 maltratado, y en la parte inferior del lomo tiene la clasificaci\u00f3n de biblioteca.<\/p>\n<p class=\"p1\">La obra tiene sellos del\u00a0 &#8220;ASPIRANTADO JUAN PONCE DE LE\u00d3N BIBLIOTECA: DR. CARLOS FUENTES GUTI\u00c9RREZ 10 PONIENTE No. 1711, PUEBLA, PUE.&#8221;<\/p>\n<p>Impreso en M\u00e9xico.<\/p>\n<p>409 p\u00e1ginas<\/p>","protected":false},"excerpt":{"rendered":"<ul>\n<li>Editorial: CVLTVRA<\/li>\n<li>Segunda edici\u00f3n<\/li>\n<li>A\u00f1o 1933<\/li>\n<li>R\u00fastico, en buenas condiciones. El empastado est\u00e1 maltratado y en la parte inferior del lomo tiene la clasificaci\u00f3n de biblioteca.<\/li>\n<li class=\"p1\">La obra tiene sellos del\u00a0 &#8220;ASPIRANTADO JUAN PONCE DE LE\u00d3N BIBLIOTECA: DR. CARLOS FUENTES GUTI\u00c9RREZ 10 PONIENTE No. 1711, PUEBLA, PUE.&#8221;<\/li>\n<li>Impreso en M\u00e9xico.<\/li>\n<li>409 p\u00e1ginas<\/li>\n<\/ul>","protected":false},"featured_media":7943,"comment_status":"open","ping_status":"closed","template":"","meta":{"_joinchat":[]},"product_brand":[],"product_cat":[388,375,382],"product_tag":[5754,1017,2029,2031,2028,2030,1396,1724,2033,2032,1184,1252],"class_list":{"0":"post-7898","1":"product","2":"type-product","3":"status-publish","6":"product_cat-geomex","7":"product_cat-mex","8":"product_cat-polmex","9":"product_tag-bernardino-mena-brito","10":"product_tag-campeche","11":"product_tag-carrillo-puerto","12":"product_tag-partido-democratico","13":"product_tag-partido-liberal-yucateco","14":"product_tag-partido-socialista-del-sureste","15":"product_tag-revolucion-constitucionalista","16":"product_tag-salvador-alvarado","17":"product_tag-socialismo-en-campeche","18":"product_tag-socialismo-en-tabasco","19":"product_tag-tabasco","20":"product_tag-yucatan","22":"first","23":"instock","24":"featured","25":"taxable","26":"shipping-taxable","27":"purchasable","28":"product-type-simple"},"yoast_head":"<!-- This site is optimized with the Yoast SEO plugin v26.1.1 - https:\/\/yoast.com\/wordpress\/plugins\/seo\/ -->\n<title>MENA BRITO BERNARDINO. BOLSHEVISMO Y DEMOCRACIA EN M\u00c9XICO -<\/title>\n<meta name=\"robots\" content=\"index, follow, max-snippet:-1, max-image-preview:large, max-video-preview:-1\" \/>\n<link rel=\"canonical\" href=\"https:\/\/antiqua.mx\/en\/product\/mena-brito-bernardino-bolshevismo-y-democracia-en-mexico\" \/>\n<meta property=\"og:locale\" content=\"en_US\" \/>\n<meta property=\"og:type\" content=\"article\" \/>\n<meta property=\"og:title\" content=\"MENA BRITO BERNARDINO. BOLSHEVISMO Y DEMOCRACIA EN M\u00c9XICO -\" \/>\n<meta property=\"og:description\" content=\"Editorial: CVLTVRA  Segunda edici\u00f3n  A\u00f1o 1933  R\u00fastico, en buenas condiciones. El empastado est\u00e1 maltratado y en la parte inferior del lomo tiene la clasificaci\u00f3n de biblioteca.  La obra tiene sellos del\u00a0 &quot;ASPIRANTADO JUAN PONCE DE LE\u00d3N BIBLIOTECA: DR. CARLOS FUENTES GUTI\u00c9RREZ 10 PONIENTE No. 1711, PUEBLA, PUE.&quot;  Impreso en M\u00e9xico.  409 p\u00e1ginas\" \/>\n<meta property=\"og:url\" content=\"https:\/\/antiqua.mx\/en\/product\/mena-brito-bernardino-bolshevismo-y-democracia-en-mexico\" \/>\n<meta property=\"article:modified_time\" content=\"2025-03-24T21:54:41+00:00\" \/>\n<meta property=\"og:image\" content=\"https:\/\/antiqua.mx\/wp-content\/uploads\/2021\/08\/72C9718E-27B8-4573-8F9C-DF0778BCBF63-scaled.jpeg\" \/>\n\t<meta property=\"og:image:width\" content=\"1920\" \/>\n\t<meta property=\"og:image:height\" content=\"2560\" \/>\n\t<meta property=\"og:image:type\" content=\"image\/jpeg\" \/>\n<meta name=\"twitter:card\" content=\"summary_large_image\" \/>\n<script type=\"application\/ld+json\" class=\"yoast-schema-graph\">{\"@context\":\"https:\/\/schema.org\",\"@graph\":[{\"@type\":\"WebPage\",\"@id\":\"https:\/\/antiqua.mx\/en\/product\/mena-brito-bernardino-bolshevismo-y-democracia-en-mexico\",\"url\":\"https:\/\/antiqua.mx\/en\/product\/mena-brito-bernardino-bolshevismo-y-democracia-en-mexico\",\"name\":\"MENA BRITO BERNARDINO. BOLSHEVISMO Y DEMOCRACIA EN M\u00c9XICO -\",\"isPartOf\":{\"@id\":\"https:\/\/antiqua.mx\/en\/#website\"},\"primaryImageOfPage\":{\"@id\":\"https:\/\/antiqua.mx\/en\/product\/mena-brito-bernardino-bolshevismo-y-democracia-en-mexico#primaryimage\"},\"image\":{\"@id\":\"https:\/\/antiqua.mx\/en\/product\/mena-brito-bernardino-bolshevismo-y-democracia-en-mexico#primaryimage\"},\"thumbnailUrl\":\"https:\/\/antiqua.mx\/wp-content\/uploads\/2021\/08\/72C9718E-27B8-4573-8F9C-DF0778BCBF63-scaled.jpeg\",\"datePublished\":\"2021-08-18T20:05:30+00:00\",\"dateModified\":\"2025-03-24T21:54:41+00:00\",\"breadcrumb\":{\"@id\":\"https:\/\/antiqua.mx\/en\/product\/mena-brito-bernardino-bolshevismo-y-democracia-en-mexico#breadcrumb\"},\"inLanguage\":\"en-US\",\"potentialAction\":[{\"@type\":\"ReadAction\",\"target\":[\"https:\/\/antiqua.mx\/en\/product\/mena-brito-bernardino-bolshevismo-y-democracia-en-mexico\"]}]},{\"@type\":\"ImageObject\",\"inLanguage\":\"en-US\",\"@id\":\"https:\/\/antiqua.mx\/en\/product\/mena-brito-bernardino-bolshevismo-y-democracia-en-mexico#primaryimage\",\"url\":\"https:\/\/antiqua.mx\/wp-content\/uploads\/2021\/08\/72C9718E-27B8-4573-8F9C-DF0778BCBF63-scaled.jpeg\",\"contentUrl\":\"https:\/\/antiqua.mx\/wp-content\/uploads\/2021\/08\/72C9718E-27B8-4573-8F9C-DF0778BCBF63-scaled.jpeg\",\"width\":1920,\"height\":2560},{\"@type\":\"BreadcrumbList\",\"@id\":\"https:\/\/antiqua.mx\/en\/product\/mena-brito-bernardino-bolshevismo-y-democracia-en-mexico#breadcrumb\",\"itemListElement\":[{\"@type\":\"ListItem\",\"position\":1,\"name\":\"Portada\",\"item\":\"https:\/\/antiqua.mx\/en\/\"},{\"@type\":\"ListItem\",\"position\":2,\"name\":\"Tienda\",\"item\":\"https:\/\/antiqua.mx\/en\/tienda\"},{\"@type\":\"ListItem\",\"position\":3,\"name\":\"MENA BRITO BERNARDINO. BOLSHEVISMO Y DEMOCRACIA EN M\u00c9XICO\"}]},{\"@type\":\"WebSite\",\"@id\":\"https:\/\/antiqua.mx\/en\/#website\",\"url\":\"https:\/\/antiqua.mx\/en\/\",\"name\":\"\",\"description\":\"\",\"potentialAction\":[{\"@type\":\"SearchAction\",\"target\":{\"@type\":\"EntryPoint\",\"urlTemplate\":\"https:\/\/antiqua.mx\/en\/?s={search_term_string}\"},\"query-input\":{\"@type\":\"PropertyValueSpecification\",\"valueRequired\":true,\"valueName\":\"search_term_string\"}}],\"inLanguage\":\"en-US\"}]}<\/script>\n<!-- \/ Yoast SEO plugin. -->","yoast_head_json":{"title":"MENA BRITO BERNARDINO. BOLSHEVISMO Y DEMOCRACIA EN M\u00c9XICO -","robots":{"index":"index","follow":"follow","max-snippet":"max-snippet:-1","max-image-preview":"max-image-preview:large","max-video-preview":"max-video-preview:-1"},"canonical":"https:\/\/antiqua.mx\/en\/product\/mena-brito-bernardino-bolshevismo-y-democracia-en-mexico","og_locale":"en_US","og_type":"article","og_title":"MENA BRITO BERNARDINO. BOLSHEVISMO Y DEMOCRACIA EN M\u00c9XICO -","og_description":"Editorial: CVLTVRA  Segunda edici\u00f3n  A\u00f1o 1933  R\u00fastico, en buenas condiciones. El empastado est\u00e1 maltratado y en la parte inferior del lomo tiene la clasificaci\u00f3n de biblioteca.  La obra tiene sellos del\u00a0 \"ASPIRANTADO JUAN PONCE DE LE\u00d3N BIBLIOTECA: DR. CARLOS FUENTES GUTI\u00c9RREZ 10 PONIENTE No. 1711, PUEBLA, PUE.\"  Impreso en M\u00e9xico.  409 p\u00e1ginas","og_url":"https:\/\/antiqua.mx\/en\/product\/mena-brito-bernardino-bolshevismo-y-democracia-en-mexico","article_modified_time":"2025-03-24T21:54:41+00:00","og_image":[{"width":1920,"height":2560,"url":"https:\/\/antiqua.mx\/wp-content\/uploads\/2021\/08\/72C9718E-27B8-4573-8F9C-DF0778BCBF63-scaled.jpeg","type":"image\/jpeg"}],"twitter_card":"summary_large_image","schema":{"@context":"https:\/\/schema.org","@graph":[{"@type":"WebPage","@id":"https:\/\/antiqua.mx\/en\/product\/mena-brito-bernardino-bolshevismo-y-democracia-en-mexico","url":"https:\/\/antiqua.mx\/en\/product\/mena-brito-bernardino-bolshevismo-y-democracia-en-mexico","name":"MENA BRITO BERNARDINO. BOLSHEVISMO Y DEMOCRACIA EN M\u00c9XICO -","isPartOf":{"@id":"https:\/\/antiqua.mx\/en\/#website"},"primaryImageOfPage":{"@id":"https:\/\/antiqua.mx\/en\/product\/mena-brito-bernardino-bolshevismo-y-democracia-en-mexico#primaryimage"},"image":{"@id":"https:\/\/antiqua.mx\/en\/product\/mena-brito-bernardino-bolshevismo-y-democracia-en-mexico#primaryimage"},"thumbnailUrl":"https:\/\/antiqua.mx\/wp-content\/uploads\/2021\/08\/72C9718E-27B8-4573-8F9C-DF0778BCBF63-scaled.jpeg","datePublished":"2021-08-18T20:05:30+00:00","dateModified":"2025-03-24T21:54:41+00:00","breadcrumb":{"@id":"https:\/\/antiqua.mx\/en\/product\/mena-brito-bernardino-bolshevismo-y-democracia-en-mexico#breadcrumb"},"inLanguage":"en-US","potentialAction":[{"@type":"ReadAction","target":["https:\/\/antiqua.mx\/en\/product\/mena-brito-bernardino-bolshevismo-y-democracia-en-mexico"]}]},{"@type":"ImageObject","inLanguage":"en-US","@id":"https:\/\/antiqua.mx\/en\/product\/mena-brito-bernardino-bolshevismo-y-democracia-en-mexico#primaryimage","url":"https:\/\/antiqua.mx\/wp-content\/uploads\/2021\/08\/72C9718E-27B8-4573-8F9C-DF0778BCBF63-scaled.jpeg","contentUrl":"https:\/\/antiqua.mx\/wp-content\/uploads\/2021\/08\/72C9718E-27B8-4573-8F9C-DF0778BCBF63-scaled.jpeg","width":1920,"height":2560},{"@type":"BreadcrumbList","@id":"https:\/\/antiqua.mx\/en\/product\/mena-brito-bernardino-bolshevismo-y-democracia-en-mexico#breadcrumb","itemListElement":[{"@type":"ListItem","position":1,"name":"Portada","item":"https:\/\/antiqua.mx\/en\/"},{"@type":"ListItem","position":2,"name":"Tienda","item":"https:\/\/antiqua.mx\/en\/tienda"},{"@type":"ListItem","position":3,"name":"MENA BRITO BERNARDINO. BOLSHEVISMO Y DEMOCRACIA EN M\u00c9XICO"}]},{"@type":"WebSite","@id":"https:\/\/antiqua.mx\/en\/#website","url":"https:\/\/antiqua.mx\/en\/","name":"","description":"","potentialAction":[{"@type":"SearchAction","target":{"@type":"EntryPoint","urlTemplate":"https:\/\/antiqua.mx\/en\/?s={search_term_string}"},"query-input":{"@type":"PropertyValueSpecification","valueRequired":true,"valueName":"search_term_string"}}],"inLanguage":"en-US"}]}},"jetpack_sharing_enabled":true,"_links":{"self":[{"href":"https:\/\/antiqua.mx\/en\/wp-json\/wp\/v2\/product\/7898","targetHints":{"allow":["GET"]}}],"collection":[{"href":"https:\/\/antiqua.mx\/en\/wp-json\/wp\/v2\/product"}],"about":[{"href":"https:\/\/antiqua.mx\/en\/wp-json\/wp\/v2\/types\/product"}],"replies":[{"embeddable":true,"href":"https:\/\/antiqua.mx\/en\/wp-json\/wp\/v2\/comments?post=7898"}],"wp:featuredmedia":[{"embeddable":true,"href":"https:\/\/antiqua.mx\/en\/wp-json\/wp\/v2\/media\/7943"}],"wp:attachment":[{"href":"https:\/\/antiqua.mx\/en\/wp-json\/wp\/v2\/media?parent=7898"}],"wp:term":[{"taxonomy":"product_brand","embeddable":true,"href":"https:\/\/antiqua.mx\/en\/wp-json\/wp\/v2\/product_brand?post=7898"},{"taxonomy":"product_cat","embeddable":true,"href":"https:\/\/antiqua.mx\/en\/wp-json\/wp\/v2\/product_cat?post=7898"},{"taxonomy":"product_tag","embeddable":true,"href":"https:\/\/antiqua.mx\/en\/wp-json\/wp\/v2\/product_tag?post=7898"}],"curies":[{"name":"wp","href":"https:\/\/api.w.org\/{rel}","templated":true}]}}