{"id":8063,"date":"2021-08-26T20:37:11","date_gmt":"2021-08-26T20:37:11","guid":{"rendered":"https:\/\/antiqua.mx\/?post_type=product&#038;p=8063"},"modified":"2025-03-18T03:48:11","modified_gmt":"2025-03-18T03:48:11","slug":"mac-gregor-luis-el-plateresco-en-mexico","status":"publish","type":"product","link":"https:\/\/antiqua.mx\/en\/product\/mac-gregor-luis-el-plateresco-en-mexico","title":{"rendered":"MAC GREGOR LUIS. EL PLATERESCO EN M\u00c9XICO"},"content":{"rendered":"<p><strong>Mac Gregor Luis<\/strong><\/p>\n<p>Editorial: PORR\u00daA<\/p>\n<p>A\u00f1o 1954<\/p>\n<p>Empastado, en buenas condiciones.<\/p>\n<p>El ejemplar est\u00e1 ilustrado con m\u00faltiples fotograf\u00edas a blanco y negro.<\/p>\n<p>Impreso en M\u00e9xico.<\/p>","protected":false},"excerpt":{"rendered":"<ul>\n<li>Editorial: PORR\u00daA<\/li>\n<li>A\u00f1o 1954<\/li>\n<li>Empastado, en buenas condiciones.<\/li>\n<li>El ejemplar est\u00e1 ilustrado con m\u00faltiples fotograf\u00edas a blanco y negro.<\/li>\n<li>Impreso en M\u00e9xico.<\/li>\n<\/ul>","protected":false},"featured_media":8263,"comment_status":"open","ping_status":"closed","template":"","meta":{"_joinchat":[]},"product_brand":[],"product_cat":[1338,349,350,387,388,375],"product_tag":[1535,2082,2083,1619,1014,2084,1255,1457,1193,2081,991,1237,1053,2085,1018,799,2086,1192,2087,1252],"class_list":{"0":"post-8063","1":"product","2":"type-product","3":"status-publish","6":"product_cat-arqmex","7":"product_cat-arte","8":"product_cat-arte-mexicano","9":"product_cat-cultmex","10":"product_cat-geomex","11":"product_cat-mex","12":"product_tag-acambaro","13":"product_tag-actopan","14":"product_tag-azcapotzalco","15":"product_tag-cholula","16":"product_tag-ciudad-de-mexico","17":"product_tag-coyoacan","18":"product_tag-estado-de-mexico","19":"product_tag-guanajuato","20":"product_tag-hidalgo","21":"product_tag-luis-mac-gregor","22":"product_tag-michoacan","23":"product_tag-morelos","24":"product_tag-oaxaca","25":"product_tag-patzcuaro","26":"product_tag-puebla","27":"product_tag-tlaxcala","28":"product_tag-uruapan","29":"product_tag-veracruz","30":"product_tag-xochimilco","31":"product_tag-yucatan","33":"first","34":"instock","35":"featured","36":"taxable","37":"shipping-taxable","38":"purchasable","39":"product-type-simple"},"yoast_head":"<!-- This site is optimized with the Yoast SEO plugin v26.1.1 - https:\/\/yoast.com\/wordpress\/plugins\/seo\/ -->\n<title>MAC GREGOR LUIS. EL PLATERESCO EN M\u00c9XICO -<\/title>\n<meta name=\"robots\" content=\"index, follow, max-snippet:-1, max-image-preview:large, max-video-preview:-1\" \/>\n<link rel=\"canonical\" href=\"https:\/\/antiqua.mx\/en\/product\/mac-gregor-luis-el-plateresco-en-mexico\" \/>\n<meta property=\"og:locale\" content=\"en_US\" \/>\n<meta property=\"og:type\" content=\"article\" \/>\n<meta property=\"og:title\" content=\"MAC GREGOR LUIS. EL PLATERESCO EN M\u00c9XICO -\" \/>\n<meta property=\"og:description\" content=\"Editorial: PORR\u00daA  A\u00f1o 1954  Empastado, en buenas condiciones.  El ejemplar est\u00e1 ilustrado con m\u00faltiples fotograf\u00edas a blanco y negro.  Impreso en M\u00e9xico.\" \/>\n<meta property=\"og:url\" content=\"https:\/\/antiqua.mx\/en\/product\/mac-gregor-luis-el-plateresco-en-mexico\" \/>\n<meta property=\"article:modified_time\" content=\"2025-03-18T03:48:11+00:00\" \/>\n<meta property=\"og:image\" content=\"https:\/\/antiqua.mx\/wp-content\/uploads\/2021\/08\/43955F33-4143-4C88-A0AF-94E88299CBAC-scaled.jpeg\" \/>\n\t<meta property=\"og:image:width\" content=\"1920\" \/>\n\t<meta property=\"og:image:height\" content=\"2560\" \/>\n\t<meta property=\"og:image:type\" content=\"image\/jpeg\" \/>\n<meta name=\"twitter:card\" content=\"summary_large_image\" \/>\n<script type=\"application\/ld+json\" class=\"yoast-schema-graph\">{\"@context\":\"https:\/\/schema.org\",\"@graph\":[{\"@type\":\"WebPage\",\"@id\":\"https:\/\/antiqua.mx\/en\/product\/mac-gregor-luis-el-plateresco-en-mexico\",\"url\":\"https:\/\/antiqua.mx\/en\/product\/mac-gregor-luis-el-plateresco-en-mexico\",\"name\":\"MAC GREGOR LUIS. EL PLATERESCO EN M\u00c9XICO -\",\"isPartOf\":{\"@id\":\"https:\/\/antiqua.mx\/en\/#website\"},\"primaryImageOfPage\":{\"@id\":\"https:\/\/antiqua.mx\/en\/product\/mac-gregor-luis-el-plateresco-en-mexico#primaryimage\"},\"image\":{\"@id\":\"https:\/\/antiqua.mx\/en\/product\/mac-gregor-luis-el-plateresco-en-mexico#primaryimage\"},\"thumbnailUrl\":\"https:\/\/antiqua.mx\/wp-content\/uploads\/2021\/08\/43955F33-4143-4C88-A0AF-94E88299CBAC-scaled.jpeg\",\"datePublished\":\"2021-08-26T20:37:11+00:00\",\"dateModified\":\"2025-03-18T03:48:11+00:00\",\"breadcrumb\":{\"@id\":\"https:\/\/antiqua.mx\/en\/product\/mac-gregor-luis-el-plateresco-en-mexico#breadcrumb\"},\"inLanguage\":\"en-US\",\"potentialAction\":[{\"@type\":\"ReadAction\",\"target\":[\"https:\/\/antiqua.mx\/en\/product\/mac-gregor-luis-el-plateresco-en-mexico\"]}]},{\"@type\":\"ImageObject\",\"inLanguage\":\"en-US\",\"@id\":\"https:\/\/antiqua.mx\/en\/product\/mac-gregor-luis-el-plateresco-en-mexico#primaryimage\",\"url\":\"https:\/\/antiqua.mx\/wp-content\/uploads\/2021\/08\/43955F33-4143-4C88-A0AF-94E88299CBAC-scaled.jpeg\",\"contentUrl\":\"https:\/\/antiqua.mx\/wp-content\/uploads\/2021\/08\/43955F33-4143-4C88-A0AF-94E88299CBAC-scaled.jpeg\",\"width\":1920,\"height\":2560},{\"@type\":\"BreadcrumbList\",\"@id\":\"https:\/\/antiqua.mx\/en\/product\/mac-gregor-luis-el-plateresco-en-mexico#breadcrumb\",\"itemListElement\":[{\"@type\":\"ListItem\",\"position\":1,\"name\":\"Portada\",\"item\":\"https:\/\/antiqua.mx\/en\/\"},{\"@type\":\"ListItem\",\"position\":2,\"name\":\"Tienda\",\"item\":\"https:\/\/antiqua.mx\/en\/tienda\"},{\"@type\":\"ListItem\",\"position\":3,\"name\":\"MAC GREGOR LUIS. EL PLATERESCO EN M\u00c9XICO\"}]},{\"@type\":\"WebSite\",\"@id\":\"https:\/\/antiqua.mx\/en\/#website\",\"url\":\"https:\/\/antiqua.mx\/en\/\",\"name\":\"\",\"description\":\"\",\"potentialAction\":[{\"@type\":\"SearchAction\",\"target\":{\"@type\":\"EntryPoint\",\"urlTemplate\":\"https:\/\/antiqua.mx\/en\/?s={search_term_string}\"},\"query-input\":{\"@type\":\"PropertyValueSpecification\",\"valueRequired\":true,\"valueName\":\"search_term_string\"}}],\"inLanguage\":\"en-US\"}]}<\/script>\n<!-- \/ Yoast SEO plugin. -->","yoast_head_json":{"title":"MAC GREGOR LUIS. EL PLATERESCO EN M\u00c9XICO -","robots":{"index":"index","follow":"follow","max-snippet":"max-snippet:-1","max-image-preview":"max-image-preview:large","max-video-preview":"max-video-preview:-1"},"canonical":"https:\/\/antiqua.mx\/en\/product\/mac-gregor-luis-el-plateresco-en-mexico","og_locale":"en_US","og_type":"article","og_title":"MAC GREGOR LUIS. EL PLATERESCO EN M\u00c9XICO -","og_description":"Editorial: PORR\u00daA  A\u00f1o 1954  Empastado, en buenas condiciones.  El ejemplar est\u00e1 ilustrado con m\u00faltiples fotograf\u00edas a blanco y negro.  Impreso en M\u00e9xico.","og_url":"https:\/\/antiqua.mx\/en\/product\/mac-gregor-luis-el-plateresco-en-mexico","article_modified_time":"2025-03-18T03:48:11+00:00","og_image":[{"width":1920,"height":2560,"url":"https:\/\/antiqua.mx\/wp-content\/uploads\/2021\/08\/43955F33-4143-4C88-A0AF-94E88299CBAC-scaled.jpeg","type":"image\/jpeg"}],"twitter_card":"summary_large_image","schema":{"@context":"https:\/\/schema.org","@graph":[{"@type":"WebPage","@id":"https:\/\/antiqua.mx\/en\/product\/mac-gregor-luis-el-plateresco-en-mexico","url":"https:\/\/antiqua.mx\/en\/product\/mac-gregor-luis-el-plateresco-en-mexico","name":"MAC GREGOR LUIS. EL PLATERESCO EN M\u00c9XICO -","isPartOf":{"@id":"https:\/\/antiqua.mx\/en\/#website"},"primaryImageOfPage":{"@id":"https:\/\/antiqua.mx\/en\/product\/mac-gregor-luis-el-plateresco-en-mexico#primaryimage"},"image":{"@id":"https:\/\/antiqua.mx\/en\/product\/mac-gregor-luis-el-plateresco-en-mexico#primaryimage"},"thumbnailUrl":"https:\/\/antiqua.mx\/wp-content\/uploads\/2021\/08\/43955F33-4143-4C88-A0AF-94E88299CBAC-scaled.jpeg","datePublished":"2021-08-26T20:37:11+00:00","dateModified":"2025-03-18T03:48:11+00:00","breadcrumb":{"@id":"https:\/\/antiqua.mx\/en\/product\/mac-gregor-luis-el-plateresco-en-mexico#breadcrumb"},"inLanguage":"en-US","potentialAction":[{"@type":"ReadAction","target":["https:\/\/antiqua.mx\/en\/product\/mac-gregor-luis-el-plateresco-en-mexico"]}]},{"@type":"ImageObject","inLanguage":"en-US","@id":"https:\/\/antiqua.mx\/en\/product\/mac-gregor-luis-el-plateresco-en-mexico#primaryimage","url":"https:\/\/antiqua.mx\/wp-content\/uploads\/2021\/08\/43955F33-4143-4C88-A0AF-94E88299CBAC-scaled.jpeg","contentUrl":"https:\/\/antiqua.mx\/wp-content\/uploads\/2021\/08\/43955F33-4143-4C88-A0AF-94E88299CBAC-scaled.jpeg","width":1920,"height":2560},{"@type":"BreadcrumbList","@id":"https:\/\/antiqua.mx\/en\/product\/mac-gregor-luis-el-plateresco-en-mexico#breadcrumb","itemListElement":[{"@type":"ListItem","position":1,"name":"Portada","item":"https:\/\/antiqua.mx\/en\/"},{"@type":"ListItem","position":2,"name":"Tienda","item":"https:\/\/antiqua.mx\/en\/tienda"},{"@type":"ListItem","position":3,"name":"MAC GREGOR LUIS. EL PLATERESCO EN M\u00c9XICO"}]},{"@type":"WebSite","@id":"https:\/\/antiqua.mx\/en\/#website","url":"https:\/\/antiqua.mx\/en\/","name":"","description":"","potentialAction":[{"@type":"SearchAction","target":{"@type":"EntryPoint","urlTemplate":"https:\/\/antiqua.mx\/en\/?s={search_term_string}"},"query-input":{"@type":"PropertyValueSpecification","valueRequired":true,"valueName":"search_term_string"}}],"inLanguage":"en-US"}]}},"jetpack_sharing_enabled":true,"_links":{"self":[{"href":"https:\/\/antiqua.mx\/en\/wp-json\/wp\/v2\/product\/8063","targetHints":{"allow":["GET"]}}],"collection":[{"href":"https:\/\/antiqua.mx\/en\/wp-json\/wp\/v2\/product"}],"about":[{"href":"https:\/\/antiqua.mx\/en\/wp-json\/wp\/v2\/types\/product"}],"replies":[{"embeddable":true,"href":"https:\/\/antiqua.mx\/en\/wp-json\/wp\/v2\/comments?post=8063"}],"wp:featuredmedia":[{"embeddable":true,"href":"https:\/\/antiqua.mx\/en\/wp-json\/wp\/v2\/media\/8263"}],"wp:attachment":[{"href":"https:\/\/antiqua.mx\/en\/wp-json\/wp\/v2\/media?parent=8063"}],"wp:term":[{"taxonomy":"product_brand","embeddable":true,"href":"https:\/\/antiqua.mx\/en\/wp-json\/wp\/v2\/product_brand?post=8063"},{"taxonomy":"product_cat","embeddable":true,"href":"https:\/\/antiqua.mx\/en\/wp-json\/wp\/v2\/product_cat?post=8063"},{"taxonomy":"product_tag","embeddable":true,"href":"https:\/\/antiqua.mx\/en\/wp-json\/wp\/v2\/product_tag?post=8063"}],"curies":[{"name":"wp","href":"https:\/\/api.w.org\/{rel}","templated":true}]}}