{"id":9262,"date":"2021-10-08T21:44:33","date_gmt":"2021-10-08T21:44:33","guid":{"rendered":"https:\/\/antiqua.mx\/?post_type=product&#038;p=9262"},"modified":"2025-07-05T22:45:16","modified_gmt":"2025-07-05T22:45:16","slug":"villasenor-y-villasenor-alejandro-biografias-de-los-heroes-y-caudillos-de-la-independencia","status":"publish","type":"product","link":"https:\/\/antiqua.mx\/en\/product\/villasenor-y-villasenor-alejandro-biografias-de-los-heroes-y-caudillos-de-la-independencia","title":{"rendered":"VILLASE\u00d1OR Y VILLASE\u00d1OR ALEJANDRO. BIOGRAF\u00cdAS DE LOS H\u00c9ROES Y CAUDILLOS DE LA INDEPENDENCIA"},"content":{"rendered":"<p><strong>Villase\u00f1or y Villase\u00f1or Alejandro<\/strong><\/p>\n<p>Editorial: JUS<\/p>\n<p>Primera edici\u00f3n<\/p>\n<p>A\u00f1o 1962<\/p>\n<p>R\u00fastico, en buenas condiciones. El empastado est\u00e1 maltratado.<\/p>\n<p>La edici\u00f3n consta de dos vol\u00famenes.<\/p>\n<p><strong>COLECCI\u00d3N M\u00c9XICO HEROICO.<\/strong><\/p>\n<p>Tiraje de 3000 ejemplares.<\/p>\n<p>Impreso en M\u00e9xico.<\/p>\n<p>260 y 334 p\u00e1ginas<\/p>\n<p>&nbsp;<\/p>","protected":false},"excerpt":{"rendered":"<ul>\n<li>Editorial: JUS<\/li>\n<li>Primera edici\u00f3n<\/li>\n<li>A\u00f1o 1962<\/li>\n<li>R\u00fastico, en buenas condiciones. El empastado est\u00e1 maltratado.<\/li>\n<li>La edici\u00f3n consta de dos vol\u00famenes.<\/li>\n<li><strong>COLECCI\u00d3N M\u00c9XICO HEROICO.<\/strong><\/li>\n<li>Tiraje de 3000 ejemplares.<\/li>\n<li>Impreso en M\u00e9xico.<\/li>\n<li>260 y 334 p\u00e1ginas<\/li>\n<\/ul>","protected":false},"featured_media":9555,"comment_status":"open","ping_status":"closed","template":"","meta":{"_joinchat":[]},"product_brand":[],"product_cat":[390,379,375],"product_tag":[2238],"class_list":{"0":"post-9262","1":"product","2":"type-product","3":"status-publish","6":"product_cat-biogpermex","7":"product_cat-independencia","8":"product_cat-mex","9":"product_tag-alejandro-villasenor-y-villasenor","11":"first","12":"instock","13":"featured","14":"taxable","15":"shipping-taxable","16":"purchasable","17":"product-type-simple"},"yoast_head":"<!-- This site is optimized with the Yoast SEO plugin v26.1.1 - https:\/\/yoast.com\/wordpress\/plugins\/seo\/ -->\n<title>VILLASE\u00d1OR Y VILLASE\u00d1OR ALEJANDRO. BIOGRAF\u00cdAS DE LOS H\u00c9ROES Y CAUDILLOS DE LA INDEPENDENCIA -<\/title>\n<meta name=\"robots\" content=\"index, follow, max-snippet:-1, max-image-preview:large, max-video-preview:-1\" \/>\n<link rel=\"canonical\" href=\"https:\/\/antiqua.mx\/en\/product\/villasenor-y-villasenor-alejandro-biografias-de-los-heroes-y-caudillos-de-la-independencia\/\" \/>\n<meta property=\"og:locale\" content=\"en_US\" \/>\n<meta property=\"og:type\" content=\"article\" \/>\n<meta property=\"og:title\" content=\"VILLASE\u00d1OR Y VILLASE\u00d1OR ALEJANDRO. BIOGRAF\u00cdAS DE LOS H\u00c9ROES Y CAUDILLOS DE LA INDEPENDENCIA -\" \/>\n<meta property=\"og:description\" content=\"Editorial: JUS  Primera edici\u00f3n  A\u00f1o 1962  R\u00fastico, en buenas condiciones. El empastado est\u00e1 maltratado.  La edici\u00f3n consta de dos vol\u00famenes.  COLECCI\u00d3N M\u00c9XICO HEROICO.  Tiraje de 3000 ejemplares.  Impreso en M\u00e9xico.  260 y 334 p\u00e1ginas\" \/>\n<meta property=\"og:url\" content=\"https:\/\/antiqua.mx\/en\/product\/villasenor-y-villasenor-alejandro-biografias-de-los-heroes-y-caudillos-de-la-independencia\/\" \/>\n<meta property=\"article:modified_time\" content=\"2025-07-05T22:45:16+00:00\" \/>\n<meta property=\"og:image\" content=\"https:\/\/antiqua.mx\/wp-content\/uploads\/2021\/10\/59826C45-6C45-4EC9-9950-CA856111C258-scaled.jpeg\" \/>\n\t<meta property=\"og:image:width\" content=\"2560\" \/>\n\t<meta property=\"og:image:height\" content=\"1920\" \/>\n\t<meta property=\"og:image:type\" content=\"image\/jpeg\" \/>\n<meta name=\"twitter:card\" content=\"summary_large_image\" \/>\n<script type=\"application\/ld+json\" class=\"yoast-schema-graph\">{\"@context\":\"https:\/\/schema.org\",\"@graph\":[{\"@type\":\"WebPage\",\"@id\":\"https:\/\/antiqua.mx\/producto\/villasenor-y-villasenor-alejandro-biografias-de-los-heroes-y-caudillos-de-la-independencia\",\"url\":\"https:\/\/antiqua.mx\/producto\/villasenor-y-villasenor-alejandro-biografias-de-los-heroes-y-caudillos-de-la-independencia\",\"name\":\"VILLASE\u00d1OR Y VILLASE\u00d1OR ALEJANDRO. BIOGRAF\u00cdAS DE LOS H\u00c9ROES Y CAUDILLOS DE LA INDEPENDENCIA -\",\"isPartOf\":{\"@id\":\"https:\/\/antiqua.mx\/en\/#website\"},\"primaryImageOfPage\":{\"@id\":\"https:\/\/antiqua.mx\/producto\/villasenor-y-villasenor-alejandro-biografias-de-los-heroes-y-caudillos-de-la-independencia#primaryimage\"},\"image\":{\"@id\":\"https:\/\/antiqua.mx\/producto\/villasenor-y-villasenor-alejandro-biografias-de-los-heroes-y-caudillos-de-la-independencia#primaryimage\"},\"thumbnailUrl\":\"https:\/\/antiqua.mx\/wp-content\/uploads\/2021\/10\/59826C45-6C45-4EC9-9950-CA856111C258-scaled.jpeg\",\"datePublished\":\"2021-10-08T21:44:33+00:00\",\"dateModified\":\"2025-07-05T22:45:16+00:00\",\"breadcrumb\":{\"@id\":\"https:\/\/antiqua.mx\/producto\/villasenor-y-villasenor-alejandro-biografias-de-los-heroes-y-caudillos-de-la-independencia#breadcrumb\"},\"inLanguage\":\"en-US\",\"potentialAction\":[{\"@type\":\"ReadAction\",\"target\":[\"https:\/\/antiqua.mx\/producto\/villasenor-y-villasenor-alejandro-biografias-de-los-heroes-y-caudillos-de-la-independencia\"]}]},{\"@type\":\"ImageObject\",\"inLanguage\":\"en-US\",\"@id\":\"https:\/\/antiqua.mx\/producto\/villasenor-y-villasenor-alejandro-biografias-de-los-heroes-y-caudillos-de-la-independencia#primaryimage\",\"url\":\"https:\/\/antiqua.mx\/wp-content\/uploads\/2021\/10\/59826C45-6C45-4EC9-9950-CA856111C258-scaled.jpeg\",\"contentUrl\":\"https:\/\/antiqua.mx\/wp-content\/uploads\/2021\/10\/59826C45-6C45-4EC9-9950-CA856111C258-scaled.jpeg\",\"width\":2560,\"height\":1920},{\"@type\":\"BreadcrumbList\",\"@id\":\"https:\/\/antiqua.mx\/producto\/villasenor-y-villasenor-alejandro-biografias-de-los-heroes-y-caudillos-de-la-independencia#breadcrumb\",\"itemListElement\":[{\"@type\":\"ListItem\",\"position\":1,\"name\":\"Portada\",\"item\":\"https:\/\/antiqua.mx\/en\/\"},{\"@type\":\"ListItem\",\"position\":2,\"name\":\"Tienda\",\"item\":\"https:\/\/antiqua.mx\/en\/tienda\"},{\"@type\":\"ListItem\",\"position\":3,\"name\":\"VILLASE\u00d1OR Y VILLASE\u00d1OR ALEJANDRO. BIOGRAF\u00cdAS DE LOS H\u00c9ROES Y CAUDILLOS DE LA INDEPENDENCIA\"}]},{\"@type\":\"WebSite\",\"@id\":\"https:\/\/antiqua.mx\/en\/#website\",\"url\":\"https:\/\/antiqua.mx\/en\/\",\"name\":\"\",\"description\":\"\",\"potentialAction\":[{\"@type\":\"SearchAction\",\"target\":{\"@type\":\"EntryPoint\",\"urlTemplate\":\"https:\/\/antiqua.mx\/en\/?s={search_term_string}\"},\"query-input\":{\"@type\":\"PropertyValueSpecification\",\"valueRequired\":true,\"valueName\":\"search_term_string\"}}],\"inLanguage\":\"en-US\"}]}<\/script>\n<!-- \/ Yoast SEO plugin. -->","yoast_head_json":{"title":"VILLASE\u00d1OR Y VILLASE\u00d1OR ALEJANDRO. BIOGRAF\u00cdAS DE LOS H\u00c9ROES Y CAUDILLOS DE LA INDEPENDENCIA -","robots":{"index":"index","follow":"follow","max-snippet":"max-snippet:-1","max-image-preview":"max-image-preview:large","max-video-preview":"max-video-preview:-1"},"canonical":"https:\/\/antiqua.mx\/en\/product\/villasenor-y-villasenor-alejandro-biografias-de-los-heroes-y-caudillos-de-la-independencia\/","og_locale":"en_US","og_type":"article","og_title":"VILLASE\u00d1OR Y VILLASE\u00d1OR ALEJANDRO. BIOGRAF\u00cdAS DE LOS H\u00c9ROES Y CAUDILLOS DE LA INDEPENDENCIA -","og_description":"Editorial: JUS  Primera edici\u00f3n  A\u00f1o 1962  R\u00fastico, en buenas condiciones. El empastado est\u00e1 maltratado.  La edici\u00f3n consta de dos vol\u00famenes.  COLECCI\u00d3N M\u00c9XICO HEROICO.  Tiraje de 3000 ejemplares.  Impreso en M\u00e9xico.  260 y 334 p\u00e1ginas","og_url":"https:\/\/antiqua.mx\/en\/product\/villasenor-y-villasenor-alejandro-biografias-de-los-heroes-y-caudillos-de-la-independencia\/","article_modified_time":"2025-07-05T22:45:16+00:00","og_image":[{"width":2560,"height":1920,"url":"https:\/\/antiqua.mx\/wp-content\/uploads\/2021\/10\/59826C45-6C45-4EC9-9950-CA856111C258-scaled.jpeg","type":"image\/jpeg"}],"twitter_card":"summary_large_image","schema":{"@context":"https:\/\/schema.org","@graph":[{"@type":"WebPage","@id":"https:\/\/antiqua.mx\/producto\/villasenor-y-villasenor-alejandro-biografias-de-los-heroes-y-caudillos-de-la-independencia","url":"https:\/\/antiqua.mx\/producto\/villasenor-y-villasenor-alejandro-biografias-de-los-heroes-y-caudillos-de-la-independencia","name":"VILLASE\u00d1OR Y VILLASE\u00d1OR ALEJANDRO. BIOGRAF\u00cdAS DE LOS H\u00c9ROES Y CAUDILLOS DE LA INDEPENDENCIA -","isPartOf":{"@id":"https:\/\/antiqua.mx\/en\/#website"},"primaryImageOfPage":{"@id":"https:\/\/antiqua.mx\/producto\/villasenor-y-villasenor-alejandro-biografias-de-los-heroes-y-caudillos-de-la-independencia#primaryimage"},"image":{"@id":"https:\/\/antiqua.mx\/producto\/villasenor-y-villasenor-alejandro-biografias-de-los-heroes-y-caudillos-de-la-independencia#primaryimage"},"thumbnailUrl":"https:\/\/antiqua.mx\/wp-content\/uploads\/2021\/10\/59826C45-6C45-4EC9-9950-CA856111C258-scaled.jpeg","datePublished":"2021-10-08T21:44:33+00:00","dateModified":"2025-07-05T22:45:16+00:00","breadcrumb":{"@id":"https:\/\/antiqua.mx\/producto\/villasenor-y-villasenor-alejandro-biografias-de-los-heroes-y-caudillos-de-la-independencia#breadcrumb"},"inLanguage":"en-US","potentialAction":[{"@type":"ReadAction","target":["https:\/\/antiqua.mx\/producto\/villasenor-y-villasenor-alejandro-biografias-de-los-heroes-y-caudillos-de-la-independencia"]}]},{"@type":"ImageObject","inLanguage":"en-US","@id":"https:\/\/antiqua.mx\/producto\/villasenor-y-villasenor-alejandro-biografias-de-los-heroes-y-caudillos-de-la-independencia#primaryimage","url":"https:\/\/antiqua.mx\/wp-content\/uploads\/2021\/10\/59826C45-6C45-4EC9-9950-CA856111C258-scaled.jpeg","contentUrl":"https:\/\/antiqua.mx\/wp-content\/uploads\/2021\/10\/59826C45-6C45-4EC9-9950-CA856111C258-scaled.jpeg","width":2560,"height":1920},{"@type":"BreadcrumbList","@id":"https:\/\/antiqua.mx\/producto\/villasenor-y-villasenor-alejandro-biografias-de-los-heroes-y-caudillos-de-la-independencia#breadcrumb","itemListElement":[{"@type":"ListItem","position":1,"name":"Portada","item":"https:\/\/antiqua.mx\/en\/"},{"@type":"ListItem","position":2,"name":"Tienda","item":"https:\/\/antiqua.mx\/en\/tienda"},{"@type":"ListItem","position":3,"name":"VILLASE\u00d1OR Y VILLASE\u00d1OR ALEJANDRO. BIOGRAF\u00cdAS DE LOS H\u00c9ROES Y CAUDILLOS DE LA INDEPENDENCIA"}]},{"@type":"WebSite","@id":"https:\/\/antiqua.mx\/en\/#website","url":"https:\/\/antiqua.mx\/en\/","name":"","description":"","potentialAction":[{"@type":"SearchAction","target":{"@type":"EntryPoint","urlTemplate":"https:\/\/antiqua.mx\/en\/?s={search_term_string}"},"query-input":{"@type":"PropertyValueSpecification","valueRequired":true,"valueName":"search_term_string"}}],"inLanguage":"en-US"}]}},"jetpack_sharing_enabled":true,"_links":{"self":[{"href":"https:\/\/antiqua.mx\/en\/wp-json\/wp\/v2\/product\/9262","targetHints":{"allow":["GET"]}}],"collection":[{"href":"https:\/\/antiqua.mx\/en\/wp-json\/wp\/v2\/product"}],"about":[{"href":"https:\/\/antiqua.mx\/en\/wp-json\/wp\/v2\/types\/product"}],"replies":[{"embeddable":true,"href":"https:\/\/antiqua.mx\/en\/wp-json\/wp\/v2\/comments?post=9262"}],"wp:featuredmedia":[{"embeddable":true,"href":"https:\/\/antiqua.mx\/en\/wp-json\/wp\/v2\/media\/9555"}],"wp:attachment":[{"href":"https:\/\/antiqua.mx\/en\/wp-json\/wp\/v2\/media?parent=9262"}],"wp:term":[{"taxonomy":"product_brand","embeddable":true,"href":"https:\/\/antiqua.mx\/en\/wp-json\/wp\/v2\/product_brand?post=9262"},{"taxonomy":"product_cat","embeddable":true,"href":"https:\/\/antiqua.mx\/en\/wp-json\/wp\/v2\/product_cat?post=9262"},{"taxonomy":"product_tag","embeddable":true,"href":"https:\/\/antiqua.mx\/en\/wp-json\/wp\/v2\/product_tag?post=9262"}],"curies":[{"name":"wp","href":"https:\/\/api.w.org\/{rel}","templated":true}]}}