{"id":9471,"date":"2021-10-16T22:38:42","date_gmt":"2021-10-16T22:38:42","guid":{"rendered":"https:\/\/antiqua.mx\/?post_type=product&#038;p=9471"},"modified":"2026-03-25T21:27:15","modified_gmt":"2026-03-25T21:27:15","slug":"de-gortari-krauss-yuri-guisos-y-golosos-del-barroco","status":"publish","type":"product","link":"https:\/\/antiqua.mx\/en\/product\/de-gortari-krauss-yuri-guisos-y-golosos-del-barroco\/","title":{"rendered":"DE GORTARI KRAUSS YURI. GUISOS Y GOLOSOS DEL BARROCO"},"content":{"rendered":"<p><strong>de Gortari Krauss Yuri<\/strong><\/p>\n<p>Editorial: Cl\u00edo<\/p>\n<p>Primera edici\u00f3n<\/p>\n<p>A\u00f1o 2000<\/p>\n<p>R\u00fastico, en buenas condiciones. Tomo III.<\/p>\n<p><em><strong>LA COCINA VIRREINAL NOVOHISPANA<\/strong><\/em>.<\/p>\n<p>Recetas de Edmundo Escamilla Sol\u00eds.<\/p>\n<p>86 p\u00e1ginas<\/p>","protected":false},"excerpt":{"rendered":"<ul>\n<li>Editorial: Cl\u00edo<\/li>\n<li>Primera edici\u00f3n<\/li>\n<li>A\u00f1o 2000<\/li>\n<li>R\u00fastico, en buenas condiciones. Tomo III.<\/li>\n<li><em><strong>LA COCINA VIRREINAL NOVOHISPANA<\/strong><\/em>.<\/li>\n<li>Recetas de Edmundo Escamilla Sol\u00eds.<\/li>\n<li>86 p\u00e1ginas<\/li>\n<\/ul>","protected":false},"featured_media":26305,"comment_status":"open","ping_status":"closed","template":"","meta":{"_joinchat":[]},"product_brand":[],"product_cat":[415,416,375,377,418],"product_tag":[2248],"class_list":{"0":"post-9471","1":"product","2":"type-product","3":"status-publish","6":"product_cat-cocina","7":"product_cat-cocinamex","8":"product_cat-mex","9":"product_cat-nuevaesp","10":"product_cat-recetarios","11":"product_tag-yuri-de-gortari","13":"first","14":"outofstock","15":"featured","16":"taxable","17":"shipping-taxable","18":"purchasable","19":"product-type-simple"},"yoast_head":"<!-- This site is optimized with the Yoast SEO plugin v26.1.1 - https:\/\/yoast.com\/wordpress\/plugins\/seo\/ -->\n<title>DE GORTARI KRAUSS YURI. GUISOS Y GOLOSOS DEL BARROCO -<\/title>\n<meta name=\"robots\" content=\"index, follow, max-snippet:-1, max-image-preview:large, max-video-preview:-1\" \/>\n<link rel=\"canonical\" href=\"https:\/\/antiqua.mx\/en\/product\/de-gortari-krauss-yuri-guisos-y-golosos-del-barroco\/\" \/>\n<meta property=\"og:locale\" content=\"en_US\" \/>\n<meta property=\"og:type\" content=\"article\" \/>\n<meta property=\"og:title\" content=\"DE GORTARI KRAUSS YURI. GUISOS Y GOLOSOS DEL BARROCO -\" \/>\n<meta property=\"og:description\" content=\"Editorial: Cl\u00edo  Primera edici\u00f3n  A\u00f1o 2000  R\u00fastico, en buenas condiciones. Tomo III.  LA COCINA VIRREINAL NOVOHISPANA.  Recetas de Edmundo Escamilla Sol\u00eds.  86 p\u00e1ginas\" \/>\n<meta property=\"og:url\" content=\"https:\/\/antiqua.mx\/en\/product\/de-gortari-krauss-yuri-guisos-y-golosos-del-barroco\/\" \/>\n<meta property=\"article:modified_time\" content=\"2026-03-25T21:27:15+00:00\" \/>\n<meta property=\"og:image\" content=\"https:\/\/antiqua.mx\/wp-content\/uploads\/2021\/10\/DE-GORTARI-KRAUSS-YURI.-GUISOS-Y-GOLOSOS-DEL-BARROCO.jpeg\" \/>\n\t<meta property=\"og:image:width\" content=\"1920\" \/>\n\t<meta property=\"og:image:height\" content=\"2560\" \/>\n\t<meta property=\"og:image:type\" content=\"image\/jpeg\" \/>\n<meta name=\"twitter:card\" content=\"summary_large_image\" \/>\n<meta name=\"twitter:label1\" content=\"Est. reading time\" \/>\n\t<meta name=\"twitter:data1\" content=\"1 minute\" \/>\n<script type=\"application\/ld+json\" class=\"yoast-schema-graph\">{\"@context\":\"https:\/\/schema.org\",\"@graph\":[{\"@type\":\"WebPage\",\"@id\":\"https:\/\/antiqua.mx\/producto\/de-gortari-krauss-yuri-guisos-y-golosos-del-barroco\/\",\"url\":\"https:\/\/antiqua.mx\/producto\/de-gortari-krauss-yuri-guisos-y-golosos-del-barroco\/\",\"name\":\"DE GORTARI KRAUSS YURI. GUISOS Y GOLOSOS DEL BARROCO -\",\"isPartOf\":{\"@id\":\"https:\/\/antiqua.mx\/en\/#website\"},\"primaryImageOfPage\":{\"@id\":\"https:\/\/antiqua.mx\/producto\/de-gortari-krauss-yuri-guisos-y-golosos-del-barroco\/#primaryimage\"},\"image\":{\"@id\":\"https:\/\/antiqua.mx\/producto\/de-gortari-krauss-yuri-guisos-y-golosos-del-barroco\/#primaryimage\"},\"thumbnailUrl\":\"https:\/\/antiqua.mx\/wp-content\/uploads\/2021\/10\/DE-GORTARI-KRAUSS-YURI.-GUISOS-Y-GOLOSOS-DEL-BARROCO.jpeg\",\"datePublished\":\"2021-10-16T22:38:42+00:00\",\"dateModified\":\"2026-03-25T21:27:15+00:00\",\"breadcrumb\":{\"@id\":\"https:\/\/antiqua.mx\/producto\/de-gortari-krauss-yuri-guisos-y-golosos-del-barroco\/#breadcrumb\"},\"inLanguage\":\"en-US\",\"potentialAction\":[{\"@type\":\"ReadAction\",\"target\":[\"https:\/\/antiqua.mx\/producto\/de-gortari-krauss-yuri-guisos-y-golosos-del-barroco\/\"]}]},{\"@type\":\"ImageObject\",\"inLanguage\":\"en-US\",\"@id\":\"https:\/\/antiqua.mx\/producto\/de-gortari-krauss-yuri-guisos-y-golosos-del-barroco\/#primaryimage\",\"url\":\"https:\/\/antiqua.mx\/wp-content\/uploads\/2021\/10\/DE-GORTARI-KRAUSS-YURI.-GUISOS-Y-GOLOSOS-DEL-BARROCO.jpeg\",\"contentUrl\":\"https:\/\/antiqua.mx\/wp-content\/uploads\/2021\/10\/DE-GORTARI-KRAUSS-YURI.-GUISOS-Y-GOLOSOS-DEL-BARROCO.jpeg\",\"width\":1920,\"height\":2560},{\"@type\":\"BreadcrumbList\",\"@id\":\"https:\/\/antiqua.mx\/producto\/de-gortari-krauss-yuri-guisos-y-golosos-del-barroco\/#breadcrumb\",\"itemListElement\":[{\"@type\":\"ListItem\",\"position\":1,\"name\":\"Portada\",\"item\":\"https:\/\/antiqua.mx\/en\/\"},{\"@type\":\"ListItem\",\"position\":2,\"name\":\"Tienda\",\"item\":\"https:\/\/antiqua.mx\/tienda\/\"},{\"@type\":\"ListItem\",\"position\":3,\"name\":\"DE GORTARI KRAUSS YURI. GUISOS Y GOLOSOS DEL BARROCO\"}]},{\"@type\":\"WebSite\",\"@id\":\"https:\/\/antiqua.mx\/en\/#website\",\"url\":\"https:\/\/antiqua.mx\/en\/\",\"name\":\"\",\"description\":\"\",\"potentialAction\":[{\"@type\":\"SearchAction\",\"target\":{\"@type\":\"EntryPoint\",\"urlTemplate\":\"https:\/\/antiqua.mx\/en\/?s={search_term_string}\"},\"query-input\":{\"@type\":\"PropertyValueSpecification\",\"valueRequired\":true,\"valueName\":\"search_term_string\"}}],\"inLanguage\":\"en-US\"}]}<\/script>\n<!-- \/ Yoast SEO plugin. -->","yoast_head_json":{"title":"DE GORTARI KRAUSS YURI. GUISOS Y GOLOSOS DEL BARROCO -","robots":{"index":"index","follow":"follow","max-snippet":"max-snippet:-1","max-image-preview":"max-image-preview:large","max-video-preview":"max-video-preview:-1"},"canonical":"https:\/\/antiqua.mx\/en\/product\/de-gortari-krauss-yuri-guisos-y-golosos-del-barroco\/","og_locale":"en_US","og_type":"article","og_title":"DE GORTARI KRAUSS YURI. GUISOS Y GOLOSOS DEL BARROCO -","og_description":"Editorial: Cl\u00edo  Primera edici\u00f3n  A\u00f1o 2000  R\u00fastico, en buenas condiciones. Tomo III.  LA COCINA VIRREINAL NOVOHISPANA.  Recetas de Edmundo Escamilla Sol\u00eds.  86 p\u00e1ginas","og_url":"https:\/\/antiqua.mx\/en\/product\/de-gortari-krauss-yuri-guisos-y-golosos-del-barroco\/","article_modified_time":"2026-03-25T21:27:15+00:00","og_image":[{"width":1920,"height":2560,"url":"https:\/\/antiqua.mx\/wp-content\/uploads\/2021\/10\/DE-GORTARI-KRAUSS-YURI.-GUISOS-Y-GOLOSOS-DEL-BARROCO.jpeg","type":"image\/jpeg"}],"twitter_card":"summary_large_image","twitter_misc":{"Est. reading time":"1 minute"},"schema":{"@context":"https:\/\/schema.org","@graph":[{"@type":"WebPage","@id":"https:\/\/antiqua.mx\/producto\/de-gortari-krauss-yuri-guisos-y-golosos-del-barroco\/","url":"https:\/\/antiqua.mx\/producto\/de-gortari-krauss-yuri-guisos-y-golosos-del-barroco\/","name":"DE GORTARI KRAUSS YURI. GUISOS Y GOLOSOS DEL BARROCO -","isPartOf":{"@id":"https:\/\/antiqua.mx\/en\/#website"},"primaryImageOfPage":{"@id":"https:\/\/antiqua.mx\/producto\/de-gortari-krauss-yuri-guisos-y-golosos-del-barroco\/#primaryimage"},"image":{"@id":"https:\/\/antiqua.mx\/producto\/de-gortari-krauss-yuri-guisos-y-golosos-del-barroco\/#primaryimage"},"thumbnailUrl":"https:\/\/antiqua.mx\/wp-content\/uploads\/2021\/10\/DE-GORTARI-KRAUSS-YURI.-GUISOS-Y-GOLOSOS-DEL-BARROCO.jpeg","datePublished":"2021-10-16T22:38:42+00:00","dateModified":"2026-03-25T21:27:15+00:00","breadcrumb":{"@id":"https:\/\/antiqua.mx\/producto\/de-gortari-krauss-yuri-guisos-y-golosos-del-barroco\/#breadcrumb"},"inLanguage":"en-US","potentialAction":[{"@type":"ReadAction","target":["https:\/\/antiqua.mx\/producto\/de-gortari-krauss-yuri-guisos-y-golosos-del-barroco\/"]}]},{"@type":"ImageObject","inLanguage":"en-US","@id":"https:\/\/antiqua.mx\/producto\/de-gortari-krauss-yuri-guisos-y-golosos-del-barroco\/#primaryimage","url":"https:\/\/antiqua.mx\/wp-content\/uploads\/2021\/10\/DE-GORTARI-KRAUSS-YURI.-GUISOS-Y-GOLOSOS-DEL-BARROCO.jpeg","contentUrl":"https:\/\/antiqua.mx\/wp-content\/uploads\/2021\/10\/DE-GORTARI-KRAUSS-YURI.-GUISOS-Y-GOLOSOS-DEL-BARROCO.jpeg","width":1920,"height":2560},{"@type":"BreadcrumbList","@id":"https:\/\/antiqua.mx\/producto\/de-gortari-krauss-yuri-guisos-y-golosos-del-barroco\/#breadcrumb","itemListElement":[{"@type":"ListItem","position":1,"name":"Portada","item":"https:\/\/antiqua.mx\/en\/"},{"@type":"ListItem","position":2,"name":"Tienda","item":"https:\/\/antiqua.mx\/tienda\/"},{"@type":"ListItem","position":3,"name":"DE GORTARI KRAUSS YURI. GUISOS Y GOLOSOS DEL BARROCO"}]},{"@type":"WebSite","@id":"https:\/\/antiqua.mx\/en\/#website","url":"https:\/\/antiqua.mx\/en\/","name":"","description":"","potentialAction":[{"@type":"SearchAction","target":{"@type":"EntryPoint","urlTemplate":"https:\/\/antiqua.mx\/en\/?s={search_term_string}"},"query-input":{"@type":"PropertyValueSpecification","valueRequired":true,"valueName":"search_term_string"}}],"inLanguage":"en-US"}]}},"jetpack_sharing_enabled":true,"_links":{"self":[{"href":"https:\/\/antiqua.mx\/en\/wp-json\/wp\/v2\/product\/9471","targetHints":{"allow":["GET"]}}],"collection":[{"href":"https:\/\/antiqua.mx\/en\/wp-json\/wp\/v2\/product"}],"about":[{"href":"https:\/\/antiqua.mx\/en\/wp-json\/wp\/v2\/types\/product"}],"replies":[{"embeddable":true,"href":"https:\/\/antiqua.mx\/en\/wp-json\/wp\/v2\/comments?post=9471"}],"wp:featuredmedia":[{"embeddable":true,"href":"https:\/\/antiqua.mx\/en\/wp-json\/wp\/v2\/media\/26305"}],"wp:attachment":[{"href":"https:\/\/antiqua.mx\/en\/wp-json\/wp\/v2\/media?parent=9471"}],"wp:term":[{"taxonomy":"product_brand","embeddable":true,"href":"https:\/\/antiqua.mx\/en\/wp-json\/wp\/v2\/product_brand?post=9471"},{"taxonomy":"product_cat","embeddable":true,"href":"https:\/\/antiqua.mx\/en\/wp-json\/wp\/v2\/product_cat?post=9471"},{"taxonomy":"product_tag","embeddable":true,"href":"https:\/\/antiqua.mx\/en\/wp-json\/wp\/v2\/product_tag?post=9471"}],"curies":[{"name":"wp","href":"https:\/\/api.w.org\/{rel}","templated":true}]}}