{"id":9668,"date":"2021-11-07T00:19:10","date_gmt":"2021-11-07T00:19:10","guid":{"rendered":"https:\/\/antiqua.mx\/?post_type=product&#038;p=9668"},"modified":"2025-02-19T23:16:59","modified_gmt":"2025-02-19T23:16:59","slug":"jueves-de-corpus","status":"publish","type":"product","link":"https:\/\/antiqua.mx\/en\/product\/jueves-de-corpus\/","title":{"rendered":"JUEVES DE CORPUS"},"content":{"rendered":"<p>Editorial: DI\u00d3GENES<\/p>\n<p>Primera edici\u00f3n<\/p>\n<p>A\u00f1o 1971<\/p>\n<p>R\u00fastico, en buenas condiciones. El empastado est\u00e1 maltratado.<\/p>\n<p>Pr\u00f3logo y selecci\u00f3n de Orlando Ortiz.<\/p>\n<p>El material fotogr\u00e1fico fue proporcionado por el peri\u00f3dico Exc\u00e9lsior y la Revista Por qu\u00e9?<\/p>\n<p><strong>ANTOLOG\u00cdAS TEM\u00c1TICAS 7.<\/strong><\/p>\n<p>Ejemplar No. 2306 de 3000.<\/p>\n<p>Impreso en M\u00e9xico.<\/p>\n<p>281 p\u00e1ginas<\/p>","protected":false},"excerpt":{"rendered":"<ul>\n<li>Editorial: DI\u00d3GENES<\/li>\n<li>Primera edici\u00f3n<\/li>\n<li>A\u00f1o 1971<\/li>\n<li>R\u00fastico, en buenas condiciones. El empastado est\u00e1 maltratado.<\/li>\n<li>Pr\u00f3logo y selecci\u00f3n de Orlando Ortiz.<\/li>\n<li>El material fotogr\u00e1fico fue proporcionado por el peri\u00f3dico Exc\u00e9lsior y la Revista Por qu\u00e9?<\/li>\n<li><strong>ANTOLOG\u00cdAS TEM\u00c1TICAS 7.<\/strong><\/li>\n<li>Ejemplar No. 2306 de 3000.<\/li>\n<li>Impreso en M\u00e9xico.<\/li>\n<li>281 p\u00e1ginas<\/li>\n<\/ul>","protected":false},"featured_media":10125,"comment_status":"open","ping_status":"closed","template":"","meta":{"_joinchat":[]},"product_brand":[],"product_cat":[375,1346],"product_tag":[2348,2010,2346,2347,2380],"class_list":{"0":"post-9668","1":"product","2":"type-product","3":"status-publish","6":"product_cat-mex","7":"product_cat-moves","8":"product_tag-10-de-junio-1971","9":"product_tag-excelsior","10":"product_tag-los-halcones","11":"product_tag-luis-echeverria","12":"product_tag-orlando-ortiz","14":"first","15":"instock","16":"featured","17":"taxable","18":"shipping-taxable","19":"purchasable","20":"product-type-simple"},"yoast_head":"<!-- This site is optimized with the Yoast SEO plugin v26.1.1 - https:\/\/yoast.com\/wordpress\/plugins\/seo\/ -->\n<title>JUEVES DE CORPUS -<\/title>\n<meta name=\"robots\" content=\"index, follow, max-snippet:-1, max-image-preview:large, max-video-preview:-1\" \/>\n<link rel=\"canonical\" href=\"https:\/\/antiqua.mx\/en\/product\/jueves-de-corpus\/\" \/>\n<meta property=\"og:locale\" content=\"en_US\" \/>\n<meta property=\"og:type\" content=\"article\" \/>\n<meta property=\"og:title\" content=\"JUEVES DE CORPUS -\" \/>\n<meta property=\"og:description\" content=\"Editorial: DI\u00d3GENES  Primera edici\u00f3n  A\u00f1o 1971  R\u00fastico, en buenas condiciones. El empastado est\u00e1 maltratado.  Pr\u00f3logo y selecci\u00f3n de Orlando Ortiz.  El material fotogr\u00e1fico fue proporcionado por el peri\u00f3dico Exc\u00e9lsior y la Revista Por qu\u00e9?  ANTOLOG\u00cdAS TEM\u00c1TICAS 7.  Ejemplar No. 2306 de 3000.  Impreso en M\u00e9xico.  281 p\u00e1ginas\" \/>\n<meta property=\"og:url\" content=\"https:\/\/antiqua.mx\/en\/product\/jueves-de-corpus\/\" \/>\n<meta property=\"article:modified_time\" content=\"2025-02-19T23:16:59+00:00\" \/>\n<meta property=\"og:image\" content=\"https:\/\/antiqua.mx\/wp-content\/uploads\/2021\/11\/184DC417-90F4-48C7-9C07-23822E2B7B4D-scaled.jpeg\" \/>\n\t<meta property=\"og:image:width\" content=\"1920\" \/>\n\t<meta property=\"og:image:height\" content=\"2560\" \/>\n\t<meta property=\"og:image:type\" content=\"image\/jpeg\" \/>\n<meta name=\"twitter:card\" content=\"summary_large_image\" \/>\n<script type=\"application\/ld+json\" class=\"yoast-schema-graph\">{\"@context\":\"https:\/\/schema.org\",\"@graph\":[{\"@type\":\"WebPage\",\"@id\":\"https:\/\/antiqua.mx\/en\/product\/jueves-de-corpus\/\",\"url\":\"https:\/\/antiqua.mx\/en\/product\/jueves-de-corpus\/\",\"name\":\"JUEVES DE CORPUS -\",\"isPartOf\":{\"@id\":\"https:\/\/antiqua.mx\/en\/#website\"},\"primaryImageOfPage\":{\"@id\":\"https:\/\/antiqua.mx\/en\/product\/jueves-de-corpus\/#primaryimage\"},\"image\":{\"@id\":\"https:\/\/antiqua.mx\/en\/product\/jueves-de-corpus\/#primaryimage\"},\"thumbnailUrl\":\"https:\/\/antiqua.mx\/wp-content\/uploads\/2021\/11\/184DC417-90F4-48C7-9C07-23822E2B7B4D-scaled.jpeg\",\"datePublished\":\"2021-11-07T00:19:10+00:00\",\"dateModified\":\"2025-02-19T23:16:59+00:00\",\"breadcrumb\":{\"@id\":\"https:\/\/antiqua.mx\/en\/product\/jueves-de-corpus\/#breadcrumb\"},\"inLanguage\":\"en-US\",\"potentialAction\":[{\"@type\":\"ReadAction\",\"target\":[\"https:\/\/antiqua.mx\/en\/product\/jueves-de-corpus\/\"]}]},{\"@type\":\"ImageObject\",\"inLanguage\":\"en-US\",\"@id\":\"https:\/\/antiqua.mx\/en\/product\/jueves-de-corpus\/#primaryimage\",\"url\":\"https:\/\/antiqua.mx\/wp-content\/uploads\/2021\/11\/184DC417-90F4-48C7-9C07-23822E2B7B4D-scaled.jpeg\",\"contentUrl\":\"https:\/\/antiqua.mx\/wp-content\/uploads\/2021\/11\/184DC417-90F4-48C7-9C07-23822E2B7B4D-scaled.jpeg\",\"width\":1920,\"height\":2560},{\"@type\":\"BreadcrumbList\",\"@id\":\"https:\/\/antiqua.mx\/en\/product\/jueves-de-corpus\/#breadcrumb\",\"itemListElement\":[{\"@type\":\"ListItem\",\"position\":1,\"name\":\"Portada\",\"item\":\"https:\/\/antiqua.mx\/en\/\"},{\"@type\":\"ListItem\",\"position\":2,\"name\":\"Tienda\",\"item\":\"https:\/\/antiqua.mx\/tienda\/\"},{\"@type\":\"ListItem\",\"position\":3,\"name\":\"JUEVES DE CORPUS\"}]},{\"@type\":\"WebSite\",\"@id\":\"https:\/\/antiqua.mx\/en\/#website\",\"url\":\"https:\/\/antiqua.mx\/en\/\",\"name\":\"\",\"description\":\"\",\"potentialAction\":[{\"@type\":\"SearchAction\",\"target\":{\"@type\":\"EntryPoint\",\"urlTemplate\":\"https:\/\/antiqua.mx\/en\/?s={search_term_string}\"},\"query-input\":{\"@type\":\"PropertyValueSpecification\",\"valueRequired\":true,\"valueName\":\"search_term_string\"}}],\"inLanguage\":\"en-US\"}]}<\/script>\n<!-- \/ Yoast SEO plugin. -->","yoast_head_json":{"title":"JUEVES DE CORPUS -","robots":{"index":"index","follow":"follow","max-snippet":"max-snippet:-1","max-image-preview":"max-image-preview:large","max-video-preview":"max-video-preview:-1"},"canonical":"https:\/\/antiqua.mx\/en\/product\/jueves-de-corpus\/","og_locale":"en_US","og_type":"article","og_title":"JUEVES DE CORPUS -","og_description":"Editorial: DI\u00d3GENES  Primera edici\u00f3n  A\u00f1o 1971  R\u00fastico, en buenas condiciones. El empastado est\u00e1 maltratado.  Pr\u00f3logo y selecci\u00f3n de Orlando Ortiz.  El material fotogr\u00e1fico fue proporcionado por el peri\u00f3dico Exc\u00e9lsior y la Revista Por qu\u00e9?  ANTOLOG\u00cdAS TEM\u00c1TICAS 7.  Ejemplar No. 2306 de 3000.  Impreso en M\u00e9xico.  281 p\u00e1ginas","og_url":"https:\/\/antiqua.mx\/en\/product\/jueves-de-corpus\/","article_modified_time":"2025-02-19T23:16:59+00:00","og_image":[{"width":1920,"height":2560,"url":"https:\/\/antiqua.mx\/wp-content\/uploads\/2021\/11\/184DC417-90F4-48C7-9C07-23822E2B7B4D-scaled.jpeg","type":"image\/jpeg"}],"twitter_card":"summary_large_image","schema":{"@context":"https:\/\/schema.org","@graph":[{"@type":"WebPage","@id":"https:\/\/antiqua.mx\/en\/product\/jueves-de-corpus\/","url":"https:\/\/antiqua.mx\/en\/product\/jueves-de-corpus\/","name":"JUEVES DE CORPUS -","isPartOf":{"@id":"https:\/\/antiqua.mx\/en\/#website"},"primaryImageOfPage":{"@id":"https:\/\/antiqua.mx\/en\/product\/jueves-de-corpus\/#primaryimage"},"image":{"@id":"https:\/\/antiqua.mx\/en\/product\/jueves-de-corpus\/#primaryimage"},"thumbnailUrl":"https:\/\/antiqua.mx\/wp-content\/uploads\/2021\/11\/184DC417-90F4-48C7-9C07-23822E2B7B4D-scaled.jpeg","datePublished":"2021-11-07T00:19:10+00:00","dateModified":"2025-02-19T23:16:59+00:00","breadcrumb":{"@id":"https:\/\/antiqua.mx\/en\/product\/jueves-de-corpus\/#breadcrumb"},"inLanguage":"en-US","potentialAction":[{"@type":"ReadAction","target":["https:\/\/antiqua.mx\/en\/product\/jueves-de-corpus\/"]}]},{"@type":"ImageObject","inLanguage":"en-US","@id":"https:\/\/antiqua.mx\/en\/product\/jueves-de-corpus\/#primaryimage","url":"https:\/\/antiqua.mx\/wp-content\/uploads\/2021\/11\/184DC417-90F4-48C7-9C07-23822E2B7B4D-scaled.jpeg","contentUrl":"https:\/\/antiqua.mx\/wp-content\/uploads\/2021\/11\/184DC417-90F4-48C7-9C07-23822E2B7B4D-scaled.jpeg","width":1920,"height":2560},{"@type":"BreadcrumbList","@id":"https:\/\/antiqua.mx\/en\/product\/jueves-de-corpus\/#breadcrumb","itemListElement":[{"@type":"ListItem","position":1,"name":"Portada","item":"https:\/\/antiqua.mx\/en\/"},{"@type":"ListItem","position":2,"name":"Tienda","item":"https:\/\/antiqua.mx\/tienda\/"},{"@type":"ListItem","position":3,"name":"JUEVES DE CORPUS"}]},{"@type":"WebSite","@id":"https:\/\/antiqua.mx\/en\/#website","url":"https:\/\/antiqua.mx\/en\/","name":"","description":"","potentialAction":[{"@type":"SearchAction","target":{"@type":"EntryPoint","urlTemplate":"https:\/\/antiqua.mx\/en\/?s={search_term_string}"},"query-input":{"@type":"PropertyValueSpecification","valueRequired":true,"valueName":"search_term_string"}}],"inLanguage":"en-US"}]}},"jetpack_sharing_enabled":true,"_links":{"self":[{"href":"https:\/\/antiqua.mx\/en\/wp-json\/wp\/v2\/product\/9668","targetHints":{"allow":["GET"]}}],"collection":[{"href":"https:\/\/antiqua.mx\/en\/wp-json\/wp\/v2\/product"}],"about":[{"href":"https:\/\/antiqua.mx\/en\/wp-json\/wp\/v2\/types\/product"}],"replies":[{"embeddable":true,"href":"https:\/\/antiqua.mx\/en\/wp-json\/wp\/v2\/comments?post=9668"}],"wp:featuredmedia":[{"embeddable":true,"href":"https:\/\/antiqua.mx\/en\/wp-json\/wp\/v2\/media\/10125"}],"wp:attachment":[{"href":"https:\/\/antiqua.mx\/en\/wp-json\/wp\/v2\/media?parent=9668"}],"wp:term":[{"taxonomy":"product_brand","embeddable":true,"href":"https:\/\/antiqua.mx\/en\/wp-json\/wp\/v2\/product_brand?post=9668"},{"taxonomy":"product_cat","embeddable":true,"href":"https:\/\/antiqua.mx\/en\/wp-json\/wp\/v2\/product_cat?post=9668"},{"taxonomy":"product_tag","embeddable":true,"href":"https:\/\/antiqua.mx\/en\/wp-json\/wp\/v2\/product_tag?post=9668"}],"curies":[{"name":"wp","href":"https:\/\/api.w.org\/{rel}","templated":true}]}}